{"id":872,"date":"2017-06-18T14:04:35","date_gmt":"2017-06-18T12:04:35","guid":{"rendered":"http:\/\/claudissimo-music.de\/?page_id=872"},"modified":"2024-10-15T19:32:45","modified_gmt":"2024-10-15T17:32:45","slug":"drehleier-unterricht","status":"publish","type":"page","link":"https:\/\/claudissimo-music.de\/en\/drehleier-unterricht\/","title":{"rendered":"Hurdy-Gurdy lessons"},"content":{"rendered":"<h1><span style=\"font-family: comic sans ms, sans-serif; font-size: 16pt; color: #9635bd;\">Individual hurdy-gurdy lessons<\/span><\/h1>\n<p><a href=\"http:\/\/claudissimo-music.de\/wp-content\/uploads\/2018\/01\/Claudia_spielt_Drehleier5.jpg\"><img loading=\"lazy\" decoding=\"async\" class=\"alignleft wp-image-1385 size-medium\" src=\"http:\/\/claudissimo-music.de\/wp-content\/uploads\/2018\/01\/Claudia_spielt_Drehleier5-300x200.jpg\" alt=\"\" width=\"300\" height=\"200\" srcset=\"https:\/\/claudissimo-music.de\/wp-content\/uploads\/2018\/01\/Claudia_spielt_Drehleier5-300x200.jpg 300w, https:\/\/claudissimo-music.de\/wp-content\/uploads\/2018\/01\/Claudia_spielt_Drehleier5-768x512.jpg 768w, https:\/\/claudissimo-music.de\/wp-content\/uploads\/2018\/01\/Claudia_spielt_Drehleier5-1024x682.jpg 1024w, https:\/\/claudissimo-music.de\/wp-content\/uploads\/2018\/01\/Claudia_spielt_Drehleier5.jpg 1280w\" sizes=\"auto, (max-width: 300px) 100vw, 300px\" \/><\/a>We deal with rhythms, phrasing and accompaniment techniques in the area of the snare, learn melodies of pieces and songs.<\/p>\n<p>The combination of the snare with the melody results in a separate one-person orchestra that unites the melody, the bass and the drums in one instrument.<\/p>\n<p><div id=\"metaslider-id-865\" style=\"width: 100%; margin: 0 auto;\" class=\"ml-slider-3-101-0 metaslider metaslider-nivo metaslider-865 ml-slider ms-theme-default\" role=\"region\" aria-label=\"Joanna\" data-height=\"530\" data-width=\"800\">\n    <div id=\"metaslider_container_865\">\n        <div class='slider-wrapper theme-default'><div class='ribbon'><\/div><div id='metaslider_865' class='nivoSlider'><img loading=\"lazy\" decoding=\"async\" src=\"https:\/\/claudissimo-music.de\/wp-content\/uploads\/2023\/12\/20231227_151813-1-scaled-800x530.jpg\" height=\"530\" width=\"800\" title=\"20231227_151813-1\" alt=\"\" class=\"slider-865 slide-3613 msDefaultImage\" \/><img loading=\"lazy\" decoding=\"async\" src=\"https:\/\/claudissimo-music.de\/wp-content\/uploads\/2023\/12\/20231227_151811-1-scaled-800x530.jpg\" height=\"530\" width=\"800\" title=\"20231227_151811-1\" alt=\"\" class=\"slider-865 slide-3614 msDefaultImage\" \/><img loading=\"lazy\" decoding=\"async\" src=\"https:\/\/claudissimo-music.de\/wp-content\/uploads\/2023\/12\/20231227_180524-1-scaled-800x530.jpg\" height=\"530\" width=\"800\" title=\"20231227_180524-1\" alt=\"\" class=\"slider-865 slide-3612 msDefaultImage\" \/><img loading=\"lazy\" decoding=\"async\" src=\"https:\/\/claudissimo-music.de\/wp-content\/uploads\/2023\/12\/20231228_154724-1-scaled-800x530.jpg\" height=\"530\" width=\"800\" title=\"20231228_154724-1\" alt=\"\" class=\"slider-865 slide-3608 msDefaultImage\" \/><img loading=\"lazy\" decoding=\"async\" src=\"https:\/\/claudissimo-music.de\/wp-content\/uploads\/2023\/12\/20231228_150024-1-scaled-800x530.jpg\" height=\"530\" width=\"800\" title=\"20231228_150024-1\" alt=\"\" class=\"slider-865 slide-3609 msDefaultImage\" \/><img loading=\"lazy\" decoding=\"async\" src=\"https:\/\/claudissimo-music.de\/wp-content\/uploads\/2023\/12\/20231228_150013-1-scaled-800x530.jpg\" height=\"530\" width=\"800\" title=\"20231228_150013-1\" alt=\"\" class=\"slider-865 slide-3610 msDefaultImage\" \/><img loading=\"lazy\" decoding=\"async\" src=\"https:\/\/claudissimo-music.de\/wp-content\/uploads\/2023\/12\/20231227_180543-1-scaled-800x530.jpg\" height=\"530\" width=\"800\" title=\"20231227_180543-1\" alt=\"\" class=\"slider-865 slide-3611 msDefaultImage\" \/><img loading=\"lazy\" decoding=\"async\" src=\"https:\/\/claudissimo-music.de\/wp-content\/uploads\/2023\/12\/20231228_154912-1-scaled-800x530.jpg\" height=\"530\" width=\"800\" title=\"20231228_154912-1\" alt=\"\" class=\"slider-865 slide-3607 msDefaultImage\" \/><\/div><\/div>\n        \n    <\/div>\n<\/div><br \/>\nThe pictures show examples of hurdy-gurdy lessons in presence.<\/p>\n<p><span style=\"color: #3735ab;\"><strong>We agree on the duration and frequency of lessons together.<\/strong><\/span><\/p>\n<p><a href=\"http:\/\/claudissimo-music.de\/wp-content\/uploads\/2018\/01\/Claudia_spielt_Drehleier4.jpg\"><img loading=\"lazy\" decoding=\"async\" class=\"alignright wp-image-1384 size-medium\" src=\"http:\/\/claudissimo-music.de\/wp-content\/uploads\/2018\/01\/Claudia_spielt_Drehleier4-300x200.jpg\" alt=\"\" width=\"300\" height=\"200\" srcset=\"https:\/\/claudissimo-music.de\/wp-content\/uploads\/2018\/01\/Claudia_spielt_Drehleier4-300x200.jpg 300w, https:\/\/claudissimo-music.de\/wp-content\/uploads\/2018\/01\/Claudia_spielt_Drehleier4-768x512.jpg 768w, https:\/\/claudissimo-music.de\/wp-content\/uploads\/2018\/01\/Claudia_spielt_Drehleier4-1024x682.jpg 1024w, https:\/\/claudissimo-music.de\/wp-content\/uploads\/2018\/01\/Claudia_spielt_Drehleier4.jpg 1280w\" sizes=\"auto, (max-width: 300px) 100vw, 300px\" \/><\/a>The lesson content is also adapted and carried out entirely according to your wishes.<\/p>\n<p><a href=\"https:\/\/claudissimo-music.de\/wp-content\/uploads\/2023\/10\/Drehleier_Schuelerin_S.jpg\"><img loading=\"lazy\" decoding=\"async\" class=\"wp-image-3511  alignleft size-medium\" src=\"https:\/\/claudissimo-music.de\/wp-content\/uploads\/2023\/10\/Drehleier_Schuelerin_S.jpg\" alt=\"\" width=\"214\" height=\"309\" srcset=\"https:\/\/claudissimo-music.de\/wp-content\/uploads\/2023\/10\/Drehleier_Schuelerin_S.jpg 1039w, https:\/\/claudissimo-music.de\/wp-content\/uploads\/2023\/10\/Drehleier_Schuelerin_S-208x300.jpg 208w, https:\/\/claudissimo-music.de\/wp-content\/uploads\/2023\/10\/Drehleier_Schuelerin_S-710x1024.jpg 710w, https:\/\/claudissimo-music.de\/wp-content\/uploads\/2023\/10\/Drehleier_Schuelerin_S-768x1107.jpg 768w\" sizes=\"auto, (max-width: 214px) 100vw, 214px\" \/><\/a>My youngest hurdy-gurdy student visited me at our concert, which I was particularly pleased about.<\/p>","protected":false},"excerpt":{"rendered":"<p>Individueller Drehleier Unterricht Wir besch\u00e4ftigen uns mit Rhythmen, Phrasierung und Begleittechniken im Bereich der Schnarre, lernen Melodien von St\u00fccken und Liedern. Die Zusammenf\u00fchrung der Schnarre mit der Melodie ergibt ein eigenes Ein-Personen-Orchester, das die Melodie, den Bass und das Schlagzeug in einem Instrument vereint. Die Bilder zeigen exemplarisch Drehleier Unterricht in Pr\u00e4senz. Unterrichtsdauer und H\u00e4ufigkeit &hellip; <a href=\"https:\/\/claudissimo-music.de\/en\/drehleier-unterricht\/\" class=\"more-link\">Continue reading <span class=\"screen-reader-text\">Hurdy-Gurdy lessons<\/span> <span class=\"meta-nav\">&rarr;<\/span><\/a><\/p>","protected":false},"author":1,"featured_media":0,"parent":0,"menu_order":0,"comment_status":"closed","ping_status":"closed","template":"","meta":{"_monsterinsights_skip_tracking":false,"_monsterinsights_sitenote_active":false,"_monsterinsights_sitenote_note":"","_monsterinsights_sitenote_category":0,"footnotes":""},"class_list":["post-872","page","type-page","status-publish","hentry"],"_links":{"self":[{"href":"https:\/\/claudissimo-music.de\/en\/wp-json\/wp\/v2\/pages\/872","targetHints":{"allow":["GET"]}}],"collection":[{"href":"https:\/\/claudissimo-music.de\/en\/wp-json\/wp\/v2\/pages"}],"about":[{"href":"https:\/\/claudissimo-music.de\/en\/wp-json\/wp\/v2\/types\/page"}],"author":[{"embeddable":true,"href":"https:\/\/claudissimo-music.de\/en\/wp-json\/wp\/v2\/users\/1"}],"replies":[{"embeddable":true,"href":"https:\/\/claudissimo-music.de\/en\/wp-json\/wp\/v2\/comments?post=872"}],"version-history":[{"count":27,"href":"https:\/\/claudissimo-music.de\/en\/wp-json\/wp\/v2\/pages\/872\/revisions"}],"predecessor-version":[{"id":4090,"href":"https:\/\/claudissimo-music.de\/en\/wp-json\/wp\/v2\/pages\/872\/revisions\/4090"}],"wp:attachment":[{"href":"https:\/\/claudissimo-music.de\/en\/wp-json\/wp\/v2\/media?parent=872"}],"curies":[{"name":"wp","href":"https:\/\/api.w.org\/{rel}","templated":true}]}}