{"id":783,"date":"2017-05-27T18:30:51","date_gmt":"2017-05-27T16:30:51","guid":{"rendered":"http:\/\/claudissimo-music.de\/?page_id=783"},"modified":"2021-01-05T15:01:37","modified_gmt":"2021-01-05T14:01:37","slug":"herbstzeitlose","status":"publish","type":"page","link":"https:\/\/claudissimo-music.de\/en\/herbstzeitlose\/","title":{"rendered":"Autumn crocus"},"content":{"rendered":"<h1><span style=\"color: #9635bd; font-family: comic sans ms, sans-serif; font-size: 16pt;\">Our duo played at each of their events<\/span><\/h1>\n<p>We have disbanded. But it was a wonderful and valuable time. So here are a few more pictures and impressions:<\/p>\n<p><div id=\"metaslider-id-785\" style=\"width: 100%; margin: 0 auto;\" class=\"ml-slider-3-101-0 metaslider metaslider-nivo metaslider-785 ml-slider ms-theme-default\" role=\"region\" aria-label=\"Jubil\u00e4umsturm Plochingen\" data-height=\"450\" data-width=\"800\">\n    <div id=\"metaslider_container_785\">\n        <div class='slider-wrapper theme-default'><div class='ribbon'><\/div><div id='metaslider_785' class='nivoSlider'><img loading=\"lazy\" decoding=\"async\" src=\"https:\/\/claudissimo-music.de\/wp-content\/uploads\/2017\/05\/20170527_115152-1024x576-800x450.jpg\" height=\"450\" width=\"800\" alt=\"\" class=\"slider-785 slide-795 msDefaultImage\" \/><img loading=\"lazy\" decoding=\"async\" src=\"https:\/\/claudissimo-music.de\/wp-content\/uploads\/2017\/05\/20170527_113726-1024x576-800x450.jpg\" height=\"450\" width=\"800\" alt=\"\" class=\"slider-785 slide-821 msDefaultImage\" \/><img loading=\"lazy\" decoding=\"async\" src=\"https:\/\/claudissimo-music.de\/wp-content\/uploads\/2017\/05\/20170527_115204-1024x576-800x450.jpg\" height=\"450\" width=\"800\" alt=\"\" class=\"slider-785 slide-793 msDefaultImage\" \/><img loading=\"lazy\" decoding=\"async\" src=\"https:\/\/claudissimo-music.de\/wp-content\/uploads\/2017\/05\/20170527_115007-1024x576-800x450.jpg\" height=\"450\" width=\"800\" alt=\"\" class=\"slider-785 slide-798 msDefaultImage\" \/><img loading=\"lazy\" decoding=\"async\" src=\"https:\/\/claudissimo-music.de\/wp-content\/uploads\/2017\/05\/20170527_114628-1024x576-800x450.jpg\" height=\"450\" width=\"800\" alt=\"\" class=\"slider-785 slide-804 msDefaultImage\" \/><img loading=\"lazy\" decoding=\"async\" src=\"https:\/\/claudissimo-music.de\/wp-content\/uploads\/2017\/05\/20170527_114958-1024x576-800x450.jpg\" height=\"450\" width=\"800\" alt=\"\" class=\"slider-785 slide-799 msDefaultImage\" \/><img loading=\"lazy\" decoding=\"async\" src=\"https:\/\/claudissimo-music.de\/wp-content\/uploads\/2017\/05\/20170527_114146-1024x576-800x450.jpg\" height=\"450\" width=\"800\" alt=\"\" class=\"slider-785 slide-812 msDefaultImage\" \/><img loading=\"lazy\" decoding=\"async\" src=\"https:\/\/claudissimo-music.de\/wp-content\/uploads\/2017\/05\/20170527_114657-1024x576-800x450.jpg\" height=\"450\" width=\"800\" alt=\"\" class=\"slider-785 slide-803 msDefaultImage\" \/><img loading=\"lazy\" decoding=\"async\" src=\"https:\/\/claudissimo-music.de\/wp-content\/uploads\/2017\/05\/20170527_114216-1024x576-800x450.jpg\" height=\"450\" width=\"800\" alt=\"\" class=\"slider-785 slide-808 msDefaultImage\" \/><img loading=\"lazy\" decoding=\"async\" src=\"https:\/\/claudissimo-music.de\/wp-content\/uploads\/2017\/05\/20170527_113346-1024x576-800x450.jpg\" height=\"450\" width=\"800\" alt=\"\" class=\"slider-785 slide-826 msDefaultImage\" \/><img loading=\"lazy\" decoding=\"async\" src=\"https:\/\/claudissimo-music.de\/wp-content\/uploads\/2017\/05\/20170527_115649-1024x576-800x450.jpg\" height=\"450\" width=\"800\" alt=\"\" class=\"slider-785 slide-788 msDefaultImage\" \/><img loading=\"lazy\" decoding=\"async\" src=\"https:\/\/claudissimo-music.de\/wp-content\/uploads\/2017\/05\/20170527_113341-1024x576-800x450.jpg\" height=\"450\" width=\"800\" alt=\"\" class=\"slider-785 slide-827 msDefaultImage\" \/><img loading=\"lazy\" decoding=\"async\" src=\"https:\/\/claudissimo-music.de\/wp-content\/uploads\/2017\/05\/20170527_115029-1024x576-800x450.jpg\" height=\"450\" width=\"800\" alt=\"\" class=\"slider-785 slide-797 msDefaultImage\" \/><img loading=\"lazy\" decoding=\"async\" src=\"https:\/\/claudissimo-music.de\/wp-content\/uploads\/2017\/05\/20170527_114040-1024x576-800x450.jpg\" height=\"450\" width=\"800\" alt=\"\" class=\"slider-785 slide-815 msDefaultImage\" \/><img loading=\"lazy\" decoding=\"async\" src=\"https:\/\/claudissimo-music.de\/wp-content\/uploads\/2017\/05\/20170527_115034-1024x576-800x450.jpg\" height=\"450\" width=\"800\" alt=\"\" class=\"slider-785 slide-796 msDefaultImage\" \/><img loading=\"lazy\" decoding=\"async\" src=\"https:\/\/claudissimo-music.de\/wp-content\/uploads\/2017\/05\/20170527_114740-1024x576-800x450.jpg\" height=\"450\" width=\"800\" alt=\"\" class=\"slider-785 slide-801 msDefaultImage\" \/><img loading=\"lazy\" decoding=\"async\" src=\"https:\/\/claudissimo-music.de\/wp-content\/uploads\/2017\/05\/20170527_113337-1024x576-800x450.jpg\" height=\"450\" width=\"800\" alt=\"\" class=\"slider-785 slide-828 msDefaultImage\" \/><img loading=\"lazy\" decoding=\"async\" src=\"https:\/\/claudissimo-music.de\/wp-content\/uploads\/2017\/05\/20170527_113300-1024x576-800x450.jpg\" height=\"450\" width=\"800\" alt=\"\" class=\"slider-785 slide-830 msDefaultImage\" \/><img loading=\"lazy\" decoding=\"async\" src=\"https:\/\/claudissimo-music.de\/wp-content\/uploads\/2017\/05\/20170527_113357-1024x576-800x450.jpg\" height=\"450\" width=\"800\" alt=\"\" class=\"slider-785 slide-825 msDefaultImage\" \/><img loading=\"lazy\" decoding=\"async\" src=\"https:\/\/claudissimo-music.de\/wp-content\/uploads\/2017\/05\/20170527_113741-1024x576-800x450.jpg\" height=\"450\" width=\"800\" alt=\"\" class=\"slider-785 slide-819 msDefaultImage\" \/><img loading=\"lazy\" decoding=\"async\" src=\"https:\/\/claudissimo-music.de\/wp-content\/uploads\/2017\/05\/20170527_114711-1024x576-800x450.jpg\" height=\"450\" width=\"800\" alt=\"\" class=\"slider-785 slide-802 msDefaultImage\" \/><img loading=\"lazy\" decoding=\"async\" src=\"https:\/\/claudissimo-music.de\/wp-content\/uploads\/2017\/05\/20170527_113049-1024x576-800x450.jpg\" height=\"450\" width=\"800\" alt=\"\" class=\"slider-785 slide-835 msDefaultImage\" \/><img loading=\"lazy\" decoding=\"async\" src=\"https:\/\/claudissimo-music.de\/wp-content\/uploads\/2017\/05\/20170527_113720-1024x576-800x450.jpg\" height=\"450\" width=\"800\" alt=\"\" class=\"slider-785 slide-822 msDefaultImage\" \/><img loading=\"lazy\" decoding=\"async\" src=\"https:\/\/claudissimo-music.de\/wp-content\/uploads\/2017\/05\/20170527_114222-1024x576-800x450.jpg\" height=\"450\" width=\"800\" alt=\"\" class=\"slider-785 slide-807 msDefaultImage\" \/><img loading=\"lazy\" decoding=\"async\" src=\"https:\/\/claudissimo-music.de\/wp-content\/uploads\/2017\/05\/20170527_115633-1024x576-800x450.jpg\" height=\"450\" width=\"800\" alt=\"\" class=\"slider-785 slide-790 msDefaultImage\" \/><img loading=\"lazy\" decoding=\"async\" src=\"https:\/\/claudissimo-music.de\/wp-content\/uploads\/2017\/05\/20170527_115621-1024x576-800x450.jpg\" height=\"450\" width=\"800\" alt=\"\" class=\"slider-785 slide-792 msDefaultImage\" \/><img loading=\"lazy\" decoding=\"async\" src=\"https:\/\/claudissimo-music.de\/wp-content\/uploads\/2017\/05\/20170527_115628-1024x576-800x450.jpg\" height=\"450\" width=\"800\" alt=\"\" class=\"slider-785 slide-791 msDefaultImage\" \/><img loading=\"lazy\" decoding=\"async\" src=\"https:\/\/claudissimo-music.de\/wp-content\/uploads\/2017\/05\/20170527_114213-1024x576-800x450.jpg\" height=\"450\" width=\"800\" alt=\"\" class=\"slider-785 slide-809 msDefaultImage\" \/><img loading=\"lazy\" decoding=\"async\" src=\"https:\/\/claudissimo-music.de\/wp-content\/uploads\/2017\/05\/20170527_113642-1024x576-800x450.jpg\" height=\"450\" width=\"800\" alt=\"\" class=\"slider-785 slide-824 msDefaultImage\" \/><img loading=\"lazy\" decoding=\"async\" src=\"https:\/\/claudissimo-music.de\/wp-content\/uploads\/2017\/05\/20170527_114151-1024x576-800x450.jpg\" height=\"450\" width=\"800\" alt=\"\" class=\"slider-785 slide-811 msDefaultImage\" \/><img loading=\"lazy\" decoding=\"async\" src=\"https:\/\/claudissimo-music.de\/wp-content\/uploads\/2017\/05\/20170527_113102-1024x576-800x450.jpg\" height=\"450\" width=\"800\" alt=\"\" class=\"slider-785 slide-833 msDefaultImage\" \/><img loading=\"lazy\" decoding=\"async\" src=\"https:\/\/claudissimo-music.de\/wp-content\/uploads\/2017\/05\/20170527_113806-1024x576-800x450.jpg\" height=\"450\" width=\"800\" alt=\"\" class=\"slider-785 slide-818 msDefaultImage\" \/><img loading=\"lazy\" decoding=\"async\" src=\"https:\/\/claudissimo-music.de\/wp-content\/uploads\/2017\/05\/20170527_114231-1024x576-800x450.jpg\" height=\"450\" width=\"800\" alt=\"\" class=\"slider-785 slide-806 msDefaultImage\" \/><img loading=\"lazy\" decoding=\"async\" src=\"https:\/\/claudissimo-music.de\/wp-content\/uploads\/2017\/05\/20170527_113254-1024x576-800x450.jpg\" height=\"450\" width=\"800\" alt=\"\" class=\"slider-785 slide-831 msDefaultImage\" \/><img loading=\"lazy\" decoding=\"async\" src=\"https:\/\/claudissimo-music.de\/wp-content\/uploads\/2017\/05\/20170527_115638-1024x576-800x450.jpg\" height=\"450\" width=\"800\" alt=\"\" class=\"slider-785 slide-789 msDefaultImage\" \/><img loading=\"lazy\" decoding=\"async\" src=\"https:\/\/claudissimo-music.de\/wp-content\/uploads\/2017\/05\/20170527_113053-1024x576-800x450.jpg\" height=\"450\" width=\"800\" alt=\"\" class=\"slider-785 slide-834 msDefaultImage\" \/><img loading=\"lazy\" decoding=\"async\" src=\"https:\/\/claudissimo-music.de\/wp-content\/uploads\/2017\/05\/20170527_115652-1024x576-800x450.jpg\" height=\"450\" width=\"800\" alt=\"\" class=\"slider-785 slide-787 msDefaultImage\" \/><img loading=\"lazy\" decoding=\"async\" src=\"https:\/\/claudissimo-music.de\/wp-content\/uploads\/2017\/05\/20170527_114845-1024x576-800x450.jpg\" height=\"450\" width=\"800\" alt=\"\" class=\"slider-785 slide-800 msDefaultImage\" \/><img loading=\"lazy\" decoding=\"async\" src=\"https:\/\/claudissimo-music.de\/wp-content\/uploads\/2017\/05\/20170527_113738-1024x576-800x450.jpg\" height=\"450\" width=\"800\" alt=\"\" class=\"slider-785 slide-820 msDefaultImage\" \/><img loading=\"lazy\" decoding=\"async\" src=\"https:\/\/claudissimo-music.de\/wp-content\/uploads\/2017\/05\/20170527_114019-1024x576-800x450.jpg\" height=\"450\" width=\"800\" alt=\"\" class=\"slider-785 slide-816 msDefaultImage\" \/><img loading=\"lazy\" decoding=\"async\" src=\"https:\/\/claudissimo-music.de\/wp-content\/uploads\/2017\/05\/20170527_115656-1024x576-800x450.jpg\" height=\"450\" width=\"800\" alt=\"\" class=\"slider-785 slide-786 msDefaultImage\" \/><img loading=\"lazy\" decoding=\"async\" src=\"https:\/\/claudissimo-music.de\/wp-content\/uploads\/2017\/05\/20170527_113110-1024x576-800x450.jpg\" height=\"450\" width=\"800\" alt=\"\" class=\"slider-785 slide-832 msDefaultImage\" \/><img loading=\"lazy\" decoding=\"async\" src=\"https:\/\/claudissimo-music.de\/wp-content\/uploads\/2017\/05\/20170527_113328-1024x576-800x450.jpg\" height=\"450\" width=\"800\" alt=\"\" class=\"slider-785 slide-829 msDefaultImage\" \/><img loading=\"lazy\" decoding=\"async\" src=\"https:\/\/claudissimo-music.de\/wp-content\/uploads\/2017\/05\/20170527_115157-1024x576-800x450.jpg\" height=\"450\" width=\"800\" alt=\"\" class=\"slider-785 slide-794 msDefaultImage\" \/><img loading=\"lazy\" decoding=\"async\" src=\"https:\/\/claudissimo-music.de\/wp-content\/uploads\/2017\/05\/20170527_114123-1024x576-800x450.jpg\" height=\"450\" width=\"800\" alt=\"\" class=\"slider-785 slide-814 msDefaultImage\" \/><img loading=\"lazy\" decoding=\"async\" src=\"https:\/\/claudissimo-music.de\/wp-content\/uploads\/2017\/05\/20170527_114611-1024x576-800x450.jpg\" height=\"450\" width=\"800\" alt=\"\" class=\"slider-785 slide-805 msDefaultImage\" \/><img loading=\"lazy\" decoding=\"async\" src=\"https:\/\/claudissimo-music.de\/wp-content\/uploads\/2017\/05\/20170527_114205-1024x576-800x450.jpg\" height=\"450\" width=\"800\" alt=\"\" class=\"slider-785 slide-810 msDefaultImage\" \/><img loading=\"lazy\" decoding=\"async\" src=\"https:\/\/claudissimo-music.de\/wp-content\/uploads\/2017\/05\/20170527_114003-1024x576-800x450.jpg\" height=\"450\" width=\"800\" alt=\"\" class=\"slider-785 slide-817 msDefaultImage\" \/><img loading=\"lazy\" decoding=\"async\" src=\"https:\/\/claudissimo-music.de\/wp-content\/uploads\/2017\/05\/20170527_114134-1024x576-800x450.jpg\" height=\"450\" width=\"800\" alt=\"\" class=\"slider-785 slide-813 msDefaultImage\" \/><img loading=\"lazy\" decoding=\"async\" src=\"https:\/\/claudissimo-music.de\/wp-content\/uploads\/2017\/05\/20170527_113717-1024x576-800x450.jpg\" height=\"450\" width=\"800\" alt=\"\" class=\"slider-785 slide-823 msDefaultImage\" \/><\/div><\/div>\n        \n    <\/div>\n<\/div><br \/>\nPictures from a campaign around the Jubilee Tower in Plochingen.<\/p>\n<p>We played hurdy-gurdy, nyckelharpa, bagpipes, mandolin and flute and also had sung songs in our repertoire.<\/p>\n<p class=\"translation-block\">Our style of music was traditional European folk music<br>\n<strong>\u2013&gt; <a href=\"https:\/\/youtu.be\/hFBG5ysle0E\" target=\"_blank\" rel=\"noopener noreferrer\">Pedestrian zone in Plochingen<\/a>\u00a0\u00a0 <\/strong><span style=\"font-size: 8pt\">(Audio sample 1)<\/span><strong><br>\n\u2013&gt; <a href=\"https:\/\/www.youtube.com\/watch?v=5lVyeKvWelA\" target=\"_blank\" rel=\"noopener noreferrer\">Raven Ballad<\/a>\u00a0\u00a0\u00a0 <\/strong><span style=\"font-size: 8pt\">(Audio sample 2)<br>\n<\/span><strong>\u2013&gt; <a href=\"https:\/\/www.youtube.com\/watch?v=KWelk6UO7I0\" target=\"_blank\" rel=\"noopener noreferrer\">Performance by Hohenloher Open-air museum<\/a>\u00a0\u00a0\u00a0 <\/strong><span style=\"font-size: 8pt\">(Audio sample 3)<\/span><strong><br>\n<\/strong><strong>\u2013&gt; <a href=\"https:\/\/youtu.be\/RadgXgnNP3k\" target=\"_blank\" rel=\"noopener noreferrer\">Chansonette<\/a>\u00a0\u00a0\u00a0\u00a0\u00a0\u00a0 <\/strong><span style=\"font-size: 8pt\">(Audio sample 4)<\/span><br>\n<strong>\u2013&gt; <a href=\"https:\/\/www.youtube.com\/watch?v=HAyS_Y-QE84\" target=\"_blank\" rel=\"noopener noreferrer\">10 tunes with redpipes, nyckelharpa &amp; hurdy-gurdy<\/a>\u00a0\u00a0\u00a0 <\/strong><span style=\"font-size: 8pt\">(Audio sample 5)<\/span><strong><br>\n<\/strong><\/p>\n<p>Hier zur Homepage meines Duo-Partners &#8211;&gt; <a href=\"http:\/\/ravish-radish.npage.de\/\" target=\"_blank\" rel=\"noopener noreferrer\">&#8222;Ravish Radish&#8220; experimentelle traditionelle Musik<\/a><\/p>","protected":false},"excerpt":{"rendered":"<p>Unser Duo spielte zu jedem ihrer Anl\u00e4sse Wir haben uns aufgel\u00f6st. Doch es war eine sch\u00f6ne und wertvolle Zeit. Darum hier weiterhin ein paar Bilder und Eindr\u00fccke: Bilder von einer Aktion rund um den Jubil\u00e4umsturm in Plochingen. Wir spielten Drehleier, Nyckelharpa, Dudelsack, Mandoline und Fl\u00f6te und hatten auch gesungene Lieder im Repertoire. Unsere Musikrichtung war &hellip; <a href=\"https:\/\/claudissimo-music.de\/en\/herbstzeitlose\/\" class=\"more-link\">Continue reading <span class=\"screen-reader-text\">Autumn crocus<\/span> <span class=\"meta-nav\">&rarr;<\/span><\/a><\/p>","protected":false},"author":1,"featured_media":0,"parent":0,"menu_order":0,"comment_status":"closed","ping_status":"closed","template":"","meta":{"_monsterinsights_skip_tracking":false,"_monsterinsights_sitenote_active":false,"_monsterinsights_sitenote_note":"","_monsterinsights_sitenote_category":0,"footnotes":""},"class_list":["post-783","page","type-page","status-publish","hentry"],"_links":{"self":[{"href":"https:\/\/claudissimo-music.de\/en\/wp-json\/wp\/v2\/pages\/783","targetHints":{"allow":["GET"]}}],"collection":[{"href":"https:\/\/claudissimo-music.de\/en\/wp-json\/wp\/v2\/pages"}],"about":[{"href":"https:\/\/claudissimo-music.de\/en\/wp-json\/wp\/v2\/types\/page"}],"author":[{"embeddable":true,"href":"https:\/\/claudissimo-music.de\/en\/wp-json\/wp\/v2\/users\/1"}],"replies":[{"embeddable":true,"href":"https:\/\/claudissimo-music.de\/en\/wp-json\/wp\/v2\/comments?post=783"}],"version-history":[{"count":53,"href":"https:\/\/claudissimo-music.de\/en\/wp-json\/wp\/v2\/pages\/783\/revisions"}],"predecessor-version":[{"id":2297,"href":"https:\/\/claudissimo-music.de\/en\/wp-json\/wp\/v2\/pages\/783\/revisions\/2297"}],"wp:attachment":[{"href":"https:\/\/claudissimo-music.de\/en\/wp-json\/wp\/v2\/media?parent=783"}],"curies":[{"name":"wp","href":"https:\/\/api.w.org\/{rel}","templated":true}]}}