{"id":605,"date":"2017-04-18T20:57:06","date_gmt":"2017-04-18T18:57:06","guid":{"rendered":"http:\/\/claudissimo-music.de\/?page_id=605"},"modified":"2025-01-19T20:08:04","modified_gmt":"2025-01-19T19:08:04","slug":"soebenmal","status":"publish","type":"page","link":"https:\/\/claudissimo-music.de\/en\/soebenmal\/","title":{"rendered":"Just now"},"content":{"rendered":"<h1><span style=\"color: #9635bd; font-family: comic sans ms, sans-serif; font-size: 16pt;\">Our nyckelharpa duo, formed spontaneously<br \/>-&gt; Soebenmal<\/span><\/h1>\n<p><strong>Unsere n\u00e4chsten Auftritte finden Sie unter &#8211;&gt; <a href=\"https:\/\/claudissimo-music.de\/en\/termine-soebenmal\/\">&#8222;Termine&#8220;<\/a><br \/><\/strong><strong>We are also happy to play for your events!<\/strong><\/p>\n<div id=\"metaslider-id-584\" style=\"width: 100%; margin: 0 auto;\" class=\"ml-slider-3-101-0 metaslider metaslider-nivo metaslider-584 ml-slider ms-theme-default\" role=\"region\" aria-label=\"St_Konrad\" data-height=\"360\" data-width=\"480\">\n    <div id=\"metaslider_container_584\">\n        <div class='slider-wrapper theme-default'><div class='ribbon'><\/div><div id='metaslider_584' class='nivoSlider'><img loading=\"lazy\" decoding=\"async\" src=\"https:\/\/claudissimo-music.de\/wp-content\/uploads\/2024\/01\/Soebenmal-2023-4z3-480x360.jpg\" height=\"360\" width=\"480\" data-caption=\"&lt;div&gt;Soebenmal Sonnenresidenz Calw-Heumaden&lt;\/div&gt;\" title=\"Soebenmal 2023 4z3\" alt=\"\" class=\"slider-584 slide-3747 msDefaultImage\" \/><img loading=\"lazy\" decoding=\"async\" src=\"https:\/\/claudissimo-music.de\/wp-content\/uploads\/2017\/04\/IMG_9597-800x600-480x360.jpg\" height=\"360\" width=\"480\" data-caption=\"&lt;div&gt;Soebenmal St Konrad Plochingen&lt;\/div&gt;\" alt=\"\" class=\"slider-584 slide-624 msDefaultImage\" \/><img loading=\"lazy\" decoding=\"async\" src=\"https:\/\/claudissimo-music.de\/wp-content\/uploads\/2024\/01\/Soebenmal-Konzert-Thomaskirche-081023_4z3-scaled-480x360.jpg\" height=\"360\" width=\"480\" data-caption=\"&lt;div&gt;Soebenmal Thomaskirche Pfullingen&lt;\/div&gt;\" title=\"Soebenmal Konzert Thomaskirche 081023_4z3\" alt=\"\" class=\"slider-584 slide-3748 msDefaultImage\" \/><img loading=\"lazy\" decoding=\"async\" src=\"https:\/\/claudissimo-music.de\/wp-content\/uploads\/2024\/08\/Konzert_Rottenburg_4-3_2-scaled-480x360.jpg\" height=\"360\" width=\"480\" data-caption=\"&lt;div&gt;Serenadenkonzert ev. Gemeinde Rottenburg; Bild: H.M. Grei&amp;szlig;&lt;\/div&gt;\" title=\"Konzert_Rottenburg_4-3_2\" alt=\"\" class=\"slider-584 slide-4005 msDefaultImage\" \/><img loading=\"lazy\" decoding=\"async\" src=\"https:\/\/claudissimo-music.de\/wp-content\/uploads\/2017\/04\/PC110413-800x600-480x360.jpg\" height=\"360\" width=\"480\" alt=\"\" class=\"slider-584 slide-621 msDefaultImage\" \/><img loading=\"lazy\" decoding=\"async\" src=\"https:\/\/claudissimo-music.de\/wp-content\/uploads\/2017\/04\/PC180415-800x600-480x360.jpg\" height=\"360\" width=\"480\" data-caption=\"&lt;div&gt;Soebenmal St Konrad Plochingen&lt;\/div&gt;\" alt=\"\" class=\"slider-584 slide-617 msDefaultImage\" \/><img loading=\"lazy\" decoding=\"async\" src=\"https:\/\/claudissimo-music.de\/wp-content\/uploads\/2017\/04\/PC110415-800x600-480x360.jpg\" height=\"360\" width=\"480\" data-caption=\"&lt;div&gt;Soebenmal St Konrad Plochingen&lt;\/div&gt;\" alt=\"\" class=\"slider-584 slide-619 msDefaultImage\" \/><img loading=\"lazy\" decoding=\"async\" src=\"https:\/\/claudissimo-music.de\/wp-content\/uploads\/2017\/04\/PC110420-800x600-480x360.jpg\" height=\"360\" width=\"480\" data-caption=\"&lt;div&gt;Soebenmal St Konrad Plochingen&lt;\/div&gt;\" alt=\"\" class=\"slider-584 slide-618 msDefaultImage\" \/><img loading=\"lazy\" decoding=\"async\" src=\"https:\/\/claudissimo-music.de\/wp-content\/uploads\/2024\/08\/Konzert_Rottenburg_x-x_3-scaled-480x360.jpg\" height=\"360\" width=\"480\" data-caption=\"&lt;div&gt;Serenadenkonzert ev. Gemeinde Rottenburg; Bild: H.M. Grei&amp;szlig;&lt;\/div&gt;\" title=\"Konzert_Rottenburg_x-x_3\" alt=\"\" class=\"slider-584 slide-4007 msDefaultImage\" \/><\/div><\/div>\n        \n    <\/div>\n<\/div>\n<p>\u00a0<\/p>\n<ul>\n<li><strong><span style=\"color: #9635bd; font-family: comic sans ms, sans-serif; font-size: 14pt;\">Excerpt concert Thomaskirche, Pfullingen<\/span><\/strong><\/li>\n<\/ul>\n<p>A very successful and well-attended concert with wonderful acoustics.<\/p>\n<div style=\"width: 474px;\" class=\"wp-video\"><!--[if lt IE 9]><script>document.createElement('video');<\/script><![endif]-->\n<video class=\"wp-video-shortcode\" id=\"video-605-1\" width=\"474\" height=\"267\" preload=\"metadata\" controls=\"controls\"><source type=\"video\/mp4\" src=\"https:\/\/claudissimo-music.de\/wp-content\/uploads\/2024\/01\/Sobenmal-Thomaskirche-Oktober-2023-480p.mp4?_=1\" \/><a href=\"https:\/\/claudissimo-music.de\/wp-content\/uploads\/2024\/01\/Sobenmal-Thomaskirche-Oktober-2023-480p.mp4\">https:\/\/claudissimo-music.de\/wp-content\/uploads\/2024\/01\/Sobenmal-Thomaskirche-Oktober-2023-480p.mp4<\/a><\/video><\/div>\n<ul>\n<li><strong><span style=\"font-size: 14pt; font-family: comic sans ms, sans-serif; color: #9635bd;\">Konzert in der <a title=\"Holy Cross Church, Calw\" href=\"https:\/\/claudissimo-music.de\/en\/soebenmal-heilig-kreuz-kirche-calw-heumaden\/\">Heilig Kreuz Kirche<\/a> in Calw-Heumaden<\/span><\/strong><\/li>\n<li><strong><span style=\"font-size: 14pt; font-family: comic sans ms, sans-serif; color: #9635bd;\"><a href=\"https:\/\/claudissimo-music.de\/en\/ev-gemeindezentrum-rottenburg\/\">Serenadenkonzert<\/a> in\u00a0Rottenburg<\/span><\/strong><\/li>\n<li><span style=\"color: #3735ab; font-family: 'comic sans ms', sans-serif;\"><a href=\"https:\/\/www.youtube.com\/watch?v=u6j8e1UMrTA\" target=\"_blank\" rel=\"noopener\"><span style=\"font-size: 14pt;\"><strong>Video<\/strong><\/span><\/a><span style=\"color: #9635bd;\"><span style=\"font-size: 14pt;\"><strong> vom Konzert im Folkclub Winnenden<\/strong><\/span><\/span><\/span><\/li>\n<\/ul>\n\n\n<p><\/p>","protected":false},"excerpt":{"rendered":"<p>Unser\u00a0Nyckelharpa-Duo, spontan gegr\u00fcndet&#8211;&gt; Soebenmal Unsere n\u00e4chsten Auftritte finden Sie unter &#8211;&gt; &#8222;Termine&#8220;Gerne spielen wir auch zu ihren Anl\u00e4ssen! \u00a0 Auszug Konzert Thomaskirche, Pfullingen Ein sehr gelungenes und gut besuchtes Konzert mit einer wunderbaren Akkustik. Konzert in der Heilig Kreuz Kirche in Calw-Heumaden Serenadenkonzert in\u00a0Rottenburg Video vom Konzert im Folkclub Winnenden<\/p>","protected":false},"author":1,"featured_media":0,"parent":0,"menu_order":0,"comment_status":"closed","ping_status":"closed","template":"","meta":{"_monsterinsights_skip_tracking":false,"_monsterinsights_sitenote_active":false,"_monsterinsights_sitenote_note":"","_monsterinsights_sitenote_category":0,"footnotes":""},"class_list":["post-605","page","type-page","status-publish","hentry"],"_links":{"self":[{"href":"https:\/\/claudissimo-music.de\/en\/wp-json\/wp\/v2\/pages\/605","targetHints":{"allow":["GET"]}}],"collection":[{"href":"https:\/\/claudissimo-music.de\/en\/wp-json\/wp\/v2\/pages"}],"about":[{"href":"https:\/\/claudissimo-music.de\/en\/wp-json\/wp\/v2\/types\/page"}],"author":[{"embeddable":true,"href":"https:\/\/claudissimo-music.de\/en\/wp-json\/wp\/v2\/users\/1"}],"replies":[{"embeddable":true,"href":"https:\/\/claudissimo-music.de\/en\/wp-json\/wp\/v2\/comments?post=605"}],"version-history":[{"count":40,"href":"https:\/\/claudissimo-music.de\/en\/wp-json\/wp\/v2\/pages\/605\/revisions"}],"predecessor-version":[{"id":4262,"href":"https:\/\/claudissimo-music.de\/en\/wp-json\/wp\/v2\/pages\/605\/revisions\/4262"}],"wp:attachment":[{"href":"https:\/\/claudissimo-music.de\/en\/wp-json\/wp\/v2\/media?parent=605"}],"curies":[{"name":"wp","href":"https:\/\/api.w.org\/{rel}","templated":true}]}}