{"id":593,"date":"2017-04-18T19:54:31","date_gmt":"2017-04-18T17:54:31","guid":{"rendered":"http:\/\/claudissimo-music.de\/?page_id=593"},"modified":"2025-01-19T17:01:43","modified_gmt":"2025-01-19T16:01:43","slug":"events","status":"publish","type":"page","link":"https:\/\/claudissimo-music.de\/en\/events\/","title":{"rendered":"Events"},"content":{"rendered":"<h1><span style=\"color: #9635bd; font-family: comic sans ms, sans-serif; font-size: 16pt;\">Ausstellungen, Festivals, Workshops:<\/span><\/h1>\n<p><a href=\"https:\/\/claudissimo-music.de\/en\/termine-ausstellungen-festivals-workshops\/\"><span style=\"font-size: 14pt;\"><strong><span style=\"color: #3735ab;\">-&gt; Meet me here!<\/span><\/strong><\/span><\/a><\/p>\n<h1><span style=\"color: #9635bd; font-family: comic sans ms, sans-serif; font-size: 16pt;\">Music: We play for you!<\/span><\/h1>\n<p class=\"translation-block\">I like to play with my bands, DUOs and partners on your occasions, whether <strong><span style=\"color: #3735ab\">birthdays, weddings, engagements, baptisms or company parties<\/span>.<\/strong> <br>\nPlease contact me and we will clarify dates and details.<\/p>\n<p><strong><a href=\"https:\/\/claudissimo-music.de\/en\/colludie-stone-fine-irish-celtic-folk\/\" rel=\"noopener\"><img loading=\"lazy\" decoding=\"async\" class=\"alignleft wp-image-2700 size-medium\" src=\"https:\/\/claudissimo-music.de\/wp-content\/uploads\/2022\/08\/Band_Bild_Mauer_S-300x127.jpg\" alt=\"\" width=\"321\" height=\"136\" srcset=\"https:\/\/claudissimo-music.de\/wp-content\/uploads\/2022\/08\/Band_Bild_Mauer_S-300x127.jpg 300w, https:\/\/claudissimo-music.de\/wp-content\/uploads\/2022\/08\/Band_Bild_Mauer_S.jpg 532w\" sizes=\"auto, (max-width: 321px) 100vw, 321px\" \/><\/a><a href=\"https:\/\/claudissimo-music.de\/en\/colludie-stone-fine-irish-celtic-folk\/\" rel=\"noopener\"><img loading=\"lazy\" decoding=\"async\" class=\"alignright wp-image-2701 size-medium\" src=\"https:\/\/claudissimo-music.de\/wp-content\/uploads\/2022\/08\/ColludieStone_Logo-300x95.jpg\" alt=\"\" width=\"300\" height=\"95\" srcset=\"https:\/\/claudissimo-music.de\/wp-content\/uploads\/2022\/08\/ColludieStone_Logo-300x95.jpg 300w, https:\/\/claudissimo-music.de\/wp-content\/uploads\/2022\/08\/ColludieStone_Logo.jpg 438w\" sizes=\"auto, (max-width: 300px) 100vw, 300px\" \/><\/a><a href=\"https:\/\/claudissimo-music.de\/en\/colludie-stone-fine-irish-celtic-folk\/\" rel=\"noopener noreferrer\">Colludie Stone<\/a><\/strong><\/p>\n<p>Wir spielen f\u00fcr Sie &#8222;<a href=\"https:\/\/www.colludiestone.com\/\" target=\"_blank\" rel=\"noopener\">fine irish celtic folk music&#8220;<\/a>. H\u00f6ren Sie einfach mal rein und\/oder kommen Sie zu einem unserer &#8211;&gt; <a href=\"https:\/\/www.colludiestone.com\/\" target=\"_blank\" rel=\"noopener\">Konzerte<\/a><\/p>\n<p><strong><a href=\"https:\/\/claudissimo-music.de\/wp-content\/uploads\/2024\/01\/Soebenmal-2023-4z3.jpg\"><img loading=\"lazy\" decoding=\"async\" class=\"alignleft size-medium wp-image-3745\" src=\"https:\/\/claudissimo-music.de\/wp-content\/uploads\/2024\/01\/Soebenmal-2023-4z3.jpg\" alt=\"\" width=\"290\" height=\"218\" srcset=\"https:\/\/claudissimo-music.de\/wp-content\/uploads\/2024\/01\/Soebenmal-2023-4z3.jpg 653w, https:\/\/claudissimo-music.de\/wp-content\/uploads\/2024\/01\/Soebenmal-2023-4z3-300x225.jpg 300w, https:\/\/claudissimo-music.de\/wp-content\/uploads\/2024\/01\/Soebenmal-2023-4z3-480x360.jpg 480w\" sizes=\"auto, (max-width: 290px) 100vw, 290px\" \/><\/a><a href=\"http:\/\/claudissimo-music.de\/en\/soebenmal\/\">Just now<\/a><\/strong><\/p>\n<p>My Nyckelharpa Duo.<br \/>\nMy partner Sebastian Weber and I would be happy to play folk, renaissance and baroque music for you.<br \/>\n|<br \/>\n|<br \/>\n|<\/p>\n<p><strong><a href=\"https:\/\/claudissimo-music.de\/wp-content\/uploads\/2022\/10\/Nyckelharpa4ever_Gesichter.jpg\"><img loading=\"lazy\" decoding=\"async\" class=\"alignleft size-medium wp-image-2802\" src=\"https:\/\/claudissimo-music.de\/wp-content\/uploads\/2022\/10\/Nyckelharpa4ever_Gesichter-300x225.jpg\" alt=\"\" width=\"290\" height=\"217\" srcset=\"https:\/\/claudissimo-music.de\/wp-content\/uploads\/2022\/10\/Nyckelharpa4ever_Gesichter-300x225.jpg 300w, https:\/\/claudissimo-music.de\/wp-content\/uploads\/2022\/10\/Nyckelharpa4ever_Gesichter-1024x766.jpg 1024w, https:\/\/claudissimo-music.de\/wp-content\/uploads\/2022\/10\/Nyckelharpa4ever_Gesichter-768x575.jpg 768w, https:\/\/claudissimo-music.de\/wp-content\/uploads\/2022\/10\/Nyckelharpa4ever_Gesichter.jpg 1296w\" sizes=\"auto, (max-width: 290px) 100vw, 290px\" \/><\/a><a href=\"https:\/\/claudissimo-music.de\/wp-content\/uploads\/2022\/10\/Nyckelharpa4ever_Instrumente.jpg\"><img loading=\"lazy\" decoding=\"async\" class=\"wp-image-2803 alignright size-medium\" src=\"https:\/\/claudissimo-music.de\/wp-content\/uploads\/2022\/10\/Nyckelharpa4ever_Instrumente-300x225.jpg\" alt=\"\" width=\"219\" height=\"164\" srcset=\"https:\/\/claudissimo-music.de\/wp-content\/uploads\/2022\/10\/Nyckelharpa4ever_Instrumente-300x225.jpg 300w, https:\/\/claudissimo-music.de\/wp-content\/uploads\/2022\/10\/Nyckelharpa4ever_Instrumente-768x576.jpg 768w, https:\/\/claudissimo-music.de\/wp-content\/uploads\/2022\/10\/Nyckelharpa4ever_Instrumente.jpg 1024w\" sizes=\"auto, (max-width: 219px) 100vw, 219px\" \/><\/a><a href=\"https:\/\/claudissimo-music.de\/en\/nyckelharpa4ever\/\">NYCKELHARPA4EVER<\/a><\/strong><\/p>\n<p>My french german<br \/>\nNyckelharpa-Quartett plays \u201cold music\u201d, renaissance, baroque and world music for your occasions.<\/p>","protected":false},"excerpt":{"rendered":"<p>Ausstellungen, Festivals, Workshops: &#8211;&gt; Hier treffen sie mich! Musik: Wir spielen f\u00fcr Sie! Gerne spiele ich mit meinen Bands, DUOs und Partnern zu ihren Anl\u00e4ssen, ob Geburtstag, Trauung, Hochzeit, Verlobung, Taufe oder Firmenfeier. Nehmen Sie Kontakt mit mir auf und wir kl\u00e4ren Termine und Details. Colludie Stone Wir spielen f\u00fcr Sie &#8222;fine irish celtic folk &hellip; <a href=\"https:\/\/claudissimo-music.de\/en\/events\/\" class=\"more-link\">Continue reading <span class=\"screen-reader-text\">Events<\/span> <span class=\"meta-nav\">&rarr;<\/span><\/a><\/p>","protected":false},"author":1,"featured_media":0,"parent":0,"menu_order":0,"comment_status":"closed","ping_status":"closed","template":"","meta":{"_monsterinsights_skip_tracking":false,"_monsterinsights_sitenote_active":false,"_monsterinsights_sitenote_note":"","_monsterinsights_sitenote_category":0,"footnotes":""},"class_list":["post-593","page","type-page","status-publish","hentry"],"_links":{"self":[{"href":"https:\/\/claudissimo-music.de\/en\/wp-json\/wp\/v2\/pages\/593","targetHints":{"allow":["GET"]}}],"collection":[{"href":"https:\/\/claudissimo-music.de\/en\/wp-json\/wp\/v2\/pages"}],"about":[{"href":"https:\/\/claudissimo-music.de\/en\/wp-json\/wp\/v2\/types\/page"}],"author":[{"embeddable":true,"href":"https:\/\/claudissimo-music.de\/en\/wp-json\/wp\/v2\/users\/1"}],"replies":[{"embeddable":true,"href":"https:\/\/claudissimo-music.de\/en\/wp-json\/wp\/v2\/comments?post=593"}],"version-history":[{"count":267,"href":"https:\/\/claudissimo-music.de\/en\/wp-json\/wp\/v2\/pages\/593\/revisions"}],"predecessor-version":[{"id":4240,"href":"https:\/\/claudissimo-music.de\/en\/wp-json\/wp\/v2\/pages\/593\/revisions\/4240"}],"wp:attachment":[{"href":"https:\/\/claudissimo-music.de\/en\/wp-json\/wp\/v2\/media?parent=593"}],"curies":[{"name":"wp","href":"https:\/\/api.w.org\/{rel}","templated":true}]}}