{"id":472,"date":"2017-04-15T14:09:34","date_gmt":"2017-04-15T12:09:34","guid":{"rendered":"http:\/\/claudissimo-music.de\/?page_id=472"},"modified":"2018-01-07T14:28:56","modified_gmt":"2018-01-07T13:28:56","slug":"geige","status":"publish","type":"page","link":"https:\/\/claudissimo-music.de\/en\/geige\/","title":{"rendered":"Violin"},"content":{"rendered":"<h1><span style=\"color: #9635bd; font-family: comic sans ms, sans-serif; font-size: 16pt;\">Eine kleine Geigenkunde<\/span><\/h1>\n<p>Die Vorl\u00e4ufer der Violine sind bereits aus dem 8. Jahrhundert bekannt und stammen aus dem spanisch-maurischen Raum. Sie sind unter dem Namen Rebec und Fidel bekannt.<\/p>\n<p><a href=\"http:\/\/claudissimo-music.de\/wp-content\/uploads\/2017\/12\/Claudia_spielt_Geige1.png\" rel=\"attachment wp-att-1193\"><img loading=\"lazy\" decoding=\"async\" class=\"alignright wp-image-1193 size-medium\" src=\"http:\/\/claudissimo-music.de\/wp-content\/uploads\/2017\/12\/Claudia_spielt_Geige1-300x235.png\" alt=\"\" width=\"300\" height=\"235\" srcset=\"https:\/\/claudissimo-music.de\/wp-content\/uploads\/2017\/12\/Claudia_spielt_Geige1-300x235.png 300w, https:\/\/claudissimo-music.de\/wp-content\/uploads\/2017\/12\/Claudia_spielt_Geige1-768x601.png 768w, https:\/\/claudissimo-music.de\/wp-content\/uploads\/2017\/12\/Claudia_spielt_Geige1-1024x801.png 1024w\" sizes=\"auto, (max-width: 300px) 100vw, 300px\" \/><\/a>Erste urkundliche Erw\u00e4hnung der Violine war 1523 am Hof des Herzogs von Savoyen, der Musiker bezahlte. (les trompettes et vyollones aus Vercelli). Diese Violinen hatten damals nur 3 Saiten.<\/p>\n<p>Die heutige Form der Violine existiert mit nur sehr geringen Ver\u00e4nderungen seit 1540. S\u00e4mtliche Ver\u00e4nderungen in der Form und Klangspektrum wurden als Fiedeln abgewertet und von den Geigenspielern gemieden. Somit wurde die Weiterentwicklung der Violine durchaus behindert.<\/p>\n<p>Die heutige Violine hat 4 Saiten (g, d\u2018, a\u2018 und e\u2018\u2018). Es gibt eine gro\u00dfe Preisspanne und bedeutende Unterschiede in der Herstellung. Es gibt industriell gefertigte Violinen aus dem fernen Ausland f\u00fcr wenig Geld und nicht so brillanten Klang und handgefertigte Violinen von Geigenbauern, die im Preis, je nach Bekanntheitsgrad und Qualit\u00e4t, stark schwanken.<\/p>\n<p><a href=\"http:\/\/claudissimo-music.de\/wp-content\/uploads\/2017\/12\/Claudia_zeigt_Geige.png\"><img loading=\"lazy\" decoding=\"async\" class=\"alignleft wp-image-1195 size-medium\" src=\"http:\/\/claudissimo-music.de\/wp-content\/uploads\/2017\/12\/Claudia_zeigt_Geige-300x200.png\" alt=\"\" width=\"300\" height=\"200\" srcset=\"https:\/\/claudissimo-music.de\/wp-content\/uploads\/2017\/12\/Claudia_zeigt_Geige-300x200.png 300w, https:\/\/claudissimo-music.de\/wp-content\/uploads\/2017\/12\/Claudia_zeigt_Geige-768x512.png 768w, https:\/\/claudissimo-music.de\/wp-content\/uploads\/2017\/12\/Claudia_zeigt_Geige-1024x683.png 1024w\" sizes=\"auto, (max-width: 300px) 100vw, 300px\" \/><\/a>Tatsache ist, dass man sich beim Kauf einer Geige Zeit lassen sollte und nach der Violine schaut, die zu einem passt. Formen und L\u00e4ngen variieren von Modell zu Modell ein wenig. Dies ist aber entscheidend, ob ein Instrument bequem zu spielen ist oder ob man Verspannungen und Schmerzen davon bekommt. Nat\u00fcrlich ist auch eine Preisobergrenze hilfreich.<\/p>\n<p>Der Geigenbogen, der zum Spiel ben\u00f6tigt wird, spielt eine sehr wesentliche Rolle und sollte zur Violine ausgesucht werden. Erst die Kombination von Instrument und Bogen ergibt den \u201eperfekten\u201c Klang.<\/p>\n<p>&nbsp;<\/p>","protected":false},"excerpt":{"rendered":"<p>Eine kleine Geigenkunde Die Vorl\u00e4ufer der Violine sind bereits aus dem 8. Jahrhundert bekannt und stammen aus dem spanisch-maurischen Raum. Sie sind unter dem Namen Rebec und Fidel bekannt. Erste urkundliche Erw\u00e4hnung der Violine war 1523 am Hof des Herzogs von Savoyen, der Musiker bezahlte. (les trompettes et vyollones aus Vercelli). Diese Violinen hatten damals &hellip; <a href=\"https:\/\/claudissimo-music.de\/en\/geige\/\" class=\"more-link\">Continue reading <span class=\"screen-reader-text\">Violin<\/span> <span class=\"meta-nav\">&rarr;<\/span><\/a><\/p>","protected":false},"author":1,"featured_media":0,"parent":0,"menu_order":0,"comment_status":"closed","ping_status":"closed","template":"","meta":{"_monsterinsights_skip_tracking":false,"_monsterinsights_sitenote_active":false,"_monsterinsights_sitenote_note":"","_monsterinsights_sitenote_category":0,"footnotes":""},"class_list":["post-472","page","type-page","status-publish","hentry"],"_links":{"self":[{"href":"https:\/\/claudissimo-music.de\/en\/wp-json\/wp\/v2\/pages\/472","targetHints":{"allow":["GET"]}}],"collection":[{"href":"https:\/\/claudissimo-music.de\/en\/wp-json\/wp\/v2\/pages"}],"about":[{"href":"https:\/\/claudissimo-music.de\/en\/wp-json\/wp\/v2\/types\/page"}],"author":[{"embeddable":true,"href":"https:\/\/claudissimo-music.de\/en\/wp-json\/wp\/v2\/users\/1"}],"replies":[{"embeddable":true,"href":"https:\/\/claudissimo-music.de\/en\/wp-json\/wp\/v2\/comments?post=472"}],"version-history":[{"count":19,"href":"https:\/\/claudissimo-music.de\/en\/wp-json\/wp\/v2\/pages\/472\/revisions"}],"predecessor-version":[{"id":1408,"href":"https:\/\/claudissimo-music.de\/en\/wp-json\/wp\/v2\/pages\/472\/revisions\/1408"}],"wp:attachment":[{"href":"https:\/\/claudissimo-music.de\/en\/wp-json\/wp\/v2\/media?parent=472"}],"curies":[{"name":"wp","href":"https:\/\/api.w.org\/{rel}","templated":true}]}}