{"id":441,"date":"2017-04-15T12:29:41","date_gmt":"2017-04-15T10:29:41","guid":{"rendered":"http:\/\/claudissimo-music.de\/?page_id=441"},"modified":"2023-08-14T16:21:30","modified_gmt":"2023-08-14T14:21:30","slug":"nyckelharpa","status":"publish","type":"page","link":"https:\/\/claudissimo-music.de\/en\/nyckelharpa\/","title":{"rendered":"Nyckelharpa"},"content":{"rendered":"<h1><span style=\"color: #9635bd; font-family: comic sans ms, sans-serif; font-size: 16pt;\">Die Nyckelharpa oder Schl\u00fcsselfidel<\/span><\/h1>\n<p>Nyckelharpa ist das schwedische Wort f\u00fcr Schl\u00fcsselfidel.<\/p>\n<p>Es handelt sich um ein mittelalterliches Streichinstrument. Erste Dokumente waren Steinbilder in Kirchen in Italien (Siena 1408, Fresko von Taddeo di Bartolo) und vom Typ her, wie die von Praetorius.<\/p>\n<p><a href=\"http:\/\/claudissimo-music.de\/wp-content\/uploads\/2018\/01\/Claudia_spielt_Nyckelharpa3.jpg\"><img loading=\"lazy\" decoding=\"async\" class=\"alignleft size-medium wp-image-1391\" src=\"http:\/\/claudissimo-music.de\/wp-content\/uploads\/2018\/01\/Claudia_spielt_Nyckelharpa3-300x222.jpg\" alt=\"\" width=\"300\" height=\"222\" srcset=\"https:\/\/claudissimo-music.de\/wp-content\/uploads\/2018\/01\/Claudia_spielt_Nyckelharpa3-300x222.jpg 300w, https:\/\/claudissimo-music.de\/wp-content\/uploads\/2018\/01\/Claudia_spielt_Nyckelharpa3-768x568.jpg 768w, https:\/\/claudissimo-music.de\/wp-content\/uploads\/2018\/01\/Claudia_spielt_Nyckelharpa3-1024x758.jpg 1024w, https:\/\/claudissimo-music.de\/wp-content\/uploads\/2018\/01\/Claudia_spielt_Nyckelharpa3.jpg 1280w\" sizes=\"auto, (max-width: 300px) 100vw, 300px\" \/><\/a>Die fr\u00fchen Schl\u00fcsselfideln waren einreihig. D.h. man konnte nur eine Tonart spielen. Die Erweiterung der Tonarten kam erst in den 30er Jahren des 20. Jahrhunderts. In Schweden wurde die heutige mehrreihige Form von August Bohlin entwickelt. Das Instrument verschwand jedoch in Zentraleuropa von der Bildfl\u00e4che und wurde nur noch in Schweden (Uppland) weiter gepflegt und gespielt. Erst seit ca. 1990 wird sie wieder, unter sehr gro\u00dfem Einsatz u.a. von Jule Bauer, Marco Ambrosini, Annette Osann und Didier Francois, bekannt gemacht. Burg F\u00fcrsteneck in Hessen ist ein F\u00f6rderer zur Wiederverbreitung dieses wundersch\u00f6nen Instruments.<\/p>\n<p><a href=\"http:\/\/claudissimo-music.de\/wp-content\/uploads\/2018\/01\/Claudia_spielt_Nyckelharpa2.jpg\"><img loading=\"lazy\" decoding=\"async\" class=\"size-medium wp-image-1390 alignright\" src=\"http:\/\/claudissimo-music.de\/wp-content\/uploads\/2018\/01\/Claudia_spielt_Nyckelharpa2-300x206.jpg\" alt=\"\" width=\"300\" height=\"206\" srcset=\"https:\/\/claudissimo-music.de\/wp-content\/uploads\/2018\/01\/Claudia_spielt_Nyckelharpa2-300x206.jpg 300w, https:\/\/claudissimo-music.de\/wp-content\/uploads\/2018\/01\/Claudia_spielt_Nyckelharpa2-768x528.jpg 768w, https:\/\/claudissimo-music.de\/wp-content\/uploads\/2018\/01\/Claudia_spielt_Nyckelharpa2-1024x704.jpg 1024w, https:\/\/claudissimo-music.de\/wp-content\/uploads\/2018\/01\/Claudia_spielt_Nyckelharpa2.jpg 1280w\" sizes=\"auto, (max-width: 300px) 100vw, 300px\" \/><\/a><\/p>\n<p>Die Nyckelharpa hat 4 Melodiesaiten, analog der Viola, und entsprechend vier Tastenreihen. Durch Anstreichen dieser Saiten mit einem Bogen werden die T\u00f6ne gespielt. Durch Dr\u00fccken einer Taste, wird das F\u00e4hnchen an die Saite gedr\u00fcckt. Die Saite verk\u00fcrzt sich und der gespielte Ton ist somit h\u00f6her. Man spielt die Nyckelharpa mit einem im Vergleich zu Geige oder Bratsche k\u00fcrzerem Bogen.<\/p>\n<p><a href=\"http:\/\/claudissimo-music.de\/wp-content\/uploads\/2018\/01\/Claudia_spielt_Nyckelharpa1.jpg\"><img loading=\"lazy\" decoding=\"async\" class=\"alignleft size-medium wp-image-1389\" src=\"http:\/\/claudissimo-music.de\/wp-content\/uploads\/2018\/01\/Claudia_spielt_Nyckelharpa1-300x222.jpg\" alt=\"\" width=\"300\" height=\"222\" srcset=\"https:\/\/claudissimo-music.de\/wp-content\/uploads\/2018\/01\/Claudia_spielt_Nyckelharpa1-300x222.jpg 300w, https:\/\/claudissimo-music.de\/wp-content\/uploads\/2018\/01\/Claudia_spielt_Nyckelharpa1-768x568.jpg 768w, https:\/\/claudissimo-music.de\/wp-content\/uploads\/2018\/01\/Claudia_spielt_Nyckelharpa1-1024x758.jpg 1024w, https:\/\/claudissimo-music.de\/wp-content\/uploads\/2018\/01\/Claudia_spielt_Nyckelharpa1.jpg 1280w\" sizes=\"auto, (max-width: 300px) 100vw, 300px\" \/><\/a>In einer Ebene darunter befinden sich 12 Resonanzsaiten (f\u00fcr jeden Halbton eine Saite), die durch das Anstreichen der Melodiet\u00f6ne jeweils mit in Schwingung versetzt werden (&#8222;mittelalterlicher Verst\u00e4rker&#8220;) und jedem gespielten Ton sehr viel Kraft verleiht. Daraus ergibt sich ein vollt\u00f6nender, bezaubernder und sonorer Klang. Man wird regelrecht gefangen genommen.<\/p>\n<p>Auf dem Bild oben neben der Bronzefigur ist eine meiner Nyckelharpas vom Instrumentenbauer \u2013&gt; \u201e<a href=\"https:\/\/www.nyckelharpa.de\/\" target=\"_blank\" rel=\"noopener\">Johannes Mayr<\/a>&#8220; zu sehen. Die unteren Bilder zeigen die Nyckelharpa von &#8211;&gt; \u201e<a href=\"https:\/\/www.nyckelharpabauerin.de\/\" target=\"_blank\" rel=\"noopener\">Amrey Schaffeld<\/a>&#8222;.\u00a0 Ich besitze aber auch Nyckelharpas von anderen Herstellern wie z.B.<br \/>\n\u2013&gt; \u201e<a href=\"https:\/\/www.nyckelharpa-bau.de\/\" target=\"_blank\" rel=\"noopener\">J\u00fcrgen Vater<\/a>\u201c, die ich vermiete.<\/p>","protected":false},"excerpt":{"rendered":"<p>Die Nyckelharpa oder Schl\u00fcsselfidel Nyckelharpa ist das schwedische Wort f\u00fcr Schl\u00fcsselfidel. Es handelt sich um ein mittelalterliches Streichinstrument. Erste Dokumente waren Steinbilder in Kirchen in Italien (Siena 1408, Fresko von Taddeo di Bartolo) und vom Typ her, wie die von Praetorius. Die fr\u00fchen Schl\u00fcsselfideln waren einreihig. D.h. man konnte nur eine Tonart spielen. Die Erweiterung &hellip; <a href=\"https:\/\/claudissimo-music.de\/en\/nyckelharpa\/\" class=\"more-link\">Continue reading <span class=\"screen-reader-text\">Nyckelharpa<\/span> <span class=\"meta-nav\">&rarr;<\/span><\/a><\/p>","protected":false},"author":1,"featured_media":151,"parent":0,"menu_order":0,"comment_status":"closed","ping_status":"closed","template":"","meta":{"_monsterinsights_skip_tracking":false,"_monsterinsights_sitenote_active":false,"_monsterinsights_sitenote_note":"","_monsterinsights_sitenote_category":0,"footnotes":""},"class_list":["post-441","page","type-page","status-publish","has-post-thumbnail","hentry"],"_links":{"self":[{"href":"https:\/\/claudissimo-music.de\/en\/wp-json\/wp\/v2\/pages\/441","targetHints":{"allow":["GET"]}}],"collection":[{"href":"https:\/\/claudissimo-music.de\/en\/wp-json\/wp\/v2\/pages"}],"about":[{"href":"https:\/\/claudissimo-music.de\/en\/wp-json\/wp\/v2\/types\/page"}],"author":[{"embeddable":true,"href":"https:\/\/claudissimo-music.de\/en\/wp-json\/wp\/v2\/users\/1"}],"replies":[{"embeddable":true,"href":"https:\/\/claudissimo-music.de\/en\/wp-json\/wp\/v2\/comments?post=441"}],"version-history":[{"count":18,"href":"https:\/\/claudissimo-music.de\/en\/wp-json\/wp\/v2\/pages\/441\/revisions"}],"predecessor-version":[{"id":3446,"href":"https:\/\/claudissimo-music.de\/en\/wp-json\/wp\/v2\/pages\/441\/revisions\/3446"}],"wp:featuredmedia":[{"embeddable":true,"href":"https:\/\/claudissimo-music.de\/en\/wp-json\/wp\/v2\/media\/151"}],"wp:attachment":[{"href":"https:\/\/claudissimo-music.de\/en\/wp-json\/wp\/v2\/media?parent=441"}],"curies":[{"name":"wp","href":"https:\/\/api.w.org\/{rel}","templated":true}]}}