{"id":438,"date":"2017-04-15T12:28:30","date_gmt":"2017-04-15T10:28:30","guid":{"rendered":"http:\/\/claudissimo-music.de\/?page_id=438"},"modified":"2023-08-14T16:24:37","modified_gmt":"2023-08-14T14:24:37","slug":"drehleier","status":"publish","type":"page","link":"https:\/\/claudissimo-music.de\/en\/drehleier\/","title":{"rendered":"Hurdy-gurdy"},"content":{"rendered":"<h1><span style=\"color: #ff6600;\"><span style=\"color: #9635bd; font-family: comic sans ms, sans-serif; font-size: 16pt;\">Das Borduninstrument Drehleier<\/span>\u00a0<\/span><\/h1>\n<p><a href=\"http:\/\/claudissimo-music.de\/wp-content\/uploads\/2018\/01\/Claudia_spielt_Drehleier2.jpg\"><img loading=\"lazy\" decoding=\"async\" class=\"alignleft size-medium wp-image-1382\" src=\"http:\/\/claudissimo-music.de\/wp-content\/uploads\/2018\/01\/Claudia_spielt_Drehleier2-300x234.jpg\" alt=\"\" width=\"300\" height=\"234\" srcset=\"https:\/\/claudissimo-music.de\/wp-content\/uploads\/2018\/01\/Claudia_spielt_Drehleier2-300x234.jpg 300w, https:\/\/claudissimo-music.de\/wp-content\/uploads\/2018\/01\/Claudia_spielt_Drehleier2-768x599.jpg 768w, https:\/\/claudissimo-music.de\/wp-content\/uploads\/2018\/01\/Claudia_spielt_Drehleier2-1024x798.jpg 1024w, https:\/\/claudissimo-music.de\/wp-content\/uploads\/2018\/01\/Claudia_spielt_Drehleier2.jpg 1280w\" sizes=\"auto, (max-width: 300px) 100vw, 300px\" \/><\/a>Im 10. Jahrhundert wird die Leier zum ersten Mal in Texten erw\u00e4hnt. Damals Organistrum genannt. Erste Darstellungen werden im 12. Jahrhundert gefunden.<\/p>\n<p>Im 18. Jahrhundert erf\u00e4hrt die Drehleier eine sehr gro\u00dfe Weiterentwicklung.<\/p>\n<p>Bis ins 19. Jahrhundert war die Drehleier in ganz Europa verbreitet. Als traditionelles Instrument findet man sie heute in Frankreich, Nordspanien und Ungarn.<\/p>\n<p><a href=\"http:\/\/claudissimo-music.de\/wp-content\/uploads\/2018\/01\/Claudia_spielt_Drehleier5.jpg\"><img loading=\"lazy\" decoding=\"async\" class=\"size-medium wp-image-1385 alignright\" src=\"http:\/\/claudissimo-music.de\/wp-content\/uploads\/2018\/01\/Claudia_spielt_Drehleier5-300x200.jpg\" alt=\"\" width=\"300\" height=\"200\" srcset=\"https:\/\/claudissimo-music.de\/wp-content\/uploads\/2018\/01\/Claudia_spielt_Drehleier5-300x200.jpg 300w, https:\/\/claudissimo-music.de\/wp-content\/uploads\/2018\/01\/Claudia_spielt_Drehleier5-768x512.jpg 768w, https:\/\/claudissimo-music.de\/wp-content\/uploads\/2018\/01\/Claudia_spielt_Drehleier5-1024x682.jpg 1024w, https:\/\/claudissimo-music.de\/wp-content\/uploads\/2018\/01\/Claudia_spielt_Drehleier5.jpg 1280w\" sizes=\"auto, (max-width: 300px) 100vw, 300px\" \/><\/a>Heutzutage erlebt die Drehleier eine neue Bl\u00fcte. Es wird vermutet, dass sie fr\u00fcher noch nie eine so gro\u00dfe Verbreitung hatte wie heute.<\/p>\n<p>Die Drehleier ist, wie auch die Nyckelharpa,\u00a0ein mittelalterliches Saiteninstrument. \u00dcber eine Kurbel wird ein Rad angetrieben, das wiederum die Saiten durch Reibung zum Klingen bringt, wie der Bogen einer Geige. Dabei gibt es:<a href=\"http:\/\/claudissimo-music.de\/wp-content\/uploads\/2018\/01\/Claudia_spielt_Drehleier1.jpg\"><img loading=\"lazy\" decoding=\"async\" class=\"alignleft size-medium wp-image-1381\" src=\"http:\/\/claudissimo-music.de\/wp-content\/uploads\/2018\/01\/Claudia_spielt_Drehleier1-300x206.jpg\" alt=\"\" width=\"300\" height=\"206\" srcset=\"https:\/\/claudissimo-music.de\/wp-content\/uploads\/2018\/01\/Claudia_spielt_Drehleier1-300x206.jpg 300w, https:\/\/claudissimo-music.de\/wp-content\/uploads\/2018\/01\/Claudia_spielt_Drehleier1-768x528.jpg 768w, https:\/\/claudissimo-music.de\/wp-content\/uploads\/2018\/01\/Claudia_spielt_Drehleier1-1024x704.jpg 1024w, https:\/\/claudissimo-music.de\/wp-content\/uploads\/2018\/01\/Claudia_spielt_Drehleier1.jpg 1280w\" sizes=\"auto, (max-width: 300px) 100vw, 300px\" \/><\/a><\/p>\n<ul>\n<li><span style=\"color: #3735ab;\"><strong>Melodiesaiten:<\/strong><\/span>\u00a0\u00a0 Mit chromatischer Tastatur wird die Melodie gespielt.<\/li>\n<li><span style=\"color: #3735ab;\"><strong>Bordun\/Basssaiten:<\/strong><\/span>\u00a0\u00a0 diese laufen mit einem feststehenden Ton immer mit (wie beim Dudelsack)<\/li>\n<li><span style=\"color: #3735ab;\"><strong>Schnarrsaiten:<\/strong><\/span>\u00a0\u00a0 Durch Impulse auf die Kurbel wird ein F\u00fc\u00dfchen zum Klopfen gebracht. Mit den Impulsen am Drehrad kann man so einen Rhythmus zur Melodie kreieren und<\/li>\n<li><span style=\"color: #3735ab;\"><strong>Resonanzsaiten (12x):<\/strong><\/span>\u00a0 \u00a0f\u00fcr jeden Halbton eine, die automatisch mitschwingen<\/li>\n<\/ul>\n<p>Auf den Bildern ist eine meiner Drehleiern vom Instrumentenbauer &#8211;&gt; <a href=\"https:\/\/www.drehleierwerkstatt.de\/de\/\" target=\"_blank\" rel=\"noopener noreferrer\"><strong>Sebastian Hilsmann<\/strong><\/a> zu sehen. Ich besitze aber auch Drehleihern von anderen Herstellern wie &#8211;&gt; &#8222;<a href=\"https:\/\/www.kurt-reichmann.de\/\" target=\"_blank\" rel=\"noopener\">Kurt Reichmann<\/a>&#8222;, &#8211;&gt; &#8222;<a href=\"https:\/\/www.gotschy.com\/\" target=\"_blank\" rel=\"noopener\">Alexandra Betz (Gotschy)&#8220;<\/a> und &#8211;&gt; &#8222;<a href=\"https:\/\/drehleierbau-riedel.de\/\" target=\"_blank\" rel=\"noopener\">Karl Riedel<\/a>&#8222;, die ich vermiete.<\/p>","protected":false},"excerpt":{"rendered":"<p>Das Borduninstrument Drehleier\u00a0 Im 10. Jahrhundert wird die Leier zum ersten Mal in Texten erw\u00e4hnt. Damals Organistrum genannt. Erste Darstellungen werden im 12. Jahrhundert gefunden. Im 18. Jahrhundert erf\u00e4hrt die Drehleier eine sehr gro\u00dfe Weiterentwicklung. Bis ins 19. Jahrhundert war die Drehleier in ganz Europa verbreitet. Als traditionelles Instrument findet man sie heute in Frankreich, &hellip; <a href=\"https:\/\/claudissimo-music.de\/en\/drehleier\/\" class=\"more-link\">Continue reading <span class=\"screen-reader-text\">Hurdy-gurdy<\/span> <span class=\"meta-nav\">&rarr;<\/span><\/a><\/p>","protected":false},"author":1,"featured_media":0,"parent":0,"menu_order":0,"comment_status":"closed","ping_status":"closed","template":"","meta":{"_monsterinsights_skip_tracking":false,"_monsterinsights_sitenote_active":false,"_monsterinsights_sitenote_note":"","_monsterinsights_sitenote_category":0,"footnotes":""},"class_list":["post-438","page","type-page","status-publish","hentry"],"_links":{"self":[{"href":"https:\/\/claudissimo-music.de\/en\/wp-json\/wp\/v2\/pages\/438","targetHints":{"allow":["GET"]}}],"collection":[{"href":"https:\/\/claudissimo-music.de\/en\/wp-json\/wp\/v2\/pages"}],"about":[{"href":"https:\/\/claudissimo-music.de\/en\/wp-json\/wp\/v2\/types\/page"}],"author":[{"embeddable":true,"href":"https:\/\/claudissimo-music.de\/en\/wp-json\/wp\/v2\/users\/1"}],"replies":[{"embeddable":true,"href":"https:\/\/claudissimo-music.de\/en\/wp-json\/wp\/v2\/comments?post=438"}],"version-history":[{"count":25,"href":"https:\/\/claudissimo-music.de\/en\/wp-json\/wp\/v2\/pages\/438\/revisions"}],"predecessor-version":[{"id":3815,"href":"https:\/\/claudissimo-music.de\/en\/wp-json\/wp\/v2\/pages\/438\/revisions\/3815"}],"wp:attachment":[{"href":"https:\/\/claudissimo-music.de\/en\/wp-json\/wp\/v2\/media?parent=438"}],"curies":[{"name":"wp","href":"https:\/\/api.w.org\/{rel}","templated":true}]}}