{"id":434,"date":"2017-04-15T12:25:48","date_gmt":"2017-04-15T10:25:48","guid":{"rendered":"http:\/\/claudissimo-music.de\/?page_id=434"},"modified":"2023-08-14T15:52:45","modified_gmt":"2023-08-14T13:52:45","slug":"floeten","status":"publish","type":"page","link":"https:\/\/claudissimo-music.de\/en\/floeten\/","title":{"rendered":"Flutes"},"content":{"rendered":"<h1><span style=\"color: #9635bd; font-family: comic sans ms, sans-serif; font-size: 16pt;\"><a href=\"https:\/\/claudissimo-music.de\/wp-content\/uploads\/2017\/04\/P4160054-600x800.jpg\"><img loading=\"lazy\" decoding=\"async\" class=\"alignleft size-medium wp-image-699\" src=\"https:\/\/claudissimo-music.de\/wp-content\/uploads\/2017\/04\/P4160054-600x800-225x300.jpg\" alt=\"\" width=\"225\" height=\"300\" srcset=\"https:\/\/claudissimo-music.de\/wp-content\/uploads\/2017\/04\/P4160054-600x800-225x300.jpg 225w, https:\/\/claudissimo-music.de\/wp-content\/uploads\/2017\/04\/P4160054-600x800.jpg 600w\" sizes=\"auto, (max-width: 225px) 100vw, 225px\" \/><\/a>Folgende Fl\u00f6ten kommen zum Einsatz:<\/span><\/h1>\n<p><span style=\"color: #3735ab;\"><strong>&#8211; Sopranblockfl\u00f6te<br \/>\n<\/strong><\/span><span style=\"color: #3735ab;\"><strong>&#8211; Altblockfl\u00f6te<\/strong><\/span><\/p>\n<p>Blockfl\u00f6ten werden meist aus Holz hergestellt (Birnbaum, Ahorn, Zwetschge, Krische, Buchsbaum). Je nach Holzart ist der Preis unterschiedlich. Hersteller von Blockfl\u00f6ten sind u.a. K\u00fcng, Moeck, Mollenhauer,\u2026<\/p>","protected":false},"excerpt":{"rendered":"<p>Folgende Fl\u00f6ten kommen zum Einsatz: &#8211; Sopranblockfl\u00f6te &#8211; Altblockfl\u00f6te Blockfl\u00f6ten werden meist aus Holz hergestellt (Birnbaum, Ahorn, Zwetschge, Krische, Buchsbaum). Je nach Holzart ist der Preis unterschiedlich. Hersteller von Blockfl\u00f6ten sind u.a. K\u00fcng, Moeck, Mollenhauer,\u2026<\/p>","protected":false},"author":1,"featured_media":0,"parent":0,"menu_order":0,"comment_status":"closed","ping_status":"closed","template":"","meta":{"_monsterinsights_skip_tracking":false,"_monsterinsights_sitenote_active":false,"_monsterinsights_sitenote_note":"","_monsterinsights_sitenote_category":0,"footnotes":""},"class_list":["post-434","page","type-page","status-publish","hentry"],"_links":{"self":[{"href":"https:\/\/claudissimo-music.de\/en\/wp-json\/wp\/v2\/pages\/434","targetHints":{"allow":["GET"]}}],"collection":[{"href":"https:\/\/claudissimo-music.de\/en\/wp-json\/wp\/v2\/pages"}],"about":[{"href":"https:\/\/claudissimo-music.de\/en\/wp-json\/wp\/v2\/types\/page"}],"author":[{"embeddable":true,"href":"https:\/\/claudissimo-music.de\/en\/wp-json\/wp\/v2\/users\/1"}],"replies":[{"embeddable":true,"href":"https:\/\/claudissimo-music.de\/en\/wp-json\/wp\/v2\/comments?post=434"}],"version-history":[{"count":33,"href":"https:\/\/claudissimo-music.de\/en\/wp-json\/wp\/v2\/pages\/434\/revisions"}],"predecessor-version":[{"id":3432,"href":"https:\/\/claudissimo-music.de\/en\/wp-json\/wp\/v2\/pages\/434\/revisions\/3432"}],"wp:attachment":[{"href":"https:\/\/claudissimo-music.de\/en\/wp-json\/wp\/v2\/media?parent=434"}],"curies":[{"name":"wp","href":"https:\/\/api.w.org\/{rel}","templated":true}]}}