{"id":4280,"date":"2025-02-19T17:41:39","date_gmt":"2025-02-19T16:41:39","guid":{"rendered":"https:\/\/claudissimo-music.de\/?page_id=4280"},"modified":"2025-02-19T17:41:40","modified_gmt":"2025-02-19T16:41:40","slug":"termine-timber-tides","status":"publish","type":"page","link":"https:\/\/claudissimo-music.de\/en\/termine-timber-tides\/","title":{"rendered":"Termine TIMBER &amp; TIDES"},"content":{"rendered":"<h1><span style=\"color: #9635bd; font-family: comic sans ms,sans-serif; font-size: 16pt;\">The following concerts are scheduled:<\/span><\/h1>\n\n\n<p><strong>Freitag 11. April 2025    19:00 Uhr<\/strong><br><strong><strong>im Folkclub in der Alten Kelter in Winnenden,<\/strong><\/strong><br><strong><strong>Paulinenstr. 33, 71364 Winnenden<\/strong><\/strong><\/p>\n\n\n\n<p><strong><strong>Sonntag 07. Dezember 2025    17:00 Uhr<\/strong><br><strong><strong>Veranstaltungsreihe &#8222;Jour Fix&#8220;  in der Alten Kelter in Winnenden,<\/strong><\/strong><br><strong><strong>Paulinenstr. 33, 71364 Winnenden<\/strong><\/strong><\/strong><\/p>\n\n\n\n<p class=\"translation-block\">Further <mark style=\"color:#3735ab\" class=\"has-inline-color\"><strong>dates and more info on the \u2013&gt; <a href=\"https:\/\/www.colludiestone.com\/\" target=\"_blank\" rel=\"noreferrer noopener\">band homepage!<\/a><\/strong><\/mark><\/p>\n\n\n\n<p><strong><mark style=\"background-color:rgba(0, 0, 0, 0);color:#3735AB\" class=\"has-inline-color\">H\u00f6rprobe:<\/mark><mark style=\"background-color:rgba(0, 0, 0, 0)\" class=\"has-inline-color has-green-color\"> <\/mark>  Folgt in K\u00fcrze<\/strong><br><\/p>\n\n\n<div class=\"wp-block-image\">\n<figure class=\"aligncenter size-full is-resized\"><img loading=\"lazy\" decoding=\"async\" width=\"900\" height=\"600\" src=\"https:\/\/claudissimo-music.de\/wp-content\/uploads\/2025\/02\/Timber_Banner_900x600.jpg\" alt=\"\" class=\"wp-image-4272\" style=\"aspect-ratio:1.232258064516129;width:592px;height:auto\" srcset=\"https:\/\/claudissimo-music.de\/wp-content\/uploads\/2025\/02\/Timber_Banner_900x600.jpg 900w, https:\/\/claudissimo-music.de\/wp-content\/uploads\/2025\/02\/Timber_Banner_900x600-300x200.jpg 300w, https:\/\/claudissimo-music.de\/wp-content\/uploads\/2025\/02\/Timber_Banner_900x600-768x512.jpg 768w, https:\/\/claudissimo-music.de\/wp-content\/uploads\/2025\/02\/Timber_Banner_900x600-18x12.jpg 18w\" sizes=\"auto, (max-width: 900px) 100vw, 900px\" \/><\/figure><\/div>\n\n\n<p>Trio und auch ich freue mich \u00fcber jeden Besucher und nat\u00fcrlich besonders \u00fcber bekannte Gesichter.<\/p>\n\n\n\n<p><\/p>","protected":false},"excerpt":{"rendered":"<p>Folgende Konzerte stehen an: Freitag 11. April 2025 19:00 Uhrim Folkclub in der Alten Kelter in Winnenden,Paulinenstr. 33, 71364 Winnenden Sonntag 07. Dezember 2025 17:00 UhrVeranstaltungsreihe &#8222;Jour Fix&#8220; in der Alten Kelter in Winnenden,Paulinenstr. 33, 71364 Winnenden Weitere Termine und mehr Info auf der &#8211;> Band Homepage! H\u00f6rprobe: Folgt in K\u00fcrze Trio und auch ich &hellip; <a href=\"https:\/\/claudissimo-music.de\/en\/termine-timber-tides\/\" class=\"more-link\">Continue reading <span class=\"screen-reader-text\">Termine TIMBER &amp; TIDES<\/span> <span class=\"meta-nav\">&rarr;<\/span><\/a><\/p>","protected":false},"author":1,"featured_media":0,"parent":0,"menu_order":0,"comment_status":"closed","ping_status":"closed","template":"","meta":{"_monsterinsights_skip_tracking":false,"_monsterinsights_sitenote_active":false,"_monsterinsights_sitenote_note":"","_monsterinsights_sitenote_category":0,"footnotes":""},"class_list":["post-4280","page","type-page","status-publish","hentry"],"_links":{"self":[{"href":"https:\/\/claudissimo-music.de\/en\/wp-json\/wp\/v2\/pages\/4280","targetHints":{"allow":["GET"]}}],"collection":[{"href":"https:\/\/claudissimo-music.de\/en\/wp-json\/wp\/v2\/pages"}],"about":[{"href":"https:\/\/claudissimo-music.de\/en\/wp-json\/wp\/v2\/types\/page"}],"author":[{"embeddable":true,"href":"https:\/\/claudissimo-music.de\/en\/wp-json\/wp\/v2\/users\/1"}],"replies":[{"embeddable":true,"href":"https:\/\/claudissimo-music.de\/en\/wp-json\/wp\/v2\/comments?post=4280"}],"version-history":[{"count":3,"href":"https:\/\/claudissimo-music.de\/en\/wp-json\/wp\/v2\/pages\/4280\/revisions"}],"predecessor-version":[{"id":4284,"href":"https:\/\/claudissimo-music.de\/en\/wp-json\/wp\/v2\/pages\/4280\/revisions\/4284"}],"wp:attachment":[{"href":"https:\/\/claudissimo-music.de\/en\/wp-json\/wp\/v2\/media?parent=4280"}],"curies":[{"name":"wp","href":"https:\/\/api.w.org\/{rel}","templated":true}]}}