{"id":427,"date":"2017-04-15T12:16:07","date_gmt":"2017-04-15T10:16:07","guid":{"rendered":"http:\/\/claudissimo-music.de\/?page_id=427"},"modified":"2018-01-05T23:12:30","modified_gmt":"2018-01-05T22:12:30","slug":"instrumente","status":"publish","type":"page","link":"https:\/\/claudissimo-music.de\/en\/instrumente\/","title":{"rendered":"Instruments"},"content":{"rendered":"<h1 style=\"text-align: left;\" class=\"translation-block\"><span style=\"font-size: 16pt;color: #9635bd\"><span style=\"font-family: comic sans ms, sans-serif\">Images &amp; description of my<\/span><span style=\"font-family: comic sans ms, sans-serif\">Ins<\/span><span style=\"font-family: comic sans ms, sans-serif\">trumente<\/span><\/span><\/h1>\n<p style=\"text-align: left;\"><span style=\"color: #000000;\"><div id=\"metaslider-id-504\" style=\"width: 100%; margin: 0 auto;\" class=\"ml-slider-3-101-0 metaslider metaslider-nivo metaslider-504 ml-slider ms-theme-default\" role=\"region\" aria-label=\"Instrumente2\" data-height=\"480\" data-width=\"480\">\n    <div id=\"metaslider_container_504\">\n        <div class='slider-wrapper theme-default'><div class='ribbon'><\/div><div id='metaslider_504' class='nivoSlider'><img loading=\"lazy\" decoding=\"async\" src=\"https:\/\/claudissimo-music.de\/wp-content\/uploads\/2017\/04\/P4160051-800x600-480x480.jpg\" height=\"480\" width=\"480\" alt=\"\" class=\"slider-504 slide-706 msDefaultImage\" \/><img loading=\"lazy\" decoding=\"async\" src=\"https:\/\/claudissimo-music.de\/wp-content\/uploads\/2017\/04\/P4160054-600x800-480x480.jpg\" height=\"480\" width=\"480\" alt=\"\" class=\"slider-504 slide-704 msDefaultImage\" \/><img loading=\"lazy\" decoding=\"async\" src=\"https:\/\/claudissimo-music.de\/wp-content\/uploads\/2017\/04\/P4160048-600x800-480x480.jpg\" height=\"480\" width=\"480\" alt=\"\" class=\"slider-504 slide-708 msDefaultImage\" \/><img loading=\"lazy\" decoding=\"async\" src=\"https:\/\/claudissimo-music.de\/wp-content\/uploads\/2017\/04\/P4160047-600x800-480x480.jpg\" height=\"480\" width=\"480\" alt=\"\" class=\"slider-504 slide-709 msDefaultImage\" \/><img loading=\"lazy\" decoding=\"async\" src=\"https:\/\/claudissimo-music.de\/wp-content\/uploads\/2017\/04\/P4160043-600x800-480x480.jpg\" height=\"480\" width=\"480\" alt=\"\" class=\"slider-504 slide-713 msDefaultImage\" \/><img loading=\"lazy\" decoding=\"async\" src=\"https:\/\/claudissimo-music.de\/wp-content\/uploads\/2017\/04\/P4150028-600x800-480x480.jpg\" height=\"480\" width=\"480\" alt=\"\" class=\"slider-504 slide-718 msDefaultImage\" \/><img loading=\"lazy\" decoding=\"async\" src=\"https:\/\/claudissimo-music.de\/wp-content\/uploads\/2017\/04\/P4150031-600x800-480x480.jpg\" height=\"480\" width=\"480\" alt=\"\" class=\"slider-504 slide-716 msDefaultImage\" \/><img loading=\"lazy\" decoding=\"async\" src=\"https:\/\/claudissimo-music.de\/wp-content\/uploads\/2017\/04\/P4160041-600x800-480x480.jpg\" height=\"480\" width=\"480\" alt=\"\" class=\"slider-504 slide-715 msDefaultImage\" \/><img loading=\"lazy\" decoding=\"async\" src=\"https:\/\/claudissimo-music.de\/wp-content\/uploads\/2017\/04\/P4160049-800x600-480x480.jpg\" height=\"480\" width=\"480\" alt=\"\" class=\"slider-504 slide-707 msDefaultImage\" \/><img loading=\"lazy\" decoding=\"async\" src=\"https:\/\/claudissimo-music.de\/wp-content\/uploads\/2017\/04\/P4160042-600x800-480x480.jpg\" height=\"480\" width=\"480\" alt=\"\" class=\"slider-504 slide-714 msDefaultImage\" \/><img loading=\"lazy\" decoding=\"async\" src=\"https:\/\/claudissimo-music.de\/wp-content\/uploads\/2017\/04\/P4160044-800x600-480x480.jpg\" height=\"480\" width=\"480\" alt=\"\" class=\"slider-504 slide-712 msDefaultImage\" \/><img loading=\"lazy\" decoding=\"async\" src=\"https:\/\/claudissimo-music.de\/wp-content\/uploads\/2017\/04\/P4160052-800x600-480x480.jpg\" height=\"480\" width=\"480\" alt=\"\" class=\"slider-504 slide-705 msDefaultImage\" \/><img loading=\"lazy\" decoding=\"async\" src=\"https:\/\/claudissimo-music.de\/wp-content\/uploads\/2017\/04\/P4160056-600x800-480x480.jpg\" height=\"480\" width=\"480\" alt=\"\" class=\"slider-504 slide-702 msDefaultImage\" \/><img loading=\"lazy\" decoding=\"async\" src=\"https:\/\/claudissimo-music.de\/wp-content\/uploads\/2017\/04\/P4150027-800x600-480x480.jpg\" height=\"480\" width=\"480\" alt=\"\" class=\"slider-504 slide-719 msDefaultImage\" \/><img loading=\"lazy\" decoding=\"async\" src=\"https:\/\/claudissimo-music.de\/wp-content\/uploads\/2017\/04\/P4160046-600x800-480x480.jpg\" height=\"480\" width=\"480\" alt=\"\" class=\"slider-504 slide-710 msDefaultImage\" \/><img loading=\"lazy\" decoding=\"async\" src=\"https:\/\/claudissimo-music.de\/wp-content\/uploads\/2017\/04\/P4150029-600x800-480x480.jpg\" height=\"480\" width=\"480\" alt=\"\" class=\"slider-504 slide-717 msDefaultImage\" \/><img loading=\"lazy\" decoding=\"async\" src=\"https:\/\/claudissimo-music.de\/wp-content\/uploads\/2017\/04\/P4160055-600x800-480x480.jpg\" height=\"480\" width=\"480\" alt=\"\" class=\"slider-504 slide-703 msDefaultImage\" \/><img loading=\"lazy\" decoding=\"async\" src=\"https:\/\/claudissimo-music.de\/wp-content\/uploads\/2017\/04\/P4150026-800x600-480x480.jpg\" height=\"480\" width=\"480\" alt=\"\" class=\"slider-504 slide-720 msDefaultImage\" \/><img loading=\"lazy\" decoding=\"async\" src=\"https:\/\/claudissimo-music.de\/wp-content\/uploads\/2017\/04\/P4160045-600x800-480x480.jpg\" height=\"480\" width=\"480\" alt=\"\" class=\"slider-504 slide-711 msDefaultImage\" \/><\/div><\/div>\n        \n    <\/div>\n<\/div><\/span><\/p>\n<ul>\n<li><a href=\"http:\/\/claudissimo-music.de\/en\/instrumente-zur-frueherziehung\/\"><strong>Musical instruments for early education<\/strong><\/a><\/li>\n<li><a href=\"http:\/\/claudissimo-music.de\/en\/floeten\/\"><strong>Flutes<\/strong><\/a><\/li>\n<li><a href=\"http:\/\/claudissimo-music.de\/en\/nyckelharpa\/\"><strong>Nyckelharpa (keyed fiddle)<\/strong><\/a><\/li>\n<li><a href=\"http:\/\/claudissimo-music.de\/en\/drehleier\/\"><strong>Hurdy-gurdy<\/strong><\/a><\/li>\n<li><a href=\"http:\/\/claudissimo-music.de\/en\/geige\/\"><strong>Violin<\/strong><\/a><\/li>\n<\/ul>","protected":false},"excerpt":{"rendered":"<p>Bilder &amp; Beschreibung meiner Instrumente Musikinstrumente zur Fr\u00fcherziehung Fl\u00f6ten Nyckelharpa (Schl\u00fcsselfidel) Drehleier Geige<\/p>","protected":false},"author":1,"featured_media":0,"parent":0,"menu_order":0,"comment_status":"closed","ping_status":"closed","template":"","meta":{"_monsterinsights_skip_tracking":false,"_monsterinsights_sitenote_active":false,"_monsterinsights_sitenote_note":"","_monsterinsights_sitenote_category":0,"footnotes":""},"class_list":["post-427","page","type-page","status-publish","hentry"],"_links":{"self":[{"href":"https:\/\/claudissimo-music.de\/en\/wp-json\/wp\/v2\/pages\/427","targetHints":{"allow":["GET"]}}],"collection":[{"href":"https:\/\/claudissimo-music.de\/en\/wp-json\/wp\/v2\/pages"}],"about":[{"href":"https:\/\/claudissimo-music.de\/en\/wp-json\/wp\/v2\/types\/page"}],"author":[{"embeddable":true,"href":"https:\/\/claudissimo-music.de\/en\/wp-json\/wp\/v2\/users\/1"}],"replies":[{"embeddable":true,"href":"https:\/\/claudissimo-music.de\/en\/wp-json\/wp\/v2\/comments?post=427"}],"version-history":[{"count":13,"href":"https:\/\/claudissimo-music.de\/en\/wp-json\/wp\/v2\/pages\/427\/revisions"}],"predecessor-version":[{"id":1380,"href":"https:\/\/claudissimo-music.de\/en\/wp-json\/wp\/v2\/pages\/427\/revisions\/1380"}],"wp:attachment":[{"href":"https:\/\/claudissimo-music.de\/en\/wp-json\/wp\/v2\/media?parent=427"}],"curies":[{"name":"wp","href":"https:\/\/api.w.org\/{rel}","templated":true}]}}