{"id":4168,"date":"2025-01-19T14:13:13","date_gmt":"2025-01-19T13:13:13","guid":{"rendered":"https:\/\/claudissimo-music.de\/?page_id=4168"},"modified":"2025-01-19T15:32:52","modified_gmt":"2025-01-19T14:32:52","slug":"drehleierworkshop-schweiz-2024","status":"publish","type":"page","link":"https:\/\/claudissimo-music.de\/en\/drehleierworkshop-schweiz-2024\/","title":{"rendered":"Drehleierworkshop Schweiz 2024"},"content":{"rendered":"<h1><span style=\"color: #9635bd; font-family: comic sans ms, sans-serif; font-size: 16pt;\">&#8222;Hurdy-Gurdy Swiss Intensive\u201c Schloss Schule Uster (ZH) Oktober 2024<\/span><\/h1>\n<p><a href=\"https:\/\/claudissimo-music.de\/wp-content\/uploads\/2024\/09\/Plakat_Workshop_Uster_S.jpg\"><img loading=\"lazy\" decoding=\"async\" class=\"wp-image-4038  alignleft\" src=\"https:\/\/claudissimo-music.de\/wp-content\/uploads\/2024\/09\/Plakat_Workshop_Uster_S.jpg\" alt=\"\" width=\"182\" height=\"207\" srcset=\"https:\/\/claudissimo-music.de\/wp-content\/uploads\/2024\/09\/Plakat_Workshop_Uster_S.jpg 1200w, https:\/\/claudissimo-music.de\/wp-content\/uploads\/2024\/09\/Plakat_Workshop_Uster_S-263x300.jpg 263w, https:\/\/claudissimo-music.de\/wp-content\/uploads\/2024\/09\/Plakat_Workshop_Uster_S-898x1024.jpg 898w, https:\/\/claudissimo-music.de\/wp-content\/uploads\/2024\/09\/Plakat_Workshop_Uster_S-768x876.jpg 768w\" sizes=\"auto, (max-width: 182px) 100vw, 182px\" \/><\/a><strong>Spa\u00df und Lernen vereint!<\/strong><br \/>\nVom 11. &#8211; 13. Oktober 2024 fand der\u00a0 Drehleierkurs statt, der Teilnehmer aus verschiedenen Regionen der Schweiz zusammenbrachte. Unter der Anleitung erfahrener Dozenten hatten die Teilnehmer die M\u00f6glichkeit, die faszinierende Welt der Drehleier kennenzulernen und ihre F\u00e4higkeiten zu vertiefen.<br \/>\nDer Kurs bot nicht nur eine hervorragende Gelegenheit, die Technik des Instruments zu erlernen, sondern auch viel Raum f\u00fcr Kreativit\u00e4t und Austausch. Die Teilnehmer berichteten von einer inspirierenden Atmosph\u00e4re, in der das Lernen mit viel Spa\u00df und Freude verbunden war. \u00a0 \u00a0<strong><a href=\"https:\/\/youtu.be\/TIWCa0EJr5w\" target=\"_blank\" rel=\"noopener\">&#8211;&gt;\u00a0 Kursvideo<\/a><\/strong><br \/>\nMit einem abwechslungsreichen Programm, das sowohl theoretische als auch praktische Elemente beinhaltete, konnten die Teilnehmer nicht nur ihr Wissen erweitern, sondern auch neue Kontakte kn\u00fcpfen.<\/p>\n<div id=\"metaslider-id-4182\" style=\"width: 100%;\" class=\"ml-slider-3-101-0 metaslider metaslider-flex metaslider-4182 ml-slider has-onhover-arrows ms-theme-default nav-hidden\" role=\"region\" aria-label=\"Drehleier_CH_24\" data-height=\"600\" data-width=\"800\">\n    <div id=\"metaslider_container_4182\">\n        <div id=\"metaslider_4182\">\n            <ul class='slides'>\n                <li style=\"display: block; width: 100%;\" class=\"slide-4185 ms-image\" aria-roledescription=\"slide\" data-date=\"2025-01-19 15:02:14\"><img loading=\"lazy\" decoding=\"async\" src=\"https:\/\/claudissimo-music.de\/wp-content\/uploads\/2025\/01\/Drehleier_Schweiz24_1_3-4-800x600.jpg\" height=\"600\" width=\"800\" alt=\"\" class=\"slider-4182 slide-4185 msDefaultImage\" title=\"Drehleier_Schweiz24_1_3-4\" \/><\/li>\n                <li style=\"display: none; width: 100%;\" class=\"slide-4186 ms-image\" aria-roledescription=\"slide\" data-date=\"2025-01-19 15:02:14\"><img loading=\"lazy\" decoding=\"async\" src=\"https:\/\/claudissimo-music.de\/wp-content\/uploads\/2025\/01\/Drehleier_Schweiz24_2_S-800x600.jpg\" height=\"600\" width=\"800\" alt=\"\" class=\"slider-4182 slide-4186 msDefaultImage\" title=\"Drehleier_Schweiz24_2_S\" \/><\/li>\n            <\/ul>\n        <\/div>\n        \n    <\/div>\n<\/div>","protected":false},"excerpt":{"rendered":"<p>&#8222;Hurdy-Gurdy Swiss Intensive\u201c Schloss Schule Uster (ZH) Oktober 2024 Spa\u00df und Lernen vereint! Vom 11. &#8211; 13. Oktober 2024 fand der\u00a0 Drehleierkurs statt, der Teilnehmer aus verschiedenen Regionen der Schweiz zusammenbrachte. Unter der Anleitung erfahrener Dozenten hatten die Teilnehmer die M\u00f6glichkeit, die faszinierende Welt der Drehleier kennenzulernen und ihre F\u00e4higkeiten zu vertiefen. Der Kurs bot &hellip; <a href=\"https:\/\/claudissimo-music.de\/en\/drehleierworkshop-schweiz-2024\/\" class=\"more-link\">Continue reading <span class=\"screen-reader-text\">Drehleierworkshop Schweiz 2024<\/span> <span class=\"meta-nav\">&rarr;<\/span><\/a><\/p>","protected":false},"author":1,"featured_media":0,"parent":0,"menu_order":0,"comment_status":"closed","ping_status":"closed","template":"","meta":{"_monsterinsights_skip_tracking":false,"_monsterinsights_sitenote_active":false,"_monsterinsights_sitenote_note":"","_monsterinsights_sitenote_category":0,"footnotes":""},"class_list":["post-4168","page","type-page","status-publish","hentry"],"_links":{"self":[{"href":"https:\/\/claudissimo-music.de\/en\/wp-json\/wp\/v2\/pages\/4168","targetHints":{"allow":["GET"]}}],"collection":[{"href":"https:\/\/claudissimo-music.de\/en\/wp-json\/wp\/v2\/pages"}],"about":[{"href":"https:\/\/claudissimo-music.de\/en\/wp-json\/wp\/v2\/types\/page"}],"author":[{"embeddable":true,"href":"https:\/\/claudissimo-music.de\/en\/wp-json\/wp\/v2\/users\/1"}],"replies":[{"embeddable":true,"href":"https:\/\/claudissimo-music.de\/en\/wp-json\/wp\/v2\/comments?post=4168"}],"version-history":[{"count":17,"href":"https:\/\/claudissimo-music.de\/en\/wp-json\/wp\/v2\/pages\/4168\/revisions"}],"predecessor-version":[{"id":4198,"href":"https:\/\/claudissimo-music.de\/en\/wp-json\/wp\/v2\/pages\/4168\/revisions\/4198"}],"wp:attachment":[{"href":"https:\/\/claudissimo-music.de\/en\/wp-json\/wp\/v2\/media?parent=4168"}],"curies":[{"name":"wp","href":"https:\/\/api.w.org\/{rel}","templated":true}]}}