{"id":4165,"date":"2025-01-19T14:06:35","date_gmt":"2025-01-19T13:06:35","guid":{"rendered":"https:\/\/claudissimo-music.de\/?page_id=4165"},"modified":"2025-06-16T18:30:37","modified_gmt":"2025-06-16T16:30:37","slug":"lissberger-leiertage-2024","status":"publish","type":"page","link":"https:\/\/claudissimo-music.de\/en\/lissberger-leiertage-2024\/","title":{"rendered":"Li\u00dfberger Leiertage"},"content":{"rendered":"<h1><span style=\"color: #9635bd; font-family: comic sans ms, sans-serif; font-size: 16pt;\">Li\u00dfberger Leiertage in Li\u00dfberg Mai 2025<\/span><\/h1>\n<div id=\"metaslider-id-4320\" style=\"width: 100%;\" class=\"ml-slider-3-101-0 metaslider metaslider-flex metaslider-4320 ml-slider has-onhover-arrows ms-theme-default nav-hidden\" role=\"region\" aria-label=\"Li\u00dfberg25\" data-height=\"400\" data-width=\"600\">\n    <div id=\"metaslider_container_4320\">\n        <div id=\"metaslider_4320\">\n            <ul class='slides'>\n                <li style=\"display: block; width: 100%;\" class=\"slide-4321 ms-image\" aria-roledescription=\"slide\" data-date=\"2025-06-16 18:22:29\"><img loading=\"lazy\" decoding=\"async\" src=\"https:\/\/claudissimo-music.de\/wp-content\/uploads\/2025\/06\/Workshop-0525_2_3-2-600x400.jpg\" height=\"400\" width=\"600\" alt=\"\" class=\"slider-4320 slide-4321 msDefaultImage\" title=\"Workshop-0525_2_3-2\" \/><\/li>\n                <li style=\"display: none; width: 100%;\" class=\"slide-4322 ms-image\" aria-roledescription=\"slide\" data-date=\"2025-06-16 18:22:29\"><img loading=\"lazy\" decoding=\"async\" src=\"https:\/\/claudissimo-music.de\/wp-content\/uploads\/2025\/06\/Workshop-0525_1_3-2-600x400.jpg\" height=\"400\" width=\"600\" alt=\"\" class=\"slider-4320 slide-4322 msDefaultImage\" title=\"Workshop-0525_1_3-2\" \/><\/li>\n            <\/ul>\n        <\/div>\n        \n    <\/div>\n<\/div>\n<p>Im Mai 2025 fanden in Li\u00dfberg die allj\u00e4hrlichen Drehleiertage statt!<\/p>\n<ul>\n<li>8 Kurse f\u00fcr Drehleier: alle Niveaus, unterschiedliche Themen.<\/li>\n<li>1 Ensemblekurs f\u00fcr Begleitpersonen (Do &amp; Fr)<\/li>\n<li>Auf dem herrlichen historischen Li\u00dfberger Burggel\u00e4nde campieren<\/li>\n<li>Abendprogramm mit kleinen Konzerten, musikalischen Sessions, fachlichen Diskussionen in der Burghalle<\/li>\n<li>Kostenlose F\u00fchrung im Musikinstrumentenmuseum<\/li>\n<li>Und viel Gelegenheit zum Austausch\u2026<\/li>\n<\/ul>\n<h1><span style=\"color: #9635bd; font-family: comic sans ms, sans-serif; font-size: 16pt;\">Li\u00dfberger Leiertage in Li\u00dfberg Mai 2024<\/span><\/h1>\n<div id=\"metaslider-id-4219\" style=\"width: 100%;\" class=\"ml-slider-3-101-0 metaslider metaslider-flex metaslider-4219 ml-slider has-onhover-arrows ms-theme-default nav-hidden nav-hidden\" role=\"region\" aria-label=\"Li\u00dfberg24\" data-height=\"600\" data-width=\"800\">\n    <div id=\"metaslider_container_4219\">\n        <div id=\"metaslider_4219\">\n            <ul class='slides'>\n                <li style=\"display: block; width: 100%;\" class=\"slide-4223 ms-image\" aria-roledescription=\"slide\" data-date=\"2025-01-19 16:19:31\"><img loading=\"lazy\" decoding=\"async\" src=\"https:\/\/claudissimo-music.de\/wp-content\/uploads\/2025\/01\/Lisberg_2_4-3.jpg\" height=\"600\" width=\"800\" alt=\"\" class=\"slider-4219 slide-4223 msDefaultImage\" title=\"Lisberg_2_4-3\" \/><\/li>\n                <li style=\"display: none; width: 100%;\" class=\"slide-4222 ms-image\" aria-roledescription=\"slide\" data-date=\"2025-01-19 16:19:31\"><img loading=\"lazy\" decoding=\"async\" src=\"https:\/\/claudissimo-music.de\/wp-content\/uploads\/2025\/01\/Lisberg_1_4-3-800x600.jpg\" height=\"600\" width=\"800\" alt=\"\" class=\"slider-4219 slide-4222 msDefaultImage\" title=\"Lisberg_1_4-3\" \/><\/li>\n            <\/ul>\n        <\/div>\n        \n    <\/div>\n<\/div>\n<p>Im Mai 2024 fanden in Li\u00dfberg die spannenden Drehleiertage statt! Insgesamt wurden 7 Kurse angeboten, die f\u00fcr alle Niveaus geeignet waren \u2013 vom Anf\u00e4nger bis zum Fortgeschrittenen. Die Teilnehmer hatten viel Spa\u00df in einer inspirierenden Atmosph\u00e4re. Bei bestem Wetter hatten alle eine tolle gemeinsame Zeit!<\/p>\n<p><strong>Vorank\u00fcndigung f\u00fcr 2026:<\/strong><\/p>\n<p>Folgt sobald Info vorhanden<\/p>\n\n\n<p><\/p>\n\n\n\n<p><\/p>","protected":false},"excerpt":{"rendered":"<p>Li\u00dfberger Leiertage in Li\u00dfberg Mai 2025 Im Mai 2025 fanden in Li\u00dfberg die allj\u00e4hrlichen Drehleiertage statt! 8 Kurse f\u00fcr Drehleier: alle Niveaus, unterschiedliche Themen. 1 Ensemblekurs f\u00fcr Begleitpersonen (Do &amp; Fr) Auf dem herrlichen historischen Li\u00dfberger Burggel\u00e4nde campieren Abendprogramm mit kleinen Konzerten, musikalischen Sessions, fachlichen Diskussionen in der Burghalle Kostenlose F\u00fchrung im Musikinstrumentenmuseum Und viel &hellip; <a href=\"https:\/\/claudissimo-music.de\/en\/lissberger-leiertage-2024\/\" class=\"more-link\">Continue reading <span class=\"screen-reader-text\">Li\u00dfberger Leiertage<\/span> <span class=\"meta-nav\">&rarr;<\/span><\/a><\/p>","protected":false},"author":1,"featured_media":0,"parent":0,"menu_order":0,"comment_status":"closed","ping_status":"closed","template":"","meta":{"_monsterinsights_skip_tracking":false,"_monsterinsights_sitenote_active":false,"_monsterinsights_sitenote_note":"","_monsterinsights_sitenote_category":0,"footnotes":""},"class_list":["post-4165","page","type-page","status-publish","hentry"],"_links":{"self":[{"href":"https:\/\/claudissimo-music.de\/en\/wp-json\/wp\/v2\/pages\/4165","targetHints":{"allow":["GET"]}}],"collection":[{"href":"https:\/\/claudissimo-music.de\/en\/wp-json\/wp\/v2\/pages"}],"about":[{"href":"https:\/\/claudissimo-music.de\/en\/wp-json\/wp\/v2\/types\/page"}],"author":[{"embeddable":true,"href":"https:\/\/claudissimo-music.de\/en\/wp-json\/wp\/v2\/users\/1"}],"replies":[{"embeddable":true,"href":"https:\/\/claudissimo-music.de\/en\/wp-json\/wp\/v2\/comments?post=4165"}],"version-history":[{"count":20,"href":"https:\/\/claudissimo-music.de\/en\/wp-json\/wp\/v2\/pages\/4165\/revisions"}],"predecessor-version":[{"id":4324,"href":"https:\/\/claudissimo-music.de\/en\/wp-json\/wp\/v2\/pages\/4165\/revisions\/4324"}],"wp:attachment":[{"href":"https:\/\/claudissimo-music.de\/en\/wp-json\/wp\/v2\/media?parent=4165"}],"curies":[{"name":"wp","href":"https:\/\/api.w.org\/{rel}","templated":true}]}}