{"id":4,"date":"2016-10-03T20:09:06","date_gmt":"2016-10-03T18:09:06","guid":{"rendered":"http:\/\/claudissimo-music.de\/?page_id=4"},"modified":"2025-01-19T19:50:01","modified_gmt":"2025-01-19T18:50:01","slug":"wer-bin-ich","status":"publish","type":"page","link":"https:\/\/claudissimo-music.de\/en\/wer-bin-ich\/","title":{"rendered":"Wer bin &#8222;Ich&#8220;"},"content":{"rendered":"<h1><span style=\"font-family: comic sans ms, sans-serif; font-size: 16pt; color: #9635bd;\">&#8230; nun &#8222;Musik&#8220; und &#8222;Tanz&#8220; begeistert!<\/span><\/h1>\n<p class=\"translation-block\"><a href=\"\/\/claudissimo-music.de\/wp-content\/uploads\/2017\/04\/Z_Claudia.jpg\u201d\" target=\"\u201c_self\u201d\"><img class=\"\u201calignleft\" src=\"\/\/claudissimo-music.de\/wp-content\/uploads\/2017\/04\/Z_Claudia-300x213.jpg\u201d\" alt=\"\u201c\u201d\" width=\"\u201c300\u201d\" height=\"\u201c213\u201d\"><\/a>I have been making music with great enthusiasm and dedication since my early childhood days. From recorders to accordion and guitar, I came to string instruments. Playing the violin was always my dream, which I fulfilled. Then came hurdy-gurdy and nyckelharpa. I love the colorful bouquet of different musical styles:&lt;br\nIrish\/Scottish folk, balfolk, renaissance and baroque music.<\/p>\n<p>I play and sing fiddle, hurdy-gurdy and nyckelharpa in various bands. I have been enthusiastically teaching young and old for decades and founded my own private music school.<br \/>\n<a href=\"https:\/\/claudissimo-music.de\/wp-content\/uploads\/2023\/12\/Claudia_Banner.jpg\"><img loading=\"lazy\" decoding=\"async\" class=\"alignleft  wp-image-3735\" src=\"https:\/\/claudissimo-music.de\/wp-content\/uploads\/2023\/12\/Claudia_Banner.jpg\" alt=\"\" width=\"628\" height=\"314\" srcset=\"https:\/\/claudissimo-music.de\/wp-content\/uploads\/2023\/12\/Claudia_Banner.jpg 1238w, https:\/\/claudissimo-music.de\/wp-content\/uploads\/2023\/12\/Claudia_Banner-300x150.jpg 300w, https:\/\/claudissimo-music.de\/wp-content\/uploads\/2023\/12\/Claudia_Banner-1024x512.jpg 1024w, https:\/\/claudissimo-music.de\/wp-content\/uploads\/2023\/12\/Claudia_Banner-768x384.jpg 768w\" sizes=\"auto, (max-width: 628px) 100vw, 628px\" \/><\/a><\/p>\n<p class=\"translation-block\"><strong><a title=\"\u201e\u201cColludie\" href=\"\/\/claudissimo-music.de\/en\/colludie-stone-fine-irish-celtic-folk\/\u201c\/\" target=\"\u201e_self\u201c\">Colludie Stone<\/a> <\/strong>Irische und schottische Folkmusik<br>\n<strong><a href=\"\/\/claudissimo-music.de\/en\/soebenmal\/\u201c\/\" target=\"\u201e_self\u201c\">Soebenmal<\/a><\/strong> Nyckelharpa Duo - Folk, Renaissance, Barock<br>\n<strong><a title=\"\u201eNyckelharpa4ever\u201c\" href=\"\/\/claudissimo-music.de\/en\/nyckelharpa4ever\/\u201c\/\" target=\"\u201e_self\u201c\">Nyckelharpa4ever<\/a><\/strong> Quartett - Folk, Renaissance, Barock<\/p>\n<p>For years I have been passing on my knowledge and enthusiasm to young people and adults in music lessons.<\/p>\n<p>Sch\u00f6n, dass Sie meine Homepage besuchen!<br \/>\n&#8211;&gt; <strong><a href=\"https:\/\/youtu.be\/C7_H0umOVvs\" target=\"_blank\" rel=\"noopener\">Zum Begr\u00fc\u00dfungsvideo<\/a><\/strong><br \/>\nViel Spa\u00df beim Weiterst\u00f6bern!<\/p>\n<p class=\"translation-block\"><strong><span>Yours, Claudia Elmer<\/span><\/strong><br>\nHindenburgstra\u00dfe 69 73207 Plochingen<br>\nTel.: <strong>+49 171 4568350<br>\n<\/strong>Mail: <strong>claudissimo-music@gmx.de<\/strong> or by<br>\n<strong>-&gt; <a href=\"\/\/claudissimo-music.de\/en\/kontaktformular\/\u201d\/\" target=\"\u201c_self\u201d\">contact form<\/a><\/strong><\/p>\n<p>Where am I? -&gt;<a href=\"http:\/\/claudissimo-music.de\/en\/wo-bin-ich\/\"> Here to map<\/a><\/p>","protected":false},"excerpt":{"rendered":"<p>&#8230; nun &#8222;Musik&#8220; und &#8222;Tanz&#8220; begeistert! Schon seit fr\u00fchen Kindheitstagen musiziere ich mit gro\u00dfer Begeisterung und Hingabe. Von Blockfl\u00f6ten \u00fcber Akkordeon und Gitarre kam ich zu den Streichinstrumenten. Geige zu spielen war immer mein Traum, den ich mir erf\u00fcllt habe. Es kamen dann noch Drehleier und Nyckelharpa hinzu. Ich liebe den bunten Strau\u00df unterschiedlicher Musikrichtungen: &hellip; <a href=\"https:\/\/claudissimo-music.de\/en\/wer-bin-ich\/\" class=\"more-link\">Continue reading <span class=\"screen-reader-text\">Wer bin &#8222;Ich&#8220;<\/span> <span class=\"meta-nav\">&rarr;<\/span><\/a><\/p>","protected":false},"author":1,"featured_media":0,"parent":0,"menu_order":2,"comment_status":"closed","ping_status":"closed","template":"","meta":{"_monsterinsights_skip_tracking":false,"_monsterinsights_sitenote_active":false,"_monsterinsights_sitenote_note":"","_monsterinsights_sitenote_category":0,"footnotes":""},"class_list":["post-4","page","type-page","status-publish","hentry"],"_links":{"self":[{"href":"https:\/\/claudissimo-music.de\/en\/wp-json\/wp\/v2\/pages\/4","targetHints":{"allow":["GET"]}}],"collection":[{"href":"https:\/\/claudissimo-music.de\/en\/wp-json\/wp\/v2\/pages"}],"about":[{"href":"https:\/\/claudissimo-music.de\/en\/wp-json\/wp\/v2\/types\/page"}],"author":[{"embeddable":true,"href":"https:\/\/claudissimo-music.de\/en\/wp-json\/wp\/v2\/users\/1"}],"replies":[{"embeddable":true,"href":"https:\/\/claudissimo-music.de\/en\/wp-json\/wp\/v2\/comments?post=4"}],"version-history":[{"count":185,"href":"https:\/\/claudissimo-music.de\/en\/wp-json\/wp\/v2\/pages\/4\/revisions"}],"predecessor-version":[{"id":4257,"href":"https:\/\/claudissimo-music.de\/en\/wp-json\/wp\/v2\/pages\/4\/revisions\/4257"}],"wp:attachment":[{"href":"https:\/\/claudissimo-music.de\/en\/wp-json\/wp\/v2\/media?parent=4"}],"curies":[{"name":"wp","href":"https:\/\/api.w.org\/{rel}","templated":true}]}}