{"id":3971,"date":"2024-08-07T21:16:15","date_gmt":"2024-08-07T19:16:15","guid":{"rendered":"https:\/\/claudissimo-music.de\/?page_id=3971"},"modified":"2025-01-19T14:07:40","modified_gmt":"2025-01-19T13:07:40","slug":"winneweh-2024","status":"publish","type":"page","link":"https:\/\/claudissimo-music.de\/en\/winneweh-2024\/","title":{"rendered":"Winneweh 2024"},"content":{"rendered":"<h1><span style=\"color: #9635bd; font-family: comic sans ms, sans-serif; font-size: 16pt;\">Folkfestival Winneweh im Juli 2024<\/span><\/h1>\n<p><a href=\"https:\/\/claudissimo-music.de\/wp-content\/uploads\/2024\/08\/Ausstellung6.jpg\"><img loading=\"lazy\" decoding=\"async\" class=\"alignleft  size-medium wp-image-3980\" src=\"https:\/\/claudissimo-music.de\/wp-content\/uploads\/2024\/08\/Ausstellung6.jpg\" alt=\"\" width=\"304\" height=\"228\" srcset=\"https:\/\/claudissimo-music.de\/wp-content\/uploads\/2024\/08\/Ausstellung6.jpg 2001w, https:\/\/claudissimo-music.de\/wp-content\/uploads\/2024\/08\/Ausstellung6-300x225.jpg 300w, https:\/\/claudissimo-music.de\/wp-content\/uploads\/2024\/08\/Ausstellung6-1024x768.jpg 1024w, https:\/\/claudissimo-music.de\/wp-content\/uploads\/2024\/08\/Ausstellung6-768x576.jpg 768w, https:\/\/claudissimo-music.de\/wp-content\/uploads\/2024\/08\/Ausstellung6-1536x1151.jpg 1536w\" sizes=\"auto, (max-width: 304px) 100vw, 304px\" \/><\/a>Auf meinem <strong>Infostand &#8222;Musikschule Claudissimo&#8220;<\/strong> auf dem <strong>Festival Winneweh im Odenw\u00e4lder Freilandmuseum<\/strong> in Gottersdorf vom 26.-28. Juli 2024 gab es viele interessante Gespr\u00e4che und Fragen zu den ungew\u00f6hnlichen Instrumenten <strong>Drehleier und Nyckelharpa<\/strong>.<br \/>\nVielen Dank an alle f\u00fcr euer Interesse und vielleicht sehen wir uns bei einem <a href=\"https:\/\/claudissimo-music.de\/en\/workshops\/\">Workshop<\/a> oder im <a href=\"https:\/\/claudissimo-music.de\/en\/online-kurs-fuer-drehleier\/\">(Online-)unterricht<\/a> wieder.<br \/>\nBei Fragen schreibt mir gerne unter <a href=\"mailto:claudissimo-music@gmx.de\">claudissimo-music@gmx.de<\/a><\/p>\n<p class=\"translation-block\">Already now and here the Winneweh announcement for 2025<br>\n<a href=\"https:\/\/www.dudelquetsch.de\/winneweh\" target=\"_blank\" rel=\"noopener\">https:\/\/www.dudelquetsch.de\/winneweh<\/a><\/p>\n<div id=\"metaslider-id-3983\" style=\"width: 100%; margin: 0 auto;\" class=\"ml-slider-3-101-0 metaslider metaslider-nivo metaslider-3983 ml-slider ms-theme-default\" role=\"region\" aria-label=\"Ausstellung\" data-height=\"600\" data-width=\"800\">\n    <div id=\"metaslider_container_3983\">\n        <div class='slider-wrapper theme-default'><div class='ribbon'><\/div><div id='metaslider_3983' class='nivoSlider'><img loading=\"lazy\" decoding=\"async\" src=\"https:\/\/claudissimo-music.de\/wp-content\/uploads\/2024\/08\/Ausstellung1S-800x600.jpg\" height=\"600\" width=\"800\" title=\"Ausstellung1S\" alt=\"\" class=\"slider-3983 slide-3987 msDefaultImage\" \/><img loading=\"lazy\" decoding=\"async\" src=\"https:\/\/claudissimo-music.de\/wp-content\/uploads\/2024\/08\/Ausstellung2S-800x600.jpg\" height=\"600\" width=\"800\" title=\"Ausstellung2S\" alt=\"\" class=\"slider-3983 slide-3988 msDefaultImage\" \/><img loading=\"lazy\" decoding=\"async\" src=\"https:\/\/claudissimo-music.de\/wp-content\/uploads\/2024\/08\/Ausstellung3S-800x600.jpg\" height=\"600\" width=\"800\" title=\"Ausstellung3S\" alt=\"\" class=\"slider-3983 slide-3989 msDefaultImage\" \/><\/div><\/div>\n        \n    <\/div>\n<\/div>","protected":false},"excerpt":{"rendered":"<p>Folkfestival Winneweh im Juli 2024 Auf meinem Infostand &#8222;Musikschule Claudissimo&#8220; auf dem Festival Winneweh im Odenw\u00e4lder Freilandmuseum in Gottersdorf vom 26.-28. Juli 2024 gab es viele interessante Gespr\u00e4che und Fragen zu den ungew\u00f6hnlichen Instrumenten Drehleier und Nyckelharpa. Vielen Dank an alle f\u00fcr euer Interesse und vielleicht sehen wir uns bei einem Workshop oder im (Online-)unterricht &hellip; <a href=\"https:\/\/claudissimo-music.de\/en\/winneweh-2024\/\" class=\"more-link\">Continue reading <span class=\"screen-reader-text\">Winneweh 2024<\/span> <span class=\"meta-nav\">&rarr;<\/span><\/a><\/p>","protected":false},"author":1,"featured_media":0,"parent":0,"menu_order":0,"comment_status":"closed","ping_status":"closed","template":"","meta":{"_monsterinsights_skip_tracking":false,"_monsterinsights_sitenote_active":false,"_monsterinsights_sitenote_note":"","_monsterinsights_sitenote_category":0,"footnotes":""},"class_list":["post-3971","page","type-page","status-publish","hentry"],"_links":{"self":[{"href":"https:\/\/claudissimo-music.de\/en\/wp-json\/wp\/v2\/pages\/3971","targetHints":{"allow":["GET"]}}],"collection":[{"href":"https:\/\/claudissimo-music.de\/en\/wp-json\/wp\/v2\/pages"}],"about":[{"href":"https:\/\/claudissimo-music.de\/en\/wp-json\/wp\/v2\/types\/page"}],"author":[{"embeddable":true,"href":"https:\/\/claudissimo-music.de\/en\/wp-json\/wp\/v2\/users\/1"}],"replies":[{"embeddable":true,"href":"https:\/\/claudissimo-music.de\/en\/wp-json\/wp\/v2\/comments?post=3971"}],"version-history":[{"count":9,"href":"https:\/\/claudissimo-music.de\/en\/wp-json\/wp\/v2\/pages\/3971\/revisions"}],"predecessor-version":[{"id":4158,"href":"https:\/\/claudissimo-music.de\/en\/wp-json\/wp\/v2\/pages\/3971\/revisions\/4158"}],"wp:attachment":[{"href":"https:\/\/claudissimo-music.de\/en\/wp-json\/wp\/v2\/media?parent=3971"}],"curies":[{"name":"wp","href":"https:\/\/api.w.org\/{rel}","templated":true}]}}