{"id":32,"date":"2016-10-07T23:47:50","date_gmt":"2016-10-07T21:47:50","guid":{"rendered":"http:\/\/claudissimo-music.de\/?page_id=32"},"modified":"2023-12-31T15:51:00","modified_gmt":"2023-12-31T14:51:00","slug":"info","status":"publish","type":"page","link":"https:\/\/claudissimo-music.de\/en\/info\/","title":{"rendered":"Info"},"content":{"rendered":"<h1><span style=\"color: #9635bd; font-family: comic sans ms, sans-serif; font-size: 16pt;\">Current topics &amp; further information here<\/span><\/h1>\n<table style=\"border: 0px currentColor;\">\n<tbody>\n<tr>\n<td style=\"border: 0px currentColor;\"><a href=\"https:\/\/www.epubli.de\/shop\/buch\/100420\" target=\"_blank\" rel=\"noopener noreferrer\"><img loading=\"lazy\" decoding=\"async\" class=\"alignleft wp-image-2200 size-medium\" src=\"https:\/\/claudissimo-music.de\/wp-content\/uploads\/2020\/07\/Nyckelharpa_Buch.jpg\" alt=\"\" width=\"130\" height=\"184\" \/><\/a><span style=\"font-size: 12pt;\"><strong><a href=\"https:\/\/claudissimo-music.de\/en\/buecher-und-medien\/\" rel=\"noopener noreferrer\">Exercise book<\/a><\/strong><\/span><\/td>\n<td style=\"border: 0px currentColor;\"><a href=\"https:\/\/claudissimo-music.de\/wp-content\/uploads\/2022\/05\/DrehleierSchuleV.jpg\" target=\"_blank\" rel=\"noopener noreferrer\"><img loading=\"lazy\" decoding=\"async\" class=\"alignright wp-image-2499 size-medium\" src=\"https:\/\/claudissimo-music.de\/wp-content\/uploads\/2022\/05\/DrehleierSchuleV.jpg\" alt=\"\" width=\"130\" height=\"184\" srcset=\"https:\/\/claudissimo-music.de\/wp-content\/uploads\/2022\/05\/DrehleierSchuleV.jpg 572w, https:\/\/claudissimo-music.de\/wp-content\/uploads\/2022\/05\/DrehleierSchuleV-212x300.jpg 212w\" sizes=\"auto, (max-width: 130px) 100vw, 130px\" \/><\/a><span style=\"font-size: 12pt;\">Viel Arbeit steckt in meinem <strong>Nyckelharpa Practice Book <\/strong>und in meinen\u00a0 <strong>Drehleier \u00dcbungsb\u00fcchern<\/strong> auf die ich m\u00e4chtig stolz bin und die direkt \u00fcber &#8222;<a href=\"https:\/\/claudissimo-music.de\/en\/buecher-und-medien\/\">mich<\/a>&#8220; oder hier bei &#8222;<a href=\"https:\/\/www.epubli.com\/shop\/nyckelharpaissimo-nyckelharpafibel-fuer-leicht-fortgeschrittene-nyckelharpaspielerinnen-9783752967432\" target=\"_blank\" rel=\"noopener noreferrer\">epubli<\/a>&#8220; (Nyckelharpa) oder &#8222;<a href=\"https:\/\/buchshop.bod.de\/catalogsearch\/result\/index\/?q=Drehleierschule&amp;bod_issue=Drehleierschule&amp;bod_pers_id=14940618&amp;c_filter%5Bbod_print_variant%5D=1#products\" target=\"_blank\" rel=\"noopener\">BoD<\/a>&#8220; (Drehleier) erworben werden k\u00f6nnen.<\/span><\/td>\n<\/tr>\n<tr>\n<td style=\"border: 0px currentColor; width: 12em;\"><a href=\"https:\/\/claudissimo-music.de\/en\/ausbildung\/\" rel=\"noopener noreferrer\"><strong><span style=\"font-size: 12pt;\">Education<\/span><\/strong><\/a><\/td>\n<td style=\"border: 0px currentColor;\"><span style=\"font-size: 12pt;\" data-wp-editing=\"1\"><a href=\"http:\/\/claudissimo-music.de\/wp-content\/uploads\/2019\/03\/Zertifikat_EU_Nyckelharpa_Fortbildung.pdf\" target=\"_blank\" rel=\"noopener noreferrer\"><img loading=\"lazy\" decoding=\"async\" class=\"alignright wp-image-1969 size-medium\" src=\"http:\/\/claudissimo-music.de\/wp-content\/uploads\/2019\/04\/Zertifikat_Fortbildung_Nyckelharpa_Kopf-300x176.jpg\" alt=\"\" width=\"200\" height=\"117\" srcset=\"https:\/\/claudissimo-music.de\/wp-content\/uploads\/2019\/04\/Zertifikat_Fortbildung_Nyckelharpa_Kopf-300x176.jpg 300w, https:\/\/claudissimo-music.de\/wp-content\/uploads\/2019\/04\/Zertifikat_Fortbildung_Nyckelharpa_Kopf-768x450.jpg 768w, https:\/\/claudissimo-music.de\/wp-content\/uploads\/2019\/04\/Zertifikat_Fortbildung_Nyckelharpa_Kopf-1024x599.jpg 1024w, https:\/\/claudissimo-music.de\/wp-content\/uploads\/2019\/04\/Zertifikat_Fortbildung_Nyckelharpa_Kopf.jpg 1483w\" sizes=\"auto, (max-width: 200px) 100vw, 200px\" \/><\/a>a certificate as an example of my various training courses over the years\u00a0<\/span><\/td>\n<\/tr>\n<tr>\n<td style=\"border: 0px currentColor; width: 12em;\"><span style=\"font-size: 12pt;\"><strong><a href=\"http:\/\/claudissimo-music.de\/en\/instrumente\/\">Instruments<\/a>\u00a0<\/strong><\/span><\/td>\n<td style=\"border: 0px currentColor;\"><span style=\"font-size: 12pt;\">that I teach<\/span><\/td>\n<\/tr>\n<tr>\n<td style=\"border: 0px currentColor;\"><a href=\"http:\/\/claudissimo-music.de\/en\/feste-veranstaltungen-konzerte\/\"><span style=\"font-size: 12pt;\"><strong>Performances &amp; Concerts\u00a0<\/strong><\/span><\/a><\/td>\n<td style=\"border: 0px currentColor;\"><span style=\"font-size: 12pt;\">gerne spiele ich allein oder mit meinen &#8222;friends&#8220; (&#8222;DUOs&#8220; oder &#8222;Bands&#8220;) zu jedem ihrer Feste und Veranstaltungen <\/span><\/td>\n<\/tr>\n<tr>\n<td style=\"border: 0px currentColor;\"><span style=\"font-size: 12pt;\"><strong><a href=\"http:\/\/claudissimo-music.de\/en\/unterricht\/\">Lessons<\/a><\/strong><\/span><\/td>\n<td style=\"border: 0px currentColor;\"><span style=\"font-size: 12pt;\">I give<\/span><\/td>\n<\/tr>\n<tr>\n<td style=\"border: 0px currentColor;\"><span style=\"font-size: 12pt;\"><strong><a href=\"http:\/\/claudissimo-music.de\/en\/termine\/\">Appointments<\/a>\u00a0<\/strong><\/span><\/td>\n<td style=\"border: 0px currentColor;\"><span style=\"font-size: 12pt;\">where we appear and would like to welcome you or training courses \/ seminars<\/span><\/td>\n<\/tr>\n<tr>\n<td style=\"border: 0px currentColor;\"><strong><span style=\"font-size: 12pt;\"><a href=\"http:\/\/claudissimo-music.de\/en\/events\/\">Events<\/a><\/span><\/strong><\/td>\n<td style=\"border: 0px currentColor;\"><span style=\"font-size: 12pt;\">My DUOs &amp; our band play for you<\/span><\/td>\n<\/tr>\n<tr>\n<td style=\"border: 0px currentColor;\"><span style=\"font-size: 12pt;\"><strong><a href=\"http:\/\/claudissimo-music.de\/en\/links\/\">Links<\/a> <\/strong><\/span><\/td>\n<td style=\"border: 0px currentColor;\"><span style=\"font-size: 12pt;\">All links mentioned on this WEB site<\/span><\/td>\n<\/tr>\n<tr>\n<td style=\"border: 0px currentColor;\"><strong><a href=\"http:\/\/claudissimo-music.de\/en\/blog\/\"><span style=\"font-size: 12pt;\">BLOG<\/span><\/a><\/strong><\/td>\n<td style=\"border: 0px currentColor;\"><span style=\"font-size: 12pt;\">Here you can find reports and information about what happened\u00a0\u00a0<\/span><\/td>\n<\/tr>\n<\/tbody>\n<\/table>","protected":false},"excerpt":{"rendered":"<p>Hier aktuelle Themen &amp; weitere Infos \u00dcbungsbuch Viel Arbeit steckt in meinem Nyckelharpa \u00dcbungsbuch und in meinen\u00a0 Drehleier \u00dcbungsb\u00fcchern auf die ich m\u00e4chtig stolz bin und die direkt \u00fcber &#8222;mich&#8220; oder hier bei &#8222;epubli&#8220; (Nyckelharpa) oder &#8222;BoD&#8220; (Drehleier) erworben werden k\u00f6nnen. Ausbildung ein Zertifikat als Beispiel meiner diversen Ausbildungen \u00fcber Jahre\u00a0hinweg\u00a0 Instrumente\u00a0 die ich unterrichte &hellip; <a href=\"https:\/\/claudissimo-music.de\/en\/info\/\" class=\"more-link\">Continue reading <span class=\"screen-reader-text\">Info<\/span> <span class=\"meta-nav\">&rarr;<\/span><\/a><\/p>","protected":false},"author":1,"featured_media":0,"parent":0,"menu_order":4,"comment_status":"closed","ping_status":"closed","template":"","meta":{"_monsterinsights_skip_tracking":false,"_monsterinsights_sitenote_active":false,"_monsterinsights_sitenote_note":"","_monsterinsights_sitenote_category":0,"footnotes":""},"class_list":["post-32","page","type-page","status-publish","hentry"],"_links":{"self":[{"href":"https:\/\/claudissimo-music.de\/en\/wp-json\/wp\/v2\/pages\/32","targetHints":{"allow":["GET"]}}],"collection":[{"href":"https:\/\/claudissimo-music.de\/en\/wp-json\/wp\/v2\/pages"}],"about":[{"href":"https:\/\/claudissimo-music.de\/en\/wp-json\/wp\/v2\/types\/page"}],"author":[{"embeddable":true,"href":"https:\/\/claudissimo-music.de\/en\/wp-json\/wp\/v2\/users\/1"}],"replies":[{"embeddable":true,"href":"https:\/\/claudissimo-music.de\/en\/wp-json\/wp\/v2\/comments?post=32"}],"version-history":[{"count":167,"href":"https:\/\/claudissimo-music.de\/en\/wp-json\/wp\/v2\/pages\/32\/revisions"}],"predecessor-version":[{"id":3606,"href":"https:\/\/claudissimo-music.de\/en\/wp-json\/wp\/v2\/pages\/32\/revisions\/3606"}],"wp:attachment":[{"href":"https:\/\/claudissimo-music.de\/en\/wp-json\/wp\/v2\/media?parent=32"}],"curies":[{"name":"wp","href":"https:\/\/api.w.org\/{rel}","templated":true}]}}