{"id":286,"date":"2017-04-13T23:15:25","date_gmt":"2017-04-13T21:15:25","guid":{"rendered":"http:\/\/claudissimo-music.de\/?page_id=286"},"modified":"2023-08-14T13:50:24","modified_gmt":"2023-08-14T11:50:24","slug":"erwachsene","status":"publish","type":"page","link":"https:\/\/claudissimo-music.de\/en\/erwachsene\/","title":{"rendered":"Adults &amp; young adults"},"content":{"rendered":"<h1><span style=\"color: #9635bd; font-family: comic sans ms,sans-serif; font-size: 16pt;\">Music lessons for adults<\/span><br \/>\n<span style=\"color: #9635bd; font-family: comic sans ms,sans-serif; font-size: 16pt;\">&amp; young adults<\/span><\/h1>\n<p><span style=\"color: #3735ab;\"><em>&#8222;Wo Musik ist, da lass Dich ruhig nieder,<br \/>\nb\u00f6se Menschen haben keine Lieder&#8220;<\/em><\/span><br \/>\nSprichwort, aus die Ges\u00e4nge von 1804 von Johann Gottfried Seume<\/p>\n<p class=\"translation-block\">If you have always wanted to learn a musical instrument but have never realized it... Now is the time!\n-&gt; It's never too late to learn a <span><strong>musical instrument<\/strong><\/span>!<\/p>\n<ul>\n<li><a href=\"http:\/\/claudissimo-music.de\/en\/drehleier-unterricht\/\">Hurdy-gurdy<\/a><\/li>\n<li><a href=\"http:\/\/claudissimo-music.de\/en\/nyckelharpa-unterricht\/\">Nyckelharpa (keyed fiddle)<\/a><\/li>\n<li><a title=\"Violin lessons\" href=\"https:\/\/claudissimo-music.de\/en\/geigenunterricht\/\">Violin and fiddle<\/a><\/li>\n<li><a href=\"https:\/\/claudissimo-music.de\/en\/floetenunterricht\/\">Recorders<\/a><\/li>\n<\/ul>\n<p><strong>Individual lessons<\/strong><\/p>\n<ul>\n<li>30 \/ 45 \/ 60 minutes per week or<\/li>\n<li>Individual lessons by individual arrangement<\/li>\n<\/ul>\n<p>Individual adaptation and compilation of teaching materials according to the participant's level of knowledge.<\/p>","protected":false},"excerpt":{"rendered":"<p>Musikunterricht f\u00fcr Erwachsene &amp; junge Erwachsene &#8222;Wo Musik ist, da lass Dich ruhig nieder, b\u00f6se Menschen haben keine Lieder&#8220; Sprichwort, aus die Ges\u00e4nge von 1804 von Johann Gottfried Seume Wenn Sie schon immer ein Musikinstrument lernen wollten, aber es noch nie verwirklicht haben\u2026 Jetzt ist die Gelegenheit! &#8211;&gt; Es ist nie zu sp\u00e4t, ein Musikinstrument &hellip; <a href=\"https:\/\/claudissimo-music.de\/en\/erwachsene\/\" class=\"more-link\">Continue reading <span class=\"screen-reader-text\">Adults &amp; young adults<\/span> <span class=\"meta-nav\">&rarr;<\/span><\/a><\/p>","protected":false},"author":1,"featured_media":0,"parent":0,"menu_order":0,"comment_status":"closed","ping_status":"closed","template":"","meta":{"_monsterinsights_skip_tracking":false,"_monsterinsights_sitenote_active":false,"_monsterinsights_sitenote_note":"","_monsterinsights_sitenote_category":0,"footnotes":""},"class_list":["post-286","page","type-page","status-publish","hentry"],"_links":{"self":[{"href":"https:\/\/claudissimo-music.de\/en\/wp-json\/wp\/v2\/pages\/286","targetHints":{"allow":["GET"]}}],"collection":[{"href":"https:\/\/claudissimo-music.de\/en\/wp-json\/wp\/v2\/pages"}],"about":[{"href":"https:\/\/claudissimo-music.de\/en\/wp-json\/wp\/v2\/types\/page"}],"author":[{"embeddable":true,"href":"https:\/\/claudissimo-music.de\/en\/wp-json\/wp\/v2\/users\/1"}],"replies":[{"embeddable":true,"href":"https:\/\/claudissimo-music.de\/en\/wp-json\/wp\/v2\/comments?post=286"}],"version-history":[{"count":40,"href":"https:\/\/claudissimo-music.de\/en\/wp-json\/wp\/v2\/pages\/286\/revisions"}],"predecessor-version":[{"id":3347,"href":"https:\/\/claudissimo-music.de\/en\/wp-json\/wp\/v2\/pages\/286\/revisions\/3347"}],"wp:attachment":[{"href":"https:\/\/claudissimo-music.de\/en\/wp-json\/wp\/v2\/media?parent=286"}],"curies":[{"name":"wp","href":"https:\/\/api.w.org\/{rel}","templated":true}]}}