{"id":284,"date":"2017-04-13T23:13:34","date_gmt":"2017-04-13T21:13:34","guid":{"rendered":"http:\/\/claudissimo-music.de\/?page_id=284"},"modified":"2024-01-14T20:50:41","modified_gmt":"2024-01-14T19:50:41","slug":"floetenunterricht","status":"publish","type":"page","link":"https:\/\/claudissimo-music.de\/en\/floetenunterricht\/","title":{"rendered":"Flute lessons"},"content":{"rendered":"<h2><span style=\"color: #9635bd; font-family: comic sans ms, sans-serif; font-size: 14pt;\"><strong>Recorder lessons for beginners and advanced players<\/strong><\/span><\/h2>\n<ul>\n<li>Soprano recorder<\/li>\n<li>Alto recorder<\/li>\n<\/ul>\n<p>Vermittlung von musiktheoretischen und praktischen Kenntnissen der Fl\u00f6ten und Vertiefung bzw. Entwicklung der Spielf\u00e4higkeit anhand abwechslungsreichem Notenmaterial.<br \/>\nAuf Wunsch auch nach Geh\u00f6r.<br \/>\n<div id=\"metaslider-id-3791\" style=\"width: 100%; margin: 0 auto;\" class=\"ml-slider-3-101-0 metaslider metaslider-nivo metaslider-3791 ml-slider ms-theme-default\" role=\"region\" aria-label=\"Fl\u00f6tenunterricht\" data-height=\"600\" data-width=\"800\">\n    <div id=\"metaslider_container_3791\">\n        <div class='slider-wrapper theme-default'><div class='ribbon'><\/div><div id='metaslider_3791' class='nivoSlider'><img loading=\"lazy\" decoding=\"async\" src=\"https:\/\/claudissimo-music.de\/wp-content\/uploads\/2024\/01\/Floete3_4z3-scaled-800x600.jpg\" height=\"600\" width=\"800\" title=\"Floete3_4z3\" alt=\"\" class=\"slider-3791 slide-3798 msDefaultImage\" \/><img loading=\"lazy\" decoding=\"async\" src=\"https:\/\/claudissimo-music.de\/wp-content\/uploads\/2024\/01\/Floete4_4z3-scaled-800x600.jpg\" height=\"600\" width=\"800\" title=\"Floete4_4z3\" alt=\"\" class=\"slider-3791 slide-3797 msDefaultImage\" \/><img loading=\"lazy\" decoding=\"async\" src=\"https:\/\/claudissimo-music.de\/wp-content\/uploads\/2024\/01\/Floete2_4z3-scaled-800x600.jpg\" height=\"600\" width=\"800\" title=\"Floete2_4z3\" alt=\"\" class=\"slider-3791 slide-3799 msDefaultImage\" \/><img loading=\"lazy\" decoding=\"async\" src=\"https:\/\/claudissimo-music.de\/wp-content\/uploads\/2024\/01\/Floete1_4z3-scaled-800x600.jpg\" height=\"600\" width=\"800\" title=\"Floete1_4z3\" alt=\"\" class=\"slider-3791 slide-3800 msDefaultImage\" \/><\/div><\/div>\n        \n    <\/div>\n<\/div><\/p>","protected":false},"excerpt":{"rendered":"<p>Blockfl\u00f6tenunterricht f\u00fcr Anf\u00e4nger und Fortgeschrittene Sopranblockfl\u00f6te Altblockfl\u00f6te Vermittlung von musiktheoretischen und praktischen Kenntnissen der Fl\u00f6ten und Vertiefung bzw. Entwicklung der Spielf\u00e4higkeit anhand abwechslungsreichem Notenmaterial. Auf Wunsch auch nach Geh\u00f6r.<\/p>","protected":false},"author":1,"featured_media":0,"parent":0,"menu_order":0,"comment_status":"closed","ping_status":"closed","template":"","meta":{"_monsterinsights_skip_tracking":false,"_monsterinsights_sitenote_active":false,"_monsterinsights_sitenote_note":"","_monsterinsights_sitenote_category":0,"footnotes":""},"class_list":["post-284","page","type-page","status-publish","hentry"],"_links":{"self":[{"href":"https:\/\/claudissimo-music.de\/en\/wp-json\/wp\/v2\/pages\/284","targetHints":{"allow":["GET"]}}],"collection":[{"href":"https:\/\/claudissimo-music.de\/en\/wp-json\/wp\/v2\/pages"}],"about":[{"href":"https:\/\/claudissimo-music.de\/en\/wp-json\/wp\/v2\/types\/page"}],"author":[{"embeddable":true,"href":"https:\/\/claudissimo-music.de\/en\/wp-json\/wp\/v2\/users\/1"}],"replies":[{"embeddable":true,"href":"https:\/\/claudissimo-music.de\/en\/wp-json\/wp\/v2\/comments?post=284"}],"version-history":[{"count":38,"href":"https:\/\/claudissimo-music.de\/en\/wp-json\/wp\/v2\/pages\/284\/revisions"}],"predecessor-version":[{"id":3802,"href":"https:\/\/claudissimo-music.de\/en\/wp-json\/wp\/v2\/pages\/284\/revisions\/3802"}],"wp:attachment":[{"href":"https:\/\/claudissimo-music.de\/en\/wp-json\/wp\/v2\/media?parent=284"}],"curies":[{"name":"wp","href":"https:\/\/api.w.org\/{rel}","templated":true}]}}