{"id":2753,"date":"2022-10-03T16:15:25","date_gmt":"2022-10-03T14:15:25","guid":{"rendered":"https:\/\/claudissimo-music.de\/?page_id=2753"},"modified":"2025-02-19T17:22:45","modified_gmt":"2025-02-19T16:22:45","slug":"konzert-buero","status":"publish","type":"page","link":"https:\/\/claudissimo-music.de\/en\/konzert-buero\/","title":{"rendered":"Concert office"},"content":{"rendered":"<h1><span style=\"font-family: comic sans ms, sans-serif; font-size: 16pt; color: #9635bd;\">Musical activities<\/span><\/h1>\n<h2>-&gt; Concert agency for Plochingen, Esslingen district, greater Stuttgart area, Baden-W\u00fcrttemberg and Germany-wide<\/h2>\n<p class=\"translation-block\"><strong>Bookable<\/strong> for your events via the <a href=\"\/\/claudissimo-music.de\/en\/kontaktformular\/\u201d\/\" target=\"\u201c_self\u201d\"><strong>contact form<\/strong><\/a> or at<br data-rich-text-line-break=\"\u201ctrue\u201d\">Mail:                                    c<strong>laudissimo-music@gmx.de<\/strong><br data-rich-text-line-break=\"\u201ctrue\u201d\">Mobile\/WhatsApp <strong>+49 171 4568350<\/strong><\/p>\n\n\n<p><\/p>\n\n\n\n<div class=\"wp-block-group\"><div class=\"wp-block-group__inner-container is-layout-flow wp-block-group-is-layout-flow\">\n<figure class=\"wp-block-table is-style-stripes\"><table class=\"has-background\" style=\"background-color:#f3baf8\"><thead><tr><th class=\"has-text-align-left\" data-align=\"left\">Name<\/th><th class=\"has-text-align-left\" data-align=\"left\">Direction<\/th><th class=\"has-text-align-left\" data-align=\"left\">Description<\/th><\/tr><\/thead><tbody><tr><td class=\"has-text-align-left\" data-align=\"left\"><strong><a href=\"https:\/\/claudissimo-music.de\/en\/colludie-stone-fine-irish-celtic-folk\/\" data-type=\"URL\">COLLUDIE STONE<\/a><\/strong><\/td><td class=\"has-text-align-left\" data-align=\"left\">Irish Celtic Folk<\/td><td class=\"has-text-align-left\" data-align=\"left\">Four-piece band: vocals, flutes, fiddle, guitar, mandola, bodhran<\/td><\/tr><tr><td class=\"has-text-align-left\" data-align=\"left\"><a href=\"https:\/\/claudissimo-music.de\/en\/timber-tides\/\" data-type=\"page\" data-id=\"4266\"><strong>TIMBER &amp; TIDES<\/strong><\/a><\/td><td class=\"has-text-align-left\" data-align=\"left\">englische, irische und schottische Folksongs<\/td><td class=\"has-text-align-left\" data-align=\"left\">Dreik\u00f6pfige Band: Gitarre, Handpan und Nyckelharpa &amp; mehrstimmigem Gesang<\/td><\/tr><tr><td class=\"has-text-align-left\" data-align=\"left\"><a href=\"https:\/\/claudissimo-music.de\/en\/soebenmal\/\"><strong>SEVERAL TIMES<\/strong><\/a><\/td><td class=\"has-text-align-left\" data-align=\"left\">Folk, Renaissance, Baroque<\/td><td class=\"has-text-align-left\" data-align=\"left\">Nyckelharpa Duo (keyed fiddle)<\/td><\/tr><tr><td class=\"has-text-align-left\" data-align=\"left\"><a data-type=\"URL\" href=\"https:\/\/claudissimo-music.de\/en\/nyckelharpa4ever\/\"><strong>NYCKELHARPA 4 EVER<\/strong><\/a><\/td><td class=\"has-text-align-left\" data-align=\"left\">Folk, Renaissance, Baroque<\/td><td class=\"has-text-align-left\" data-align=\"left\">Nyckelharpa Quartet<\/td><\/tr><tr><td class=\"has-text-align-left\" data-align=\"left\"><strong><a href=\"https:\/\/claudissimo-music.de\/en\/feste-veranstaltungen-konzerte\/\">CLAUDISSIMO<\/a><\/strong><\/td><td class=\"has-text-align-left\" data-align=\"left\">Folk, Renaissance, Baroque<\/td><td class=\"has-text-align-left\" data-align=\"left\">As a soloist I, Claudia Elmer, play the violin, nyckelharpa or hurdy-gurdy for your occasions<\/td><\/tr><\/tbody><\/table><\/figure>\n<\/div><\/div>","protected":false},"excerpt":{"rendered":"<p>Musikalische Aktivit\u00e4ten &#8211;&gt; Konzertb\u00fcro f\u00fcr Plochingen, Kreis Esslingen, Gro\u00dfraum Stuttgart, Baden-W\u00fcrttemberg und Deutschland weit Buchbar f\u00fcr ihre Anl\u00e4sse \u00fcber das Kontaktformular oder unterMail:\u00a0\u00a0\u00a0\u00a0\u00a0\u00a0\u00a0\u00a0\u00a0\u00a0\u00a0\u00a0\u00a0\u00a0\u00a0\u00a0\u00a0\u00a0\u00a0\u00a0\u00a0\u00a0\u00a0\u00a0\u00a0\u00a0\u00a0\u00a0\u00a0\u00a0\u00a0\u00a0\u00a0\u00a0\u00a0 claudissimo-music@gmx.deMobil\/WhatsApp\u00a0\u00a0\u00a0\u00a0\u00a0\u00a0\u00a0\u00a0\u00a0 +49 171 4568350 Name Richtung Beschreibung COLLUDIE STONE Irish Celtic Folk Vierk\u00f6pfige Band: Gesang, Fl\u00f6ten, Fiddle, Gitarre, Mandola, Bodhran TIMBER &amp; TIDES englische, irische und schottische Folksongs Dreik\u00f6pfige Band: Gitarre, Handpan &hellip; <a href=\"https:\/\/claudissimo-music.de\/en\/konzert-buero\/\" class=\"more-link\">Continue reading <span class=\"screen-reader-text\">Concert office<\/span> <span class=\"meta-nav\">&rarr;<\/span><\/a><\/p>","protected":false},"author":1,"featured_media":0,"parent":0,"menu_order":0,"comment_status":"closed","ping_status":"closed","template":"","meta":{"_monsterinsights_skip_tracking":false,"_monsterinsights_sitenote_active":false,"_monsterinsights_sitenote_note":"","_monsterinsights_sitenote_category":0,"footnotes":""},"class_list":["post-2753","page","type-page","status-publish","hentry"],"_links":{"self":[{"href":"https:\/\/claudissimo-music.de\/en\/wp-json\/wp\/v2\/pages\/2753","targetHints":{"allow":["GET"]}}],"collection":[{"href":"https:\/\/claudissimo-music.de\/en\/wp-json\/wp\/v2\/pages"}],"about":[{"href":"https:\/\/claudissimo-music.de\/en\/wp-json\/wp\/v2\/types\/page"}],"author":[{"embeddable":true,"href":"https:\/\/claudissimo-music.de\/en\/wp-json\/wp\/v2\/users\/1"}],"replies":[{"embeddable":true,"href":"https:\/\/claudissimo-music.de\/en\/wp-json\/wp\/v2\/comments?post=2753"}],"version-history":[{"count":49,"href":"https:\/\/claudissimo-music.de\/en\/wp-json\/wp\/v2\/pages\/2753\/revisions"}],"predecessor-version":[{"id":4276,"href":"https:\/\/claudissimo-music.de\/en\/wp-json\/wp\/v2\/pages\/2753\/revisions\/4276"}],"wp:attachment":[{"href":"https:\/\/claudissimo-music.de\/en\/wp-json\/wp\/v2\/media?parent=2753"}],"curies":[{"name":"wp","href":"https:\/\/api.w.org\/{rel}","templated":true}]}}