{"id":2602,"date":"2022-07-11T17:50:04","date_gmt":"2022-07-11T15:50:04","guid":{"rendered":"https:\/\/claudissimo-music.de\/?page_id=2602"},"modified":"2024-07-31T10:30:41","modified_gmt":"2024-07-31T08:30:41","slug":"colludie-stone-fine-irish-celtic-folk","status":"publish","type":"page","link":"https:\/\/claudissimo-music.de\/en\/colludie-stone-fine-irish-celtic-folk\/","title":{"rendered":"&#8222;Colludie Stone&#8220;  fine irish celtic folk"},"content":{"rendered":"<p><a href=\"https:\/\/claudissimo-music.de\/wp-content\/uploads\/2022\/07\/Colludie-Stone-Irish-Celtic-Folk_Banner.jpg\"><img loading=\"lazy\" decoding=\"async\" class=\"wp-image-2603 aligncenter wp-image-2603\" src=\"https:\/\/claudissimo-music.de\/wp-content\/uploads\/2022\/07\/Colludie-Stone-Irish-Celtic-Folk_Banner.jpg\" alt=\"\" width=\"550\" height=\"272\" srcset=\"https:\/\/claudissimo-music.de\/wp-content\/uploads\/2022\/07\/Colludie-Stone-Irish-Celtic-Folk_Banner.jpg 550w, https:\/\/claudissimo-music.de\/wp-content\/uploads\/2022\/07\/Colludie-Stone-Irish-Celtic-Folk_Banner-300x148.jpg 300w\" sizes=\"auto, (max-width: 550px) 100vw, 550px\" \/><\/a><\/p>\n<p><a href=\"https:\/\/claudissimo-music.de\/wp-content\/uploads\/2022\/07\/Colludie-Stone-Irish-Celtic-Folk-scaled.jpg\"><img loading=\"lazy\" decoding=\"async\" class=\"alignleft size-medium wp-image-2624\" src=\"https:\/\/claudissimo-music.de\/wp-content\/uploads\/2022\/07\/Colludie-Stone-Irish-Celtic-Folk-215x300.jpg\" alt=\"\" width=\"215\" height=\"300\" srcset=\"https:\/\/claudissimo-music.de\/wp-content\/uploads\/2022\/07\/Colludie-Stone-Irish-Celtic-Folk-215x300.jpg 215w, https:\/\/claudissimo-music.de\/wp-content\/uploads\/2022\/07\/Colludie-Stone-Irish-Celtic-Folk-733x1024.jpg 733w, https:\/\/claudissimo-music.de\/wp-content\/uploads\/2022\/07\/Colludie-Stone-Irish-Celtic-Folk-768x1072.jpg 768w, https:\/\/claudissimo-music.de\/wp-content\/uploads\/2022\/07\/Colludie-Stone-Irish-Celtic-Folk-1100x1536.jpg 1100w, https:\/\/claudissimo-music.de\/wp-content\/uploads\/2022\/07\/Colludie-Stone-Irish-Celtic-Folk-1467x2048.jpg 1467w, https:\/\/claudissimo-music.de\/wp-content\/uploads\/2022\/07\/Colludie-Stone-Irish-Celtic-Folk-scaled.jpg 1833w\" sizes=\"auto, (max-width: 215px) 100vw, 215px\" \/><\/a>Als &#8222;Colludie Stone&#8220; eine neue Fiddle Spielerin suchte, musste ich keine Sekunde nachdenken.\u00a0 Ich f\u00fchle mich dort richtig wohl.<br \/>\nUnsere n\u00e4ch<span style=\"font-size: 12pt;\">sten <a href=\"https:\/\/claudissimo-music.de\/en\/termine-colludie-stone\/\"><span style=\"color: #3735ab;\"><strong>Concert dates<\/strong> <\/span><\/a><\/span>you will find -&gt; <a href=\"https:\/\/claudissimo-music.de\/en\/termine-colludie-stone\/\"><strong>here<\/strong><\/a><\/p>\n<p class=\"translation-block\"><span style=\"color: #3735ab\"><strong>Audio sample:<\/strong><\/span> <a href=\"https:\/\/youtu.be\/VddZrsLpygo\" target=\"_blank\" rel=\"noopener\">Great concert with dancer<\/a><\/p>\n<p><a href=\"https:\/\/claudissimo-music.de\/wp-content\/uploads\/2023\/04\/CS-native-land-Cover_S.jpg\"><img loading=\"lazy\" decoding=\"async\" class=\"wp-image-3169 alignright size-medium\" src=\"https:\/\/claudissimo-music.de\/wp-content\/uploads\/2023\/04\/CS-native-land-Cover_S-300x292.jpg\" alt=\"\" width=\"100\" height=\"97\" srcset=\"https:\/\/claudissimo-music.de\/wp-content\/uploads\/2023\/04\/CS-native-land-Cover_S-300x292.jpg 300w, https:\/\/claudissimo-music.de\/wp-content\/uploads\/2023\/04\/CS-native-land-Cover_S-1024x998.jpg 1024w, https:\/\/claudissimo-music.de\/wp-content\/uploads\/2023\/04\/CS-native-land-Cover_S-768x749.jpg 768w, https:\/\/claudissimo-music.de\/wp-content\/uploads\/2023\/04\/CS-native-land-Cover_S-1536x1497.jpg 1536w, https:\/\/claudissimo-music.de\/wp-content\/uploads\/2023\/04\/CS-native-land-Cover_S-2048x1996.jpg 2048w\" sizes=\"auto, (max-width: 100px) 100vw, 100px\" \/><\/a>Our CDs can be ordered directly from me. An overview of all my media is available <a href=\"https:\/\/claudissimo-music.de\/en\/buecher-und-medien\/\">-&gt; Here<\/a><\/p>\n<p><a href=\"https:\/\/claudissimo-music.de\/wp-content\/uploads\/2023\/04\/CS-Streetwise-Cover.jpg\"><img loading=\"lazy\" decoding=\"async\" class=\"wp-image-3170 alignright size-medium\" src=\"https:\/\/claudissimo-music.de\/wp-content\/uploads\/2023\/04\/CS-Streetwise-Cover-300x270.jpg\" alt=\"\" width=\"100\" height=\"90\" srcset=\"https:\/\/claudissimo-music.de\/wp-content\/uploads\/2023\/04\/CS-Streetwise-Cover-300x270.jpg 300w, https:\/\/claudissimo-music.de\/wp-content\/uploads\/2023\/04\/CS-Streetwise-Cover.jpg 672w\" sizes=\"auto, (max-width: 100px) 100vw, 100px\" \/><\/a>Details and further dates can be found on the band -&gt; <a href=\"https:\/\/www.colludiestone.com\/\" target=\"_blank\" rel=\"noopener\">Homepage<\/a><\/p>\n<p><span style=\"font-size: 12pt; color: #3735ab;\"><strong>We are also happy to play for you.<\/strong><\/span><br \/>\nSimply call (+49 171 4568350) or get in touch with me. <a href=\"https:\/\/claudissimo-music.de\/en\/kontaktformular\/\">Kontakt<\/a> mit mir aufnehmen.<\/p>","protected":false},"excerpt":{"rendered":"<p>Als &#8222;Colludie Stone&#8220; eine neue Fiddle Spielerin suchte, musste ich keine Sekunde nachdenken.\u00a0 Ich f\u00fchle mich dort richtig wohl. Unsere n\u00e4chsten Konzerttermine finden Sie &#8211;&gt; hier H\u00f6rprobe: Tolles Konzert mit T\u00e4nzerin Unsere CDs k\u00f6nnen gerne direkt bei mir bestellt werden. Eine \u00dcbersicht aller meiner Medien gibt es &#8211;&gt; Hier Details und weitere Termine finden Sie &hellip; <a href=\"https:\/\/claudissimo-music.de\/en\/colludie-stone-fine-irish-celtic-folk\/\" class=\"more-link\">Continue reading <span class=\"screen-reader-text\">&#8222;Colludie Stone&#8220;  fine irish celtic folk<\/span> <span class=\"meta-nav\">&rarr;<\/span><\/a><\/p>","protected":false},"author":1,"featured_media":0,"parent":0,"menu_order":0,"comment_status":"closed","ping_status":"closed","template":"","meta":{"_monsterinsights_skip_tracking":false,"_monsterinsights_sitenote_active":false,"_monsterinsights_sitenote_note":"","_monsterinsights_sitenote_category":0,"footnotes":""},"class_list":["post-2602","page","type-page","status-publish","hentry"],"_links":{"self":[{"href":"https:\/\/claudissimo-music.de\/en\/wp-json\/wp\/v2\/pages\/2602","targetHints":{"allow":["GET"]}}],"collection":[{"href":"https:\/\/claudissimo-music.de\/en\/wp-json\/wp\/v2\/pages"}],"about":[{"href":"https:\/\/claudissimo-music.de\/en\/wp-json\/wp\/v2\/types\/page"}],"author":[{"embeddable":true,"href":"https:\/\/claudissimo-music.de\/en\/wp-json\/wp\/v2\/users\/1"}],"replies":[{"embeddable":true,"href":"https:\/\/claudissimo-music.de\/en\/wp-json\/wp\/v2\/comments?post=2602"}],"version-history":[{"count":44,"href":"https:\/\/claudissimo-music.de\/en\/wp-json\/wp\/v2\/pages\/2602\/revisions"}],"predecessor-version":[{"id":3966,"href":"https:\/\/claudissimo-music.de\/en\/wp-json\/wp\/v2\/pages\/2602\/revisions\/3966"}],"wp:attachment":[{"href":"https:\/\/claudissimo-music.de\/en\/wp-json\/wp\/v2\/media?parent=2602"}],"curies":[{"name":"wp","href":"https:\/\/api.w.org\/{rel}","templated":true}]}}