{"id":2235,"date":"2020-10-08T19:40:47","date_gmt":"2020-10-08T17:40:47","guid":{"rendered":"https:\/\/claudissimo-music.de\/?page_id=2235"},"modified":"2024-10-15T19:28:34","modified_gmt":"2024-10-15T17:28:34","slug":"buecher-und-medien","status":"publish","type":"page","link":"https:\/\/claudissimo-music.de\/en\/buecher-und-medien\/","title":{"rendered":"Books and media"},"content":{"rendered":"<h2><span style=\"color: #9635bd; font-family: comic sans ms, sans-serif; font-size: 16pt;\">My books:<\/span><\/h2>\n<p><a href=\"https:\/\/claudissimo-music.de\/wp-content\/uploads\/2020\/07\/Nyckelharpa_Buch.jpg\"><img loading=\"lazy\" decoding=\"async\" class=\"alignleft wp-image-2200 size-full\" src=\"https:\/\/claudissimo-music.de\/wp-content\/uploads\/2020\/07\/Nyckelharpa_Buch.jpg\" alt=\"\" width=\"200\" height=\"283\" \/><\/a><strong>Nyckelharpa Practice Book<\/strong>:<br \/>\n<strong><span style=\"color: #3735ab;\"><br \/>\nNyckelharp(a)issimo - Nyckel harp primer for (slightly) advanced nyckel harp players<\/span><\/strong><\/p>\n<p class=\"translation-block\">you can buy directly from me for the price of 32,50 \u20ac plus 3,50 \u20ac shipping.<br>\nGet <a href=\"\/\/claudissimo-music.de\/en\/kontaktformular\/\u201d\/\" target=\"\u201c_self\u201d\">-&gt; in touch<\/a> with me or give me a call:<br>\n<strong>+49 171 4568350<\/strong><\/p>\n<p>Or you can order it directly from the print shop:\u00a0 <a href=\"https:\/\/www.epubli.com\/shop\/nyckelharpaissimo-nyckelharpafibel-fuer-leicht-fortgeschrittene-nyckelharpaspielerinnen-9783752967432\" target=\"_blank\" rel=\"noopener\">E-PUBLI<\/a><\/p>\n<p><a href=\"https:\/\/www.burg-fuersteneck.de\/burg-aktuell\/news\/nyckelharpa-uebungsbuch-von-claudia-elmer\/\" target=\"_blank\" rel=\"noopener noreferrer\"><img loading=\"lazy\" decoding=\"async\" class=\"alignright wp-image-2254 size-full\" src=\"https:\/\/claudissimo-music.de\/wp-content\/uploads\/2020\/10\/Burg_Fuersteneck.png\" alt=\"\" width=\"106\" height=\"30\" srcset=\"https:\/\/claudissimo-music.de\/wp-content\/uploads\/2020\/10\/Burg_Fuersteneck.png 318w, https:\/\/claudissimo-music.de\/wp-content\/uploads\/2020\/10\/Burg_Fuersteneck-300x87.png 300w\" sizes=\"auto, (max-width: 106px) 100vw, 106px\" \/><\/a><\/p>\n<p class=\"translation-block\">The book was written as part of my training here: I am particularly pleased about their <a href=\"\/\/www.burg-fuersteneck.de\/burg-aktuell\/news\/nyckelharpa-uebungsbuch-von-claudia-elmer\/\u201d\" target=\"\u201c_blank\u201d\" rel=\"\u201cnoopener\">review<\/a><\/p>\n<p><a href=\"https:\/\/claudissimo-music.de\/wp-content\/uploads\/2022\/05\/DrehleierSchuleV.jpg\"><img loading=\"lazy\" decoding=\"async\" class=\"alignleft  wp-image-2499 size-full\" src=\"https:\/\/claudissimo-music.de\/wp-content\/uploads\/2022\/05\/DrehleierSchuleV-212x300.jpg\" alt=\"\" width=\"200\" height=\"283\" srcset=\"https:\/\/claudissimo-music.de\/wp-content\/uploads\/2022\/05\/DrehleierSchuleV-212x300.jpg 212w, https:\/\/claudissimo-music.de\/wp-content\/uploads\/2022\/05\/DrehleierSchuleV.jpg 572w\" sizes=\"auto, (max-width: 200px) 100vw, 200px\" \/><\/a><strong>Hurdy Gurdy Exercise Book Volume 1<\/strong>:<a href=\"https:\/\/claudissimo-music.de\/wp-content\/uploads\/2022\/05\/DrehleierSchuleH.jpg\"><img loading=\"lazy\" decoding=\"async\" class=\"size-medium wp-image-2514 alignright\" src=\"https:\/\/claudissimo-music.de\/wp-content\/uploads\/2022\/05\/DrehleierSchuleH-300x287.jpg\" alt=\"\" width=\"300\" height=\"287\" srcset=\"https:\/\/claudissimo-music.de\/wp-content\/uploads\/2022\/05\/DrehleierSchuleH-300x287.jpg 300w, https:\/\/claudissimo-music.de\/wp-content\/uploads\/2022\/05\/DrehleierSchuleH.jpg 463w\" sizes=\"auto, (max-width: 300px) 100vw, 300px\" \/><\/a><br \/>\n<span style=\"color: #3735ab;\"><strong><span style=\"color: #000000; font-size: 8pt;\">(ISBN: 9783751973557)<\/span><br \/>\nAlready spun the wheel today?<br \/>\n<\/strong><\/span><br \/>\nCan be purchased directly from me at a price of \u20ac 35.50 plus \u20ac 3.50 shipping.<br \/>\nTake <a href=\"https:\/\/claudissimo-music.de\/en\/kontaktformular\/\">-&gt; Contact<\/a> with me or give me a call:<br \/>\n<strong>+49 171\u00a04568350<\/strong><\/p>\n<p>Or you can order it directly from the print shop:\u00a0 <a href=\"https:\/\/www.bod.de\/buchshop\/heute-schon-am-rad-gedrehto-claudia-elmer-9783751973557\" target=\"_blank\" rel=\"noopener\">BoD<\/a><\/p>\n<p><a href=\"https:\/\/claudissimo-music.de\/wp-content\/uploads\/2023\/08\/und_weiter_wird_am_Rad_gedreht.jpg\"><img loading=\"lazy\" decoding=\"async\" class=\"alignleft wp-image-3460 size-medium\" src=\"https:\/\/claudissimo-music.de\/wp-content\/uploads\/2023\/08\/und_weiter_wird_am_Rad_gedreht-212x300.jpg\" alt=\"\" width=\"212\" height=\"300\" srcset=\"https:\/\/claudissimo-music.de\/wp-content\/uploads\/2023\/08\/und_weiter_wird_am_Rad_gedreht-212x300.jpg 212w, https:\/\/claudissimo-music.de\/wp-content\/uploads\/2023\/08\/und_weiter_wird_am_Rad_gedreht.jpg 354w\" sizes=\"auto, (max-width: 212px) 100vw, 212px\" \/><\/a><strong>Hurdy Gurdy Exercise Book Volume 2<\/strong><a href=\"https:\/\/claudissimo-music.de\/wp-content\/uploads\/2023\/08\/und_weiter_wird_am_Rad_gedreht_Back2.jpg\"><img loading=\"lazy\" decoding=\"async\" class=\"alignright wp-image-3472 size-medium\" src=\"https:\/\/claudissimo-music.de\/wp-content\/uploads\/2023\/08\/und_weiter_wird_am_Rad_gedreht_Back2.jpg\" alt=\"\" width=\"308\" height=\"229\" srcset=\"https:\/\/claudissimo-music.de\/wp-content\/uploads\/2023\/08\/und_weiter_wird_am_Rad_gedreht_Back2.jpg 539w, https:\/\/claudissimo-music.de\/wp-content\/uploads\/2023\/08\/und_weiter_wird_am_Rad_gedreht_Back2-300x223.jpg 300w\" sizes=\"auto, (max-width: 308px) 100vw, 308px\" \/><\/a>:<br \/>\n<span style=\"font-size: 8pt;\"><strong>(ISBN: 9783757808082)<\/strong><\/span><br \/>\n<span style=\"color: #3735ab;\"><strong>... and the wheel continues to turn!<br \/>\n<\/strong><\/span><br \/>\nCan be purchased directly from me at a price of \u20ac 35.50 plus \u20ac 3.50 shipping.<br \/>\nTake <a href=\"https:\/\/claudissimo-music.de\/en\/kontaktformular\/\">-&gt; Contact<\/a> with me or give me a call:<br \/>\n<strong>+49 171\u00a04568350<\/strong><\/p>\n<p>Or you can order it directly from the print shop:\u00a0 <a href=\"https:\/\/buchshop.bod.de\/und-weiter-wird-am-rad-gedreht-claudia-elmer-9783757808082\" target=\"_blank\" rel=\"noopener\">BoD<\/a><\/p>\n<h2><span style=\"font-family: comic sans ms, sans-serif; font-size: 16pt; color: #9635bd;\"><br \/>\nMy CDs:<\/span><\/h2>\n<p>Folgende CDs meiner Bands <a href=\"https:\/\/claudissimo-music.de\/en\/clarsach\/\"><strong>&#8222;CLARSACH&#8220;<\/strong><\/a> und <a href=\"https:\/\/claudissimo-music.de\/en\/colludie-stone-fine-irish-celtic-folk\/\"><strong>COLLUDIE STONE<\/strong><\/a> k\u00f6nnen bei mir f\u00fcr je 15 \u20ac erworben werden.\u00a0 Einfach <a href=\"https:\/\/claudissimo-music.de\/en\/kontaktformular\/\">-&gt; Contact<\/a> mit mir aufnehmen oder <strong>+49 171\u00a04568350<\/strong> anrufen.<\/p>\n<p><strong><span style=\"text-decoration: underline;\">CLARSACH with Irish &amp; Scottish music<\/span><br \/>\n<\/strong><\/p>\n<p><span style=\"color: #3735ab;\"><strong><a href=\"https:\/\/claudissimo-music.de\/wp-content\/uploads\/2021\/01\/CD1_Clarsach_TheBeginning_Cover.jpg\"><img loading=\"lazy\" decoding=\"async\" class=\"alignleft wp-image-2307 size-medium\" src=\"https:\/\/claudissimo-music.de\/wp-content\/uploads\/2021\/01\/CD1_Clarsach_TheBeginning_Cover-300x297.jpg\" alt=\"\" width=\"170\" height=\"168\" srcset=\"https:\/\/claudissimo-music.de\/wp-content\/uploads\/2021\/01\/CD1_Clarsach_TheBeginning_Cover-300x297.jpg 300w, https:\/\/claudissimo-music.de\/wp-content\/uploads\/2021\/01\/CD1_Clarsach_TheBeginning_Cover-768x760.jpg 768w, https:\/\/claudissimo-music.de\/wp-content\/uploads\/2021\/01\/CD1_Clarsach_TheBeginning_Cover.jpg 811w\" sizes=\"auto, (max-width: 170px) 100vw, 170px\" \/><\/a>The Beginning<br \/>\n<\/strong><\/span><\/p>\n<p>Die erste <a href=\"https:\/\/claudissimo-music.de\/en\/clarsach\/\"><strong>&#8222;CLARSACH&#8220;<\/strong><\/a> CD aus dem Jahre 2010<\/p>\n<p style=\"text-align: right;\"><strong><span style=\"color: #3735ab;\"><a href=\"https:\/\/claudissimo-music.de\/wp-content\/uploads\/2021\/01\/CD2_Clarsach_Treasure_Cover.jpg\"><img loading=\"lazy\" decoding=\"async\" class=\"wp-image-2308 alignright size-medium\" src=\"https:\/\/claudissimo-music.de\/wp-content\/uploads\/2021\/01\/CD2_Clarsach_Treasure_Cover-300x298.jpg\" alt=\"\" width=\"170\" height=\"169\" srcset=\"https:\/\/claudissimo-music.de\/wp-content\/uploads\/2021\/01\/CD2_Clarsach_Treasure_Cover-300x298.jpg 300w, https:\/\/claudissimo-music.de\/wp-content\/uploads\/2021\/01\/CD2_Clarsach_Treasure_Cover-150x150.jpg 150w, https:\/\/claudissimo-music.de\/wp-content\/uploads\/2021\/01\/CD2_Clarsach_Treasure_Cover-768x762.jpg 768w, https:\/\/claudissimo-music.de\/wp-content\/uploads\/2021\/01\/CD2_Clarsach_Treasure_Cover.jpg 857w\" sizes=\"auto, (max-width: 170px) 100vw, 170px\" \/><\/a><\/span><\/strong><strong><span style=\"color: #3735ab;\">Treasure<\/span><\/strong><\/p>\n<p style=\"text-align: right;\"><a href=\"https:\/\/claudissimo-music.de\/en\/clarsach\/\"><strong>&#8222;CLARSACH&#8220;<\/strong><\/a> CD Nr. 2 aus dem Jahre 2013<\/p>\n<p><span style=\"color: #3735ab;\"><strong><a href=\"https:\/\/claudissimo-music.de\/wp-content\/uploads\/2021\/01\/CD3_Clarsach_Serendipity_Cover.jpg\"><img loading=\"lazy\" decoding=\"async\" class=\"alignleft  wp-image-2309 size-medium\" src=\"https:\/\/claudissimo-music.de\/wp-content\/uploads\/2021\/01\/CD3_Clarsach_Serendipity_Cover-300x300.jpg\" alt=\"\" width=\"170\" height=\"170\" srcset=\"https:\/\/claudissimo-music.de\/wp-content\/uploads\/2021\/01\/CD3_Clarsach_Serendipity_Cover-300x300.jpg 300w, https:\/\/claudissimo-music.de\/wp-content\/uploads\/2021\/01\/CD3_Clarsach_Serendipity_Cover-150x150.jpg 150w, https:\/\/claudissimo-music.de\/wp-content\/uploads\/2021\/01\/CD3_Clarsach_Serendipity_Cover-768x768.jpg 768w, https:\/\/claudissimo-music.de\/wp-content\/uploads\/2021\/01\/CD3_Clarsach_Serendipity_Cover.jpg 800w\" sizes=\"auto, (max-width: 170px) 100vw, 170px\" \/><\/a><\/strong><\/span><span style=\"color: #3735ab;\"><strong>Serendipity<br \/>\n<\/strong><\/span><\/p>\n<p>und die dritte\u00a0 <a href=\"https:\/\/claudissimo-music.de\/en\/clarsach\/\"><strong>&#8222;CLARSACH&#8220;<\/strong><\/a> CD aus dem Jahre 2019<\/p>\n<h2><\/h2>\n<h3><\/h3>\n<p><span style=\"text-decoration: underline;\"><strong>COLLUDIE STONE<\/strong><\/span><\/p>\n<p><a href=\"https:\/\/claudissimo-music.de\/wp-content\/uploads\/2023\/04\/CS-native-land-Cover_S.jpg\"><img loading=\"lazy\" decoding=\"async\" class=\"alignleft  wp-image-3169 size-medium\" src=\"https:\/\/claudissimo-music.de\/wp-content\/uploads\/2023\/04\/CS-native-land-Cover_S-300x292.jpg\" alt=\"\" width=\"175\" height=\"171\" srcset=\"https:\/\/claudissimo-music.de\/wp-content\/uploads\/2023\/04\/CS-native-land-Cover_S-300x292.jpg 300w, https:\/\/claudissimo-music.de\/wp-content\/uploads\/2023\/04\/CS-native-land-Cover_S-1024x998.jpg 1024w, https:\/\/claudissimo-music.de\/wp-content\/uploads\/2023\/04\/CS-native-land-Cover_S-768x749.jpg 768w, https:\/\/claudissimo-music.de\/wp-content\/uploads\/2023\/04\/CS-native-land-Cover_S-1536x1497.jpg 1536w, https:\/\/claudissimo-music.de\/wp-content\/uploads\/2023\/04\/CS-native-land-Cover_S-2048x1996.jpg 2048w\" sizes=\"auto, (max-width: 175px) 100vw, 175px\" \/><\/a> <strong><span style=\"color: #3735ab;\">Native Land<\/span><\/strong><\/p>\n<p>The 1st CD of my band <a href=\"https:\/\/claudissimo-music.de\/en\/colludie-stone-fine-irish-celtic-folk\/\"><strong>COLLUDIE STONE<\/strong><\/a><\/p>\n<p style=\"text-align: right;\"><strong><span style=\"color: #3735ab;\"><a href=\"https:\/\/claudissimo-music.de\/wp-content\/uploads\/2023\/04\/CS-Streetwise-Cover.jpg\"><img loading=\"lazy\" decoding=\"async\" class=\"wp-image-3170 alignright size-medium\" src=\"https:\/\/claudissimo-music.de\/wp-content\/uploads\/2023\/04\/CS-Streetwise-Cover-300x270.jpg\" alt=\"\" width=\"171\" height=\"154\" srcset=\"https:\/\/claudissimo-music.de\/wp-content\/uploads\/2023\/04\/CS-Streetwise-Cover-300x270.jpg 300w, https:\/\/claudissimo-music.de\/wp-content\/uploads\/2023\/04\/CS-Streetwise-Cover.jpg 672w\" sizes=\"auto, (max-width: 171px) 100vw, 171px\" \/><\/a>Streetwise<\/span><\/strong><\/p>\n<p style=\"text-align: right;\">and the 2nd CD from <strong><a href=\"https:\/\/claudissimo-music.de\/en\/colludie-stone-fine-irish-celtic-folk\/\">COLLUDIE STONE<\/a><\/strong><\/p>","protected":false},"excerpt":{"rendered":"<p>Meine B\u00fccher: Nyckelharpa \u00dcbungsbuch: Nyckelharp(a)issimo &#8211; Nyckelharpafibel f\u00fcr (leicht) fortgeschrittene NyckelharpaspielerInnen k\u00f6nnen Sie direkt bei mir zum Preis von 32,50 \u20ac plus 3,50 \u20ac Versand kaufen. Nehmen Sie &#8211;&gt; Kontakt mit mir auf oder rufen mich an: +49 171 4568350 Oder Sie bestellen es direkt in der Druckerei :\u00a0 E-PUBLI Das Buch entstand im Rahmen &hellip; <a href=\"https:\/\/claudissimo-music.de\/en\/buecher-und-medien\/\" class=\"more-link\">Continue reading <span class=\"screen-reader-text\">Books and media<\/span> <span class=\"meta-nav\">&rarr;<\/span><\/a><\/p>","protected":false},"author":1,"featured_media":0,"parent":0,"menu_order":0,"comment_status":"closed","ping_status":"closed","template":"","meta":{"_monsterinsights_skip_tracking":false,"_monsterinsights_sitenote_active":false,"_monsterinsights_sitenote_note":"","_monsterinsights_sitenote_category":0,"footnotes":""},"class_list":["post-2235","page","type-page","status-publish","hentry"],"_links":{"self":[{"href":"https:\/\/claudissimo-music.de\/en\/wp-json\/wp\/v2\/pages\/2235","targetHints":{"allow":["GET"]}}],"collection":[{"href":"https:\/\/claudissimo-music.de\/en\/wp-json\/wp\/v2\/pages"}],"about":[{"href":"https:\/\/claudissimo-music.de\/en\/wp-json\/wp\/v2\/types\/page"}],"author":[{"embeddable":true,"href":"https:\/\/claudissimo-music.de\/en\/wp-json\/wp\/v2\/users\/1"}],"replies":[{"embeddable":true,"href":"https:\/\/claudissimo-music.de\/en\/wp-json\/wp\/v2\/comments?post=2235"}],"version-history":[{"count":140,"href":"https:\/\/claudissimo-music.de\/en\/wp-json\/wp\/v2\/pages\/2235\/revisions"}],"predecessor-version":[{"id":4089,"href":"https:\/\/claudissimo-music.de\/en\/wp-json\/wp\/v2\/pages\/2235\/revisions\/4089"}],"wp:attachment":[{"href":"https:\/\/claudissimo-music.de\/en\/wp-json\/wp\/v2\/media?parent=2235"}],"curies":[{"name":"wp","href":"https:\/\/api.w.org\/{rel}","templated":true}]}}