{"id":2086,"date":"2019-09-01T13:33:28","date_gmt":"2019-09-01T11:33:28","guid":{"rendered":"http:\/\/claudissimo-music.de\/?page_id=2086"},"modified":"2025-01-19T13:43:49","modified_gmt":"2025-01-19T12:43:49","slug":"clarsach","status":"publish","type":"page","link":"https:\/\/claudissimo-music.de\/en\/clarsach\/","title":{"rendered":"Clarsach"},"content":{"rendered":"<h1><span style=\"color: #9635bd; font-family: comic sans ms,sans-serif; font-size: 16pt;\">Unsere Irish &amp; Scottish Band spielte zu jedem ihrer Anl\u00e4sse<\/span><\/h1>\n<div class=\"text-orange cursor-pointer whitespace-normal inline\"><div id=\"metaslider-id-2091\" style=\"width: 100%; margin: 0 auto;\" class=\"ml-slider-3-101-0 metaslider metaslider-nivo metaslider-2091 ml-slider ms-theme-default\" role=\"region\" aria-label=\"Clarsach\" data-height=\"535\" data-width=\"800\">\n    <div id=\"metaslider_container_2091\">\n        <div class='slider-wrapper theme-default'><div class='ribbon'><\/div><div id='metaslider_2091' class='nivoSlider'><img loading=\"lazy\" decoding=\"async\" src=\"https:\/\/claudissimo-music.de\/wp-content\/uploads\/2019\/09\/5_Clarsach_imWald2_2019-800x535.jpg\" height=\"535\" width=\"800\" title=\"5_Clarsach_imWald2_2019\" alt=\"\" class=\"slider-2091 slide-2103 msDefaultImage\" \/><img loading=\"lazy\" decoding=\"async\" src=\"https:\/\/claudissimo-music.de\/wp-content\/uploads\/2019\/09\/5_Clarsach_imWald1_2019-800x535.jpg\" height=\"535\" width=\"800\" title=\"5_Clarsach_imWald1_2019\" alt=\"\" class=\"slider-2091 slide-2102 msDefaultImage\" \/><img loading=\"lazy\" decoding=\"async\" src=\"https:\/\/claudissimo-music.de\/wp-content\/uploads\/2019\/09\/5_Clarsach_unterBaum1_2019-800x535.jpg\" height=\"535\" width=\"800\" title=\"5_Clarsach_unterBaum1_2019\" alt=\"\" class=\"slider-2091 slide-2104 msDefaultImage\" \/><img loading=\"lazy\" decoding=\"async\" src=\"https:\/\/claudissimo-music.de\/wp-content\/uploads\/2019\/09\/Clarsach_GrpBild_SW_171117-800x535.jpg\" height=\"535\" width=\"800\" title=\"Clarsach_GrpBild_SW_171117\" alt=\"\" class=\"slider-2091 slide-2107 msDefaultImage\" \/><img loading=\"lazy\" decoding=\"async\" src=\"https:\/\/claudissimo-music.de\/wp-content\/uploads\/2019\/09\/Clarsach_GrpBild2_171117-800x535.jpg\" height=\"535\" width=\"800\" title=\"Clarsach_GrpBild2_171117\" alt=\"\" class=\"slider-2091 slide-2108 msDefaultImage\" \/><img loading=\"lazy\" decoding=\"async\" src=\"https:\/\/claudissimo-music.de\/wp-content\/uploads\/2019\/09\/5_Clarsach_Felskante_2019-800x535.jpg\" height=\"535\" width=\"800\" title=\"5_Clarsach_Felskante_2019\" alt=\"\" class=\"slider-2091 slide-2101 msDefaultImage\" \/><img loading=\"lazy\" decoding=\"async\" src=\"https:\/\/claudissimo-music.de\/wp-content\/uploads\/2019\/09\/Clarsach_GrpBild_171117-800x535.jpg\" height=\"535\" width=\"800\" title=\"Clarsach_GrpBild_171117\" alt=\"\" class=\"slider-2091 slide-2106 msDefaultImage\" \/><img loading=\"lazy\" decoding=\"async\" src=\"https:\/\/claudissimo-music.de\/wp-content\/uploads\/2019\/09\/5_Clarsach_unterBaum2_2019-800x535.jpg\" height=\"535\" width=\"800\" title=\"5_Clarsach_unterBaum2_2019\" alt=\"\" class=\"slider-2091 slide-2105 msDefaultImage\" \/><img loading=\"lazy\" decoding=\"async\" src=\"https:\/\/claudissimo-music.de\/wp-content\/uploads\/2019\/09\/Clarsach_GrpBild2_SW_171117-800x535.jpg\" height=\"535\" width=\"800\" title=\"Clarsach_GrpBild2_SW_171117\" alt=\"\" class=\"slider-2091 slide-2109 msDefaultImage\" \/><\/div><\/div>\n        \n    <\/div>\n<\/div><\/div>\n<div><\/div>\n<p class=\"translation-block\">Unfortunately we have split up and I am very sad about it. But they were very valuable 15 years. Please feel free to contact me \u2013&gt; <strong><a href=\"\/\/claudissimo-music.de\/en\/kontaktformular\/\u201d\/\" target=\"\u201c_self\u201d\">if you would like to find out more.<\/p>\n<p class=\"translation-block\">I am left with three wonderful CDs.<br>\nContact me \u2013&gt; <strong><a href=\"http:\/\/claudissimo-music.de\/en\/kontaktformular\/\" target=\"_self\">or call <strong>+49 171 4568350<\/strong> if you would like to find out more about the band or CDs or to order them.<\/p>\n<table>\n<tbody>\n<tr>\n<td><a href=\"https:\/\/claudissimo-music.de\/wp-content\/uploads\/2021\/01\/CD1_Clarsach_TheBeginning_Cover.jpg\"><img loading=\"lazy\" decoding=\"async\" class=\"alignleft  wp-image-2307\" src=\"https:\/\/claudissimo-music.de\/wp-content\/uploads\/2021\/01\/CD1_Clarsach_TheBeginning_Cover-300x297.jpg\" alt=\"\" width=\"125\" height=\"124\" srcset=\"https:\/\/claudissimo-music.de\/wp-content\/uploads\/2021\/01\/CD1_Clarsach_TheBeginning_Cover-300x297.jpg 300w, https:\/\/claudissimo-music.de\/wp-content\/uploads\/2021\/01\/CD1_Clarsach_TheBeginning_Cover-150x150.jpg 150w, https:\/\/claudissimo-music.de\/wp-content\/uploads\/2021\/01\/CD1_Clarsach_TheBeginning_Cover-768x760.jpg 768w, https:\/\/claudissimo-music.de\/wp-content\/uploads\/2021\/01\/CD1_Clarsach_TheBeginning_Cover.jpg 811w\" sizes=\"auto, (max-width: 125px) 100vw, 125px\" \/><\/a>CD1<\/td>\n<td><a href=\"https:\/\/claudissimo-music.de\/wp-content\/uploads\/2021\/01\/CD2_Clarsach_Treasure_Cover.jpg\"><img loading=\"lazy\" decoding=\"async\" class=\"alignleft  wp-image-2308\" src=\"https:\/\/claudissimo-music.de\/wp-content\/uploads\/2021\/01\/CD2_Clarsach_Treasure_Cover-300x298.jpg\" alt=\"\" width=\"125\" height=\"124\" srcset=\"https:\/\/claudissimo-music.de\/wp-content\/uploads\/2021\/01\/CD2_Clarsach_Treasure_Cover-300x298.jpg 300w, https:\/\/claudissimo-music.de\/wp-content\/uploads\/2021\/01\/CD2_Clarsach_Treasure_Cover-150x150.jpg 150w, https:\/\/claudissimo-music.de\/wp-content\/uploads\/2021\/01\/CD2_Clarsach_Treasure_Cover-768x762.jpg 768w, https:\/\/claudissimo-music.de\/wp-content\/uploads\/2021\/01\/CD2_Clarsach_Treasure_Cover.jpg 857w\" sizes=\"auto, (max-width: 125px) 100vw, 125px\" \/><\/a>CD2<\/td>\n<td><a href=\"https:\/\/claudissimo-music.de\/wp-content\/uploads\/2021\/01\/CD3_Clarsach_Serendipity_Cover.jpg\"><img loading=\"lazy\" decoding=\"async\" class=\"alignleft  wp-image-2309\" src=\"https:\/\/claudissimo-music.de\/wp-content\/uploads\/2021\/01\/CD3_Clarsach_Serendipity_Cover-300x300.jpg\" alt=\"\" width=\"125\" height=\"125\" srcset=\"https:\/\/claudissimo-music.de\/wp-content\/uploads\/2021\/01\/CD3_Clarsach_Serendipity_Cover-300x300.jpg 300w, https:\/\/claudissimo-music.de\/wp-content\/uploads\/2021\/01\/CD3_Clarsach_Serendipity_Cover-150x150.jpg 150w, https:\/\/claudissimo-music.de\/wp-content\/uploads\/2021\/01\/CD3_Clarsach_Serendipity_Cover-768x768.jpg 768w, https:\/\/claudissimo-music.de\/wp-content\/uploads\/2021\/01\/CD3_Clarsach_Serendipity_Cover.jpg 800w\" sizes=\"auto, (max-width: 125px) 100vw, 125px\" \/><\/a>CD3<\/td>\n<\/tr>\n<\/tbody>\n<\/table>","protected":false},"excerpt":{"rendered":"<p>Unsere Irish &amp; Scottish Band spielte zu jedem ihrer Anl\u00e4sse Leider haben wir uns aufgel\u00f6st, ich bin dar\u00fcber sehr traurig. Aber es waren sehr wertvolle\u00a0 15 Jahre.\u00a0 Nehmen Sie gerne\u00a0 &#8211;&gt; Kontakt mit mir auf wenn Sie mehr dar\u00fcber erfahren m\u00f6chten. Geblieben sind mir drei wunderbare CDs. Nehmen Sie\u00a0 &#8211;&gt; Kontakt mit mir auf oder &hellip; <a href=\"https:\/\/claudissimo-music.de\/en\/clarsach\/\" class=\"more-link\">Continue reading <span class=\"screen-reader-text\">Clarsach<\/span> <span class=\"meta-nav\">&rarr;<\/span><\/a><\/p>","protected":false},"author":1,"featured_media":0,"parent":0,"menu_order":0,"comment_status":"closed","ping_status":"closed","template":"","meta":{"_monsterinsights_skip_tracking":false,"_monsterinsights_sitenote_active":false,"_monsterinsights_sitenote_note":"","_monsterinsights_sitenote_category":0,"footnotes":""},"class_list":["post-2086","page","type-page","status-publish","hentry"],"_links":{"self":[{"href":"https:\/\/claudissimo-music.de\/en\/wp-json\/wp\/v2\/pages\/2086","targetHints":{"allow":["GET"]}}],"collection":[{"href":"https:\/\/claudissimo-music.de\/en\/wp-json\/wp\/v2\/pages"}],"about":[{"href":"https:\/\/claudissimo-music.de\/en\/wp-json\/wp\/v2\/types\/page"}],"author":[{"embeddable":true,"href":"https:\/\/claudissimo-music.de\/en\/wp-json\/wp\/v2\/users\/1"}],"replies":[{"embeddable":true,"href":"https:\/\/claudissimo-music.de\/en\/wp-json\/wp\/v2\/comments?post=2086"}],"version-history":[{"count":29,"href":"https:\/\/claudissimo-music.de\/en\/wp-json\/wp\/v2\/pages\/2086\/revisions"}],"predecessor-version":[{"id":4153,"href":"https:\/\/claudissimo-music.de\/en\/wp-json\/wp\/v2\/pages\/2086\/revisions\/4153"}],"wp:attachment":[{"href":"https:\/\/claudissimo-music.de\/en\/wp-json\/wp\/v2\/media?parent=2086"}],"curies":[{"name":"wp","href":"https:\/\/api.w.org\/{rel}","templated":true}]}}