{"id":1479,"date":"2018-04-03T20:32:26","date_gmt":"2018-04-03T18:32:26","guid":{"rendered":"http:\/\/claudissimo-music.de\/?page_id=1479"},"modified":"2025-02-19T18:59:23","modified_gmt":"2025-02-19T17:59:23","slug":"konzerttermine","status":"publish","type":"page","link":"https:\/\/claudissimo-music.de\/en\/konzerttermine\/","title":{"rendered":"Concert dates"},"content":{"rendered":"<h1><span style=\"font-family: comic sans ms,sans-serif; font-size: 16pt;\"><span style=\"color: #9635bd;\">Konzerttermine finden Sie hier:<\/span><\/span><\/h1>\n<p><span style=\"font-size: 14pt; color: #3735ab;\"><strong>COLLUDIE STONE<\/strong><\/span><\/p>\n<p class=\"translation-block\"><a href=\"https:\/\/claudissimo-music.de\/wp-content\/uploads\/2022\/07\/Colludie_Stone_SK-1.jpg\" target=\"_self\"><img class=\"alignleft wp-image-2653 size-medium\" src=\"https:\/\/claudissimo-music.de\/wp-content\/uploads\/2022\/07\/Colludie_Stone_SK-1.jpg\" alt=\"\" width=\"250\" height=\"203\"><\/a>My Irish Celtic Folk Band \u2013&gt; <strong><a href=\"https:\/\/claudissimo-music.de\/en\/colludie-stone- fine-irish-celtic-folk\/\" target=\"_self\">Colludie Stone<\/a><\/strong><\/p>\n<p>zu den <strong><a href=\"https:\/\/claudissimo-music.de\/en\/termine-colludie-stone\/\">Terminen<\/a><\/strong><\/p>\n<p>===========================================<\/p>\n<p><span style=\"font-size: 14pt; color: #3735ab;\"><strong>Nyckelharpa4Ever<\/strong><\/span><\/p>\n<p><a href=\"https:\/\/claudissimo-music.de\/wp-content\/uploads\/2022\/10\/Nyckelharpa4ever_Gesichter.jpg\"><img loading=\"lazy\" decoding=\"async\" class=\"alignleft wp-image-2802 size-medium\" src=\"https:\/\/claudissimo-music.de\/wp-content\/uploads\/2022\/10\/Nyckelharpa4ever_Gesichter.jpg\" alt=\"\" width=\"255\" height=\"191\" srcset=\"https:\/\/claudissimo-music.de\/wp-content\/uploads\/2022\/10\/Nyckelharpa4ever_Gesichter.jpg 1296w, https:\/\/claudissimo-music.de\/wp-content\/uploads\/2022\/10\/Nyckelharpa4ever_Gesichter-300x225.jpg 300w, https:\/\/claudissimo-music.de\/wp-content\/uploads\/2022\/10\/Nyckelharpa4ever_Gesichter-1024x766.jpg 1024w, https:\/\/claudissimo-music.de\/wp-content\/uploads\/2022\/10\/Nyckelharpa4ever_Gesichter-768x575.jpg 768w\" sizes=\"auto, (max-width: 255px) 100vw, 255px\" \/><\/a>Something special:<br \/>French-German with different sizes<br \/>and tuned Nyckel harps<br \/>&#8211;&gt; <a href=\"https:\/\/claudissimo-music.de\/en\/nyckelharpa4ever\/\"><strong>NYCKELHARPA4EVER<\/strong><\/a><\/p>\n<p>zu den <strong><a href=\"https:\/\/claudissimo-music.de\/en\/termine-nyckelharpa4ever\/\">Terminen<\/a><\/strong><\/p>\n<p>===========================================<\/p>\n<p><strong><span style=\"color: #3735ab; font-size: 14pt;\">Duo\u00a0 Soebenmal<\/span><\/strong><\/p>\n<p class=\"translation-block\"><a href=\"http:\/\/claudissimo-music.de\/wp-content\/uploads\/2018\/11\/Konzert_WN_021218_St-Antonius-Kirche.jpg\" target=\"_self\"><img class=\"alignleft wp-image-1632 size-medium\" src=\"http:\/\/claudissimo-music.de\/wp-content\/uploads\/2018\/11\/Konzert_WN_021218_St-Antonius-Kirche-300x244.jpg\" alt=\"\" width=\"300\" height=\"244\"><\/a>Musikalische Reise durch die Jahrhunderte (16.-18. Jh) auf der<br>Nyckelharpa (Schl\u00fcsselfidel)<\/p>\n<p class=\"translation-block\">Our duo \u2013&gt; <span><strong><a href=\"\/\/claudissimo-music.de\/en\/soebenmal\/\u201c\/\" target=\"\u201c_self\u201c\">SOEBENMAL<\/a><\/strong><\/span><\/p>\n<p>zu den <strong><a href=\"http:\/\/claudissimo-music.de\/en\/termine-soebenmal\/\">Terminen<\/a><\/strong><\/p>\n<p>===========================================<\/p>\n<p><strong><span style=\"color: #3735ab; font-size: 14pt;\">Trio\u00a0 Timber &amp; Tides<\/span><\/strong><\/p>\n<p><a href=\"https:\/\/claudissimo-music.de\/wp-content\/uploads\/2025\/02\/Timber_Banner_900x600.jpg\"><img loading=\"lazy\" decoding=\"async\" class=\"alignleft wp-image-4272 size-medium\" src=\"https:\/\/claudissimo-music.de\/wp-content\/uploads\/2025\/02\/Timber_Banner_900x600.jpg\" alt=\"\" width=\"260\" height=\"173\" srcset=\"https:\/\/claudissimo-music.de\/wp-content\/uploads\/2025\/02\/Timber_Banner_900x600.jpg 900w, https:\/\/claudissimo-music.de\/wp-content\/uploads\/2025\/02\/Timber_Banner_900x600-300x200.jpg 300w, https:\/\/claudissimo-music.de\/wp-content\/uploads\/2025\/02\/Timber_Banner_900x600-768x512.jpg 768w, https:\/\/claudissimo-music.de\/wp-content\/uploads\/2025\/02\/Timber_Banner_900x600-18x12.jpg 18w\" sizes=\"auto, (max-width: 260px) 100vw, 260px\" \/><\/a>Fein arrangierte, charmante Folkmusik, die Herzen ber\u00fchrt und zum Tr\u00e4umen einl\u00e4dt.\u00a0<\/p>\n<p>Unser Trio &#8211;&gt;\u00a0 <span style=\"font-size: 12pt;\"><strong><a href=\"https:\/\/claudissimo-music.de\/en\/timber-tides\/\">TIMBER &amp; TIDES<\/a><\/strong><\/span><\/p>\n<p>zu den <strong><a href=\"https:\/\/claudissimo-music.de\/en\/termine-timber-tides\/\">Terminen<\/a><\/strong><\/p>\n\n\n<p><\/p>","protected":false},"excerpt":{"rendered":"<p>Konzerttermine finden Sie hier: COLLUDIE STONE Meine Irish Celtic Folk Band &#8211;&gt; Colludie Stone zu den Terminen =========================================== Nyckelharpa4Ever Mal was besonders:Franz\u00f6sich-deutsch mit unterschiedlich gro\u00dfenund gestimmten Nyckelharpas&#8211;&gt; NYCKELHARPA4EVER zu den Terminen =========================================== Duo\u00a0 Soebenmal Musikalische Reise durch die Jahrhunderte (16.-18. Jh) auf derNyckelharpa (Schl\u00fcsselfidel) Unser Duo &#8211;&gt;\u00a0SOEBENMAL zu den Terminen =========================================== Trio\u00a0 Timber &amp; Tides &hellip; <a href=\"https:\/\/claudissimo-music.de\/en\/konzerttermine\/\" class=\"more-link\">Continue reading <span class=\"screen-reader-text\">Concert dates<\/span> <span class=\"meta-nav\">&rarr;<\/span><\/a><\/p>","protected":false},"author":1,"featured_media":0,"parent":0,"menu_order":0,"comment_status":"closed","ping_status":"closed","template":"","meta":{"_monsterinsights_skip_tracking":false,"_monsterinsights_sitenote_active":false,"_monsterinsights_sitenote_note":"","_monsterinsights_sitenote_category":0,"footnotes":""},"class_list":["post-1479","page","type-page","status-publish","hentry"],"_links":{"self":[{"href":"https:\/\/claudissimo-music.de\/en\/wp-json\/wp\/v2\/pages\/1479","targetHints":{"allow":["GET"]}}],"collection":[{"href":"https:\/\/claudissimo-music.de\/en\/wp-json\/wp\/v2\/pages"}],"about":[{"href":"https:\/\/claudissimo-music.de\/en\/wp-json\/wp\/v2\/types\/page"}],"author":[{"embeddable":true,"href":"https:\/\/claudissimo-music.de\/en\/wp-json\/wp\/v2\/users\/1"}],"replies":[{"embeddable":true,"href":"https:\/\/claudissimo-music.de\/en\/wp-json\/wp\/v2\/comments?post=1479"}],"version-history":[{"count":247,"href":"https:\/\/claudissimo-music.de\/en\/wp-json\/wp\/v2\/pages\/1479\/revisions"}],"predecessor-version":[{"id":4292,"href":"https:\/\/claudissimo-music.de\/en\/wp-json\/wp\/v2\/pages\/1479\/revisions\/4292"}],"wp:attachment":[{"href":"https:\/\/claudissimo-music.de\/en\/wp-json\/wp\/v2\/media?parent=1479"}],"curies":[{"name":"wp","href":"https:\/\/api.w.org\/{rel}","templated":true}]}}