{"id":1361,"date":"2018-01-03T21:39:43","date_gmt":"2018-01-03T20:39:43","guid":{"rendered":"http:\/\/claudissimo-music.de\/?page_id=1361"},"modified":"2025-10-01T21:51:23","modified_gmt":"2025-10-01T19:51:23","slug":"links","status":"publish","type":"page","link":"https:\/\/claudissimo-music.de\/en\/links\/","title":{"rendered":"Links"},"content":{"rendered":"<h1 style=\"text-align: left;\"><span style=\"color: #9635bd; font-family: comic sans ms, sans-serif; font-size: 16pt;\">List of all my mentioned LINKS<\/span><\/h1>\n<table style=\"border: 0px currentColor;\">\n<tbody>\n<tr>\n<td style=\"border: 0px currentColor; width: 12em;\"><a href=\"https:\/\/www.lampenfieberlos.de\" target=\"_blank\" rel=\"noopener\"><span style=\"font-size: 12pt;\"><strong>Lampenfieberlos<\/strong><\/span><\/a><\/td>\n<td style=\"border: 0px currentColor;\"><span style=\"font-size: 12pt;\">In addition to my music activities, I am a trained coach and can help you with various personal fears and blockages<\/span><\/td>\n<\/tr>\n<tr>\n<td style=\"border: 0px currentColor; width: 12em;\"><a href=\"https:\/\/www.colludiestone.com\/\" target=\"_blank\" rel=\"noopener\"><span style=\"font-size: 12pt;\"><strong>Colludie Stone <\/strong><\/span><\/a><\/td>\n<td style=\"border: 0px currentColor;\"><span style=\"font-size: 12pt;\"> Mit dieser Band spielen wir &#8222;fine irish &amp; celtic folk&#8220;. Hier kann ich meine Leidenschaft so richtig ausleben<\/span><\/td>\n<\/tr>\n<tr>\n<td style=\"border: 0px currentColor; width: 12em;\"><a href=\"https:\/\/timberandtides-music.de\/\" target=\"_blank\" rel=\"noopener\"><span style=\"font-size: 12pt;\"><strong>Timber &amp; Tides <\/strong><\/span><\/a><\/td>\n<td style=\"border: 0px currentColor;\"><span style=\"font-size: 12pt;\">Meine dreik\u00f6pfige Band, die mit Gitarre, Handpan und Nyckelharpa sowie mehrstimmigem Gesang englische, irische und schottische Folksongs fein arrangiert und spielt<\/span><\/td>\n<\/tr>\n<tr>\n<td style=\"border: 0px currentColor; width: 12em;\"><a href=\"https:\/\/youtube.com\/channel\/UCUFr2CZyEBtIq91TjIYtDgQ\" target=\"_blank\" rel=\"noopener\"><span style=\"font-size: 12pt;\"><strong>AriaLuna <\/strong><\/span><\/a><\/td>\n<td style=\"border: 0px currentColor;\"><span style=\"font-size: 12pt;\"><a href=\"https:\/\/youtube.com\/channel\/UCUFr2CZyEBtIq91TjIYtDgQ\" target=\"_blank\" rel=\"noopener\"><img loading=\"lazy\" decoding=\"async\" class=\"alignright wp-image-2411 size-medium\" src=\"https:\/\/claudissimo-music.de\/wp-content\/uploads\/2021\/04\/YouTube_Logo-300x70.png\" alt=\"\" width=\"80\" height=\"19\" srcset=\"https:\/\/claudissimo-music.de\/wp-content\/uploads\/2021\/04\/YouTube_Logo-300x70.png 300w, https:\/\/claudissimo-music.de\/wp-content\/uploads\/2021\/04\/YouTube_Logo.png 556w\" sizes=\"auto, (max-width: 80px) 100vw, 80px\" \/><\/a>My Nyckelharpa DUO project. Homepage to follow. Here to audio samples on YouTube<\/span><\/td>\n<\/tr>\n<tr>\n<td style=\"border: 0px currentColor; width: 12em;\"><span style=\"font-size: 12pt;\"><strong><a href=\"https:\/\/www.epubli.de\/shop\/buch\/100420\" target=\"_blank\" rel=\"noopener noreferrer\">epubli<\/a> <\/strong><\/span><\/td>\n<td style=\"border: 0px currentColor;\"><span style=\"font-size: 12pt;\">Here you can buy my nyckelharpa practice book<\/span><\/td>\n<\/tr>\n<tr>\n<td style=\"border: 0px currentColor; width: 12em;\"><span style=\"font-size: 12pt;\"><strong><a href=\"https:\/\/musica-viva.de\/\" target=\"_blank\" rel=\"noopener noreferrer\">Music vacation\/holidays<\/a> <\/strong><\/span><\/td>\n<td style=\"border: 0px currentColor;\"><span style=\"font-size: 12pt;\">Mein befreundeter Musiker Fabian Payr bietet f\u00fcr viele Instrumente und Gesang \u00a0&#8222;Musikferien&#8220;\u00a0in\u00a0sch\u00f6ner Umgebung an. Sehr zu empfehlen<\/span><\/td>\n<\/tr>\n<tr>\n<td style=\"border: 0px currentColor; width: 12em;\"><span style=\"font-size: 12pt;\"><strong><a href=\"http:\/\/renz-fotografie.de\/\" target=\"_blank\" rel=\"noopener noreferrer\">My photographer<\/a> <\/strong><\/span><\/td>\n<td style=\"border: 0px currentColor;\"><span style=\"font-size: 12pt;\">I can recommend my photographer \u201cThomas Renz\u201d at any time. He is there when you need him and delivers great pictures<\/span><\/td>\n<\/tr>\n<tr>\n<td style=\"border: 0px currentColor; width: 12em;\"><a href=\"https:\/\/geigenunterricht.net\/\" target=\"_blank\" rel=\"noopener noreferrer\"><span style=\"font-size: 12pt;\"><strong>My violin teacher<\/strong><\/span><\/a><\/td>\n<td style=\"border: 0px currentColor;\"><span style=\"font-size: 12pt;\">My violin teacher Hanno Gr\u00e4sser motivated me to follow my musical path\u00a0 <\/span><\/td>\n<\/tr>\n<tr>\n<td style=\"border: 0px currentColor;\"><span style=\"font-size: 12pt;\"><strong><a href=\"https:\/\/www.bod.de\/buchshop\/\" target=\"_blank\" rel=\"noopener noreferrer\">Books on Demand<\/a><\/strong><\/span><\/td>\n<td style=\"border: 0px currentColor;\"><span style=\"font-size: 12pt;\">BoD, publisher of my hurdy-gurdy schools<\/span><\/td>\n<\/tr>\n<tr>\n<td style=\"border: 0px currentColor;\"><\/td>\n<td style=\"border: 0px currentColor;\"><\/td>\n<\/tr>\n<tr>\n<td style=\"border: 0px currentColor;\"><span style=\"font-size: 12pt;\"><strong><a href=\"https:\/\/www.burg-fuersteneck.de\/home\/\" target=\"_blank\" rel=\"noopener noreferrer\">F\u00fcrsteneck Castle<\/a><\/strong><\/span><\/td>\n<td style=\"border: 0px currentColor;\"><span style=\"font-size: 12pt;\">Academy for vocational and artistic-cultural training<\/span><\/td>\n<\/tr>\n<tr>\n<td style=\"border: 0px currentColor;\"><span style=\"font-size: 12pt;\"><strong><a href=\"http:\/\/www.nyckelharpabauerin.de\/\" target=\"_blank\" rel=\"noopener noreferrer\">Nyckelharpabauer 1<\/a><\/strong><\/span><\/td>\n<td style=\"border: 0px currentColor;\"><span style=\"font-size: 12pt;\">Amrey Schaffeld built one of my Nyckelparpas, which I am very happy with<\/span><\/td>\n<\/tr>\n<tr>\n<td style=\"border: 0px currentColor;\"><span style=\"font-size: 12pt;\"><strong><a href=\"https:\/\/www.nyckelharpa.de\/\" target=\"_blank\" rel=\"noopener noreferrer\">Nyckelharpabauer 2<\/a><\/strong><\/span><\/td>\n<td style=\"border: 0px currentColor;\"><span style=\"font-size: 12pt;\"> Johannes Mayr has built another of my Nyckelharpas, which I am also very happy with<\/span><\/td>\n<\/tr>\n<tr>\n<td style=\"border: 0px currentColor;\"><span style=\"font-size: 12pt;\"><strong><a href=\"https:\/\/www.nyckelharpa-bau.de\/\" target=\"_blank\" rel=\"noopener noreferrer\">Nyckelharpabauer 3<\/a><\/strong><\/span><\/td>\n<td style=\"border: 0px currentColor;\"><span style=\"font-size: 12pt;\"> J\u00fcrgen Vater also builds great Nyckelharpas, I might buy another one here soon<\/span><\/td>\n<\/tr>\n<tr>\n<td style=\"border: 0px currentColor;\"><span style=\"font-size: 12pt;\"><strong><a href=\"https:\/\/www.drehleierwerkstatt.de\/de\/\" target=\"_blank\" rel=\"noopener noreferrer\">Hurdy-gurdy maker 1<\/a><\/strong><\/span><\/td>\n<td style=\"border: 0px currentColor;\"><span style=\"font-size: 12pt;\">Sebastian Hilsmann built my high-quality hurdy-gurdy, which I am very happy with<\/span><\/td>\n<\/tr>\n<tr>\n<td style=\"border: 0px currentColor;\"><a href=\"https:\/\/www.kurt-reichmann.de\/\" target=\"_blank\" rel=\"noopener noreferrer\"><span style=\"font-size: 12pt;\"><strong>Hurdy-gurdy maker 2<\/strong><\/span><\/a><\/td>\n<td style=\"border: 0px currentColor;\"><span style=\"font-size: 12pt;\">I am not only connected to Kurt Reichmann by owning one of his hurdy-gurdies, but also by the passion to pass on this playing tradition<br \/>\n<\/span><\/td>\n<\/tr>\n<tr>\n<td style=\"border: 0px currentColor;\"><a href=\"https:\/\/drehleierbau-riedel.de\/\" target=\"_blank\" rel=\"noopener noreferrer\"><span style=\"font-size: 12pt;\"><strong>Hurdy-gurdy maker 3<\/strong><\/span><\/a><\/td>\n<td style=\"border: 0px currentColor;\"><span style=\"font-size: 12pt;\">I built my first hurdy-gurdy completely out of wood myself at Karl Riedel. I am very proud of it<br \/>\n<\/span><\/td>\n<\/tr>\n<tr>\n<td style=\"border: 0px currentColor;\"><a href=\"https:\/\/www.gotschy.com\/\" target=\"_blank\" rel=\"noopener noreferrer\"><span style=\"font-size: 12pt;\"><strong>Hurdy-gurdy maker 4<\/strong><\/span><\/a><\/td>\n<td style=\"border: 0px currentColor;\"><span style=\"font-size: 12pt;\">Alexandra Betz, a long-time employee, took over Helmut Gotschy's leno workshop in 2010<br \/>\n<\/span><\/td>\n<\/tr>\n<tr>\n<td style=\"border: 0px currentColor;\"><a href=\"https:\/\/www.drehleier-werries.de\/\" target=\"_blank\" rel=\"noopener noreferrer\"><span style=\"font-size: 12pt;\"><strong>Drehleierbauer 5<\/strong><\/span><\/a><\/td>\n<td style=\"border: 0px currentColor;\"><span style=\"font-size: 12pt;\">Andreas Werries lernte ich auf den Drehleier-Tagen kennen. Auch er baut empfehlenswerte Instrumente<br \/>\n<\/span><\/td>\n<\/tr>\n<tr>\n<td style=\"border: 0px currentColor;\"><a href=\"https:\/\/www.audiocavern.com\/\" target=\"_blank\" rel=\"noopener noreferrer\"><span style=\"font-size: 12pt;\"><strong>Tonstudio<\/strong><\/span><\/a><\/td>\n<td style=\"border: 0px currentColor;\"><span style=\"font-size: 12pt;\">My friendly recording studio offers much more than professional recordings. Carsten Drue and Brit Kirschner pamper and offer FULL SERVICE<br \/>\n<\/span><\/td>\n<\/tr>\n<tr>\n<td style=\"border: 0px currentColor;\"><a href=\"https:\/\/www.museum-lissberg.de\" target=\"_blank\" rel=\"noopener noreferrer\"><span style=\"font-size: 12pt;\"><strong>Musical Instruments Museum Li\u00dfberg<\/strong><\/span><\/a><\/td>\n<td style=\"border: 0px currentColor;\"><span style=\"font-size: 12pt;\"><a href=\"https:\/\/claudissimo-music.de\/wp-content\/uploads\/2024\/06\/Lissberg-Museum.jpg\"><img loading=\"lazy\" decoding=\"async\" class=\"alignright wp-image-3938 size-medium\" src=\"https:\/\/claudissimo-music.de\/wp-content\/uploads\/2024\/06\/Lissberg-Museum.jpg\" alt=\"\" width=\"100\" height=\"104\" srcset=\"https:\/\/claudissimo-music.de\/wp-content\/uploads\/2024\/06\/Lissberg-Museum.jpg 395w, https:\/\/claudissimo-music.de\/wp-content\/uploads\/2024\/06\/Lissberg-Museum-289x300.jpg 289w\" sizes=\"auto, (max-width: 100px) 100vw, 100px\" \/><\/a>Always worth a visit.  Great museum, instruments worth seeing.  There are also hurdy-gurdy courses<br \/>\n<\/span><\/td>\n<\/tr>\n<\/tbody>\n<\/table>","protected":false},"excerpt":{"rendered":"<p>Liste der erw\u00e4hnten LINKS Lampenfieberlos Neben meinen Musikaktivit\u00e4ten bin ich ausgebildeter Coach und helfe Ihnen bei diversen pers\u00f6nlichen \u00c4ngsten und Blockaden Colludie Stone Mit dieser Band spielen wir &#8222;fine irish &amp; celtic folk&#8220;. Hier kann ich meine Leidenschaft so richtig ausleben Timber &amp; Tides Meine dreik\u00f6pfige Band, die mit Gitarre, Handpan und Nyckelharpa sowie mehrstimmigem &hellip; <a href=\"https:\/\/claudissimo-music.de\/en\/links\/\" class=\"more-link\">Continue reading <span class=\"screen-reader-text\">Links<\/span> <span class=\"meta-nav\">&rarr;<\/span><\/a><\/p>","protected":false},"author":1,"featured_media":0,"parent":0,"menu_order":0,"comment_status":"closed","ping_status":"closed","template":"","meta":{"_monsterinsights_skip_tracking":false,"_monsterinsights_sitenote_active":false,"_monsterinsights_sitenote_note":"","_monsterinsights_sitenote_category":0,"footnotes":""},"class_list":["post-1361","page","type-page","status-publish","hentry"],"_links":{"self":[{"href":"https:\/\/claudissimo-music.de\/en\/wp-json\/wp\/v2\/pages\/1361","targetHints":{"allow":["GET"]}}],"collection":[{"href":"https:\/\/claudissimo-music.de\/en\/wp-json\/wp\/v2\/pages"}],"about":[{"href":"https:\/\/claudissimo-music.de\/en\/wp-json\/wp\/v2\/types\/page"}],"author":[{"embeddable":true,"href":"https:\/\/claudissimo-music.de\/en\/wp-json\/wp\/v2\/users\/1"}],"replies":[{"embeddable":true,"href":"https:\/\/claudissimo-music.de\/en\/wp-json\/wp\/v2\/comments?post=1361"}],"version-history":[{"count":107,"href":"https:\/\/claudissimo-music.de\/en\/wp-json\/wp\/v2\/pages\/1361\/revisions"}],"predecessor-version":[{"id":4327,"href":"https:\/\/claudissimo-music.de\/en\/wp-json\/wp\/v2\/pages\/1361\/revisions\/4327"}],"wp:attachment":[{"href":"https:\/\/claudissimo-music.de\/en\/wp-json\/wp\/v2\/media?parent=1361"}],"curies":[{"name":"wp","href":"https:\/\/api.w.org\/{rel}","templated":true}]}}