{"id":1044,"date":"2017-10-02T18:55:22","date_gmt":"2017-10-02T16:55:22","guid":{"rendered":"http:\/\/claudissimo-music.de\/?page_id=1044"},"modified":"2023-12-31T16:16:05","modified_gmt":"2023-12-31T15:16:05","slug":"nyckelharpa-unterricht","status":"publish","type":"page","link":"https:\/\/claudissimo-music.de\/en\/nyckelharpa-unterricht\/","title":{"rendered":"Nyckelharpa lessons"},"content":{"rendered":"<h1><span style=\"font-family: comic sans ms, sans-serif; font-size: 16pt; color: #9635bd;\">Individual nyckelharpa lessons<\/span><\/h1>\n<p><a href=\"https:\/\/claudissimo-music.de\/wp-content\/uploads\/2023\/12\/Claudia_mit_Nyck.jpg\"><img loading=\"lazy\" decoding=\"async\" class=\"alignleft size-medium wp-image-3615\" src=\"https:\/\/claudissimo-music.de\/wp-content\/uploads\/2023\/12\/Claudia_mit_Nyck.jpg\" alt=\"\" width=\"194\" height=\"183\" srcset=\"https:\/\/claudissimo-music.de\/wp-content\/uploads\/2023\/12\/Claudia_mit_Nyck.jpg 1864w, https:\/\/claudissimo-music.de\/wp-content\/uploads\/2023\/12\/Claudia_mit_Nyck-300x283.jpg 300w, https:\/\/claudissimo-music.de\/wp-content\/uploads\/2023\/12\/Claudia_mit_Nyck-1024x965.jpg 1024w, https:\/\/claudissimo-music.de\/wp-content\/uploads\/2023\/12\/Claudia_mit_Nyck-768x724.jpg 768w, https:\/\/claudissimo-music.de\/wp-content\/uploads\/2023\/12\/Claudia_mit_Nyck-1536x1448.jpg 1536w\" sizes=\"auto, (max-width: 194px) 100vw, 194px\" \/><\/a>In addition to learning the basics or building and expanding their repertoire, they also learn intensive bowing techniques, melody playing techniques, stretching and strengthening exercises.<\/p>\n<p><div id=\"metaslider-id-1049\" style=\"width: 100%; margin: 0 auto;\" class=\"ml-slider-3-101-0 metaslider metaslider-nivo metaslider-1049 ml-slider ms-theme-default\" role=\"region\" aria-label=\"Nyckelharpa lessons\" data-height=\"530\" data-width=\"800\">\n    <div id=\"metaslider_container_1049\">\n        <div class='slider-wrapper theme-default'><div class='ribbon'><\/div><div id='metaslider_1049' class='nivoSlider'><img loading=\"lazy\" decoding=\"async\" src=\"https:\/\/claudissimo-music.de\/wp-content\/uploads\/2023\/12\/20231229_142111-1-scaled-800x530.jpg\" height=\"530\" width=\"800\" title=\"20231229_142111-1\" alt=\"\" class=\"slider-1049 slide-3623 msDefaultImage\" \/><img loading=\"lazy\" decoding=\"async\" src=\"https:\/\/claudissimo-music.de\/wp-content\/uploads\/2023\/12\/20231229_142139-1-scaled-800x530.jpg\" height=\"530\" width=\"800\" title=\"20231229_142139-1\" alt=\"\" class=\"slider-1049 slide-3625 msDefaultImage\" \/><img loading=\"lazy\" decoding=\"async\" src=\"https:\/\/claudissimo-music.de\/wp-content\/uploads\/2023\/12\/20231229_142227-1-scaled-800x530.jpg\" height=\"530\" width=\"800\" title=\"20231229_142227-1\" alt=\"\" class=\"slider-1049 slide-3624 msDefaultImage\" \/><\/div><\/div>\n        \n    <\/div>\n<\/div><br \/>\nThe pictures show an example of a nyckelharpa lesson in the form of a 60 minute private lesson.<\/p>\n<p><span style=\"color: #3735ab;\"><strong>We agree on the duration and frequency of lessons together.<\/strong><\/span><br \/>\n<a href=\"http:\/\/claudissimo-music.de\/wp-content\/uploads\/2018\/01\/Claudia_spielt_Nyckelharpa3.jpg\"><img loading=\"lazy\" decoding=\"async\" class=\"size-medium wp-image-1391 alignright\" src=\"http:\/\/claudissimo-music.de\/wp-content\/uploads\/2018\/01\/Claudia_spielt_Nyckelharpa3-300x222.jpg\" alt=\"\" width=\"300\" height=\"222\" srcset=\"https:\/\/claudissimo-music.de\/wp-content\/uploads\/2018\/01\/Claudia_spielt_Nyckelharpa3-300x222.jpg 300w, https:\/\/claudissimo-music.de\/wp-content\/uploads\/2018\/01\/Claudia_spielt_Nyckelharpa3-768x568.jpg 768w, https:\/\/claudissimo-music.de\/wp-content\/uploads\/2018\/01\/Claudia_spielt_Nyckelharpa3-1024x758.jpg 1024w, https:\/\/claudissimo-music.de\/wp-content\/uploads\/2018\/01\/Claudia_spielt_Nyckelharpa3.jpg 1280w\" sizes=\"auto, (max-width: 300px) 100vw, 300px\" \/><\/a><\/p>\n<p>The lesson content is also adapted and carried out entirely according to your wishes.<\/p>","protected":false},"excerpt":{"rendered":"<p>Individueller Nyckelharpa Unterricht Sie erlernen neben Grundlagen oder Aufbau und Erweiterung ihres Repertoires auch intensiv Bogentechniken, Melodiespieltechniken, Dehnungs- und Kr\u00e4ftigungs\u00fcbungen. Die Bilder zeigen exemplarisch\u00a0einen Nyckelharpa\u00a0Unterricht in Form eines 60 min.\u00a0 Einzelunterricht. Unterrichtsdauer und H\u00e4ufigkeit stimmen wir gemeinsam ab. Auch der Unterrichtsinhalt wird ganz nach Ihren W\u00fcnschen angepasst und durchgef\u00fchrt.<\/p>","protected":false},"author":1,"featured_media":0,"parent":0,"menu_order":0,"comment_status":"closed","ping_status":"closed","template":"","meta":{"_monsterinsights_skip_tracking":false,"_monsterinsights_sitenote_active":false,"_monsterinsights_sitenote_note":"","_monsterinsights_sitenote_category":0,"footnotes":""},"class_list":["post-1044","page","type-page","status-publish","hentry"],"_links":{"self":[{"href":"https:\/\/claudissimo-music.de\/en\/wp-json\/wp\/v2\/pages\/1044","targetHints":{"allow":["GET"]}}],"collection":[{"href":"https:\/\/claudissimo-music.de\/en\/wp-json\/wp\/v2\/pages"}],"about":[{"href":"https:\/\/claudissimo-music.de\/en\/wp-json\/wp\/v2\/types\/page"}],"author":[{"embeddable":true,"href":"https:\/\/claudissimo-music.de\/en\/wp-json\/wp\/v2\/users\/1"}],"replies":[{"embeddable":true,"href":"https:\/\/claudissimo-music.de\/en\/wp-json\/wp\/v2\/comments?post=1044"}],"version-history":[{"count":13,"href":"https:\/\/claudissimo-music.de\/en\/wp-json\/wp\/v2\/pages\/1044\/revisions"}],"predecessor-version":[{"id":3621,"href":"https:\/\/claudissimo-music.de\/en\/wp-json\/wp\/v2\/pages\/1044\/revisions\/3621"}],"wp:attachment":[{"href":"https:\/\/claudissimo-music.de\/en\/wp-json\/wp\/v2\/media?parent=1044"}],"curies":[{"name":"wp","href":"https:\/\/api.w.org\/{rel}","templated":true}]}}